{"id":99,"date":"2013-02-19T18:00:51","date_gmt":"2013-02-19T17:00:51","guid":{"rendered":"http:\/\/magnetovitalrendelo.hu\/rendelo\/?page_id=99"},"modified":"2014-12-13T09:49:50","modified_gmt":"2014-12-13T08:49:50","slug":"radiesztezia","status":"publish","type":"page","link":"http:\/\/magnetovitalrendelo.hu\/rendelo\/arlista\/radiesztezia\/","title":{"rendered":"Radieszt\u00e9zia"},"content":{"rendered":"<p><strong>Rendel\u0151i aura-m\u00e9r\u00e9s:<\/strong> 5.000 Ft<\/p>\n<p><strong>Helysz\u00edni m\u00e9r\u00e9s:<\/strong> 5.000 Ft \/ szoba<\/p>\n<p><strong>\u00c1rny\u00e9kol\u00f3lapok:<\/strong> 9.000 Ft \/ darab<\/p>\n<p><strong>Kisz\u00e1ll\u00e1si d\u00edj: <\/strong><\/p>\n<ul>\n<li>3.000 Ft Budapesten<\/li>\n<li>70 Ft \/ km + aut\u00f3p\u00e1lyad\u00edj<\/li>\n<\/ul>\n","protected":false},"excerpt":{"rendered":"<p>Rendel\u0151i aura-m\u00e9r\u00e9s: 5.000 Ft Helysz\u00edni m\u00e9r\u00e9s: 5.000 Ft \/ szoba \u00c1rny\u00e9kol\u00f3lapok: 9.000 Ft \/ darab Kisz\u00e1ll\u00e1si d\u00edj: 3.000 Ft Budapesten 70 Ft \/ km + aut\u00f3p\u00e1lyad\u00edj<\/p>\n","protected":false},"author":1,"featured_media":0,"parent":94,"menu_order":0,"comment_status":"closed","ping_status":"closed","template":"","meta":{"_mi_skip_tracking":false},"_links":{"self":[{"href":"http:\/\/magnetovitalrendelo.hu\/rendelo\/wp-json\/wp\/v2\/pages\/99"}],"collection":[{"href":"http:\/\/magnetovitalrendelo.hu\/rendelo\/wp-json\/wp\/v2\/pages"}],"about":[{"href":"http:\/\/magnetovitalrendelo.hu\/rendelo\/wp-json\/wp\/v2\/types\/page"}],"author":[{"embeddable":true,"href":"http:\/\/magnetovitalrendelo.hu\/rendelo\/wp-json\/wp\/v2\/users\/1"}],"replies":[{"embeddable":true,"href":"http:\/\/magnetovitalrendelo.hu\/rendelo\/wp-json\/wp\/v2\/comments?post=99"}],"version-history":[{"count":1,"href":"http:\/\/magnetovitalrendelo.hu\/rendelo\/wp-json\/wp\/v2\/pages\/99\/revisions"}],"predecessor-version":[{"id":1366,"href":"http:\/\/magnetovitalrendelo.hu\/rendelo\/wp-json\/wp\/v2\/pages\/99\/revisions\/1366"}],"up":[{"embeddable":true,"href":"http:\/\/magnetovitalrendelo.hu\/rendelo\/wp-json\/wp\/v2\/pages\/94"}],"wp:attachment":[{"href":"http:\/\/magnetovitalrendelo.hu\/rendelo\/wp-json\/wp\/v2\/media?parent=99"}],"curies":[{"name":"wp","href":"https:\/\/api.w.org\/{rel}","templated":true}]}}