{"id":95,"date":"2013-02-19T17:56:32","date_gmt":"2013-02-19T16:56:32","guid":{"rendered":"http:\/\/magnetovitalrendelo.hu\/rendelo\/?page_id=95"},"modified":"2015-07-29T09:11:54","modified_gmt":"2015-07-29T07:11:54","slug":"rendeloi","status":"publish","type":"page","link":"http:\/\/magnetovitalrendelo.hu\/rendelo\/arlista\/rendeloi\/","title":{"rendered":"Rendel\u0151i"},"content":{"rendered":"<div class=\"printfriendly pf-button \"><a href=\"http:\/\/magnetovitalrendelo.hu\/rendelo\/arlista\/rendeloi\/?pfstyle=wp\" rel=\"nofollow\"  title=\"Printer Friendly, PDF & Email\"><img src=\"http:\/\/magnetovitalrendelo.hu\/k\/pf-button-both.gif\" alt=\"Print Friendly, PDF & Email\" class=\"pf-button-img\" style=\"\"  \/><\/a><\/div>\n<p>Annak ellen\u00e9re, hogy a m\u0171k\u00f6d\u00e9si k\u00f6lts\u00e9gek tov\u00e1bbi jelent\u0151s emelked\u00e9se tapasztalhat\u00f3, szeretn\u00e9nk kedvezni mindazon kedves betegeinknek, akik a saj\u00e1t eg\u00e9szs\u00e9g\u00fckr\u0151l felel\u0151sen gondolkodnak, rendszeresen ellen\u0151riztetik magukat, \u00e9s hozz\u00e1nk h\u0171s\u00e9gesek, ez\u00e9rt a sz\u00e1mukra 2013-ban nem emel\u00fcnk \u00e1rat.<\/p>\n<table border=\"1\" width=\"900\">\n<tbody>\n<tr>\n<td style=\"text-align: center;\" colspan=\"2\">\n<h2><span style=\"color: #993300;\"><strong>Vizsg\u00e1lati \u00e9s kezel\u00e9si \u00e1rlista <\/strong>(\u00e9rv\u00e9nyes 2014 01.01.-t\u0151l visszavon\u00e1sig)<\/span><\/h2>\n<\/td>\n<\/tr>\n<tr>\n<td><strong>Els\u0151 vizsg\u00e1lat<\/strong> (anamn\u00e9zis felv\u00e9tele + n\u0151gy\u00f3gy\u00e1szati vizsg\u00e1lat + r\u00e1ksz\u0171r\u00e9s + v\u00e1lad\u00e9kvizsg\u00e1lat + eml\u0151sz\u0171r\u00e9s)<\/td>\n<td>15.000 Ft<\/td>\n<\/tr>\n<tr>\n<td style=\"text-align: center;\" colspan=\"2\">\n<h3><span style=\"color: #3366ff;\"><strong>Vizsg\u00e1latra \u00e9s ellen\u0151rz\u00e9sre megbesz\u00e9l\u00e9s szerinti rendszeress\u00e9ggel jelentkez\u0151 betegeink sz\u00e1m\u00e1ra:<\/strong><\/span><\/h3>\n<\/td>\n<\/tr>\n<tr>\n<td><strong>Id\u0151szakos r\u00e1ksz\u0171r\u0151-vizsg\u00e1lat<\/strong> (kolposzk\u00f3pia + cytol\u00f3gia + eml\u0151sz\u0171r\u00e9s)<strong>F\u00e9l\u00e9venk\u00e9nti r\u00e1ksz\u0171r\u0151 vizsg\u00e1lat<\/strong><strong>Negyed\u00e9venk\u00e9nti r\u00e1ksz\u0171r\u0151 vizsg\u00e1lat<\/strong><\/td>\n<td>12.000 Ft11.000 Ft10.000 Ft<\/td>\n<\/tr>\n<tr>\n<td><strong>Ellen\u0151rz\u0151 n\u0151gy\u00f3gy\u00e1szati vizsg\u00e1lat<\/strong><\/td>\n<td>9.000 Ft<\/td>\n<\/tr>\n<tr>\n<td><strong>HPV- vagy Chlamydia-teszt, Leiden-mut\u00e1ci\u00f3s teszt<\/strong><\/td>\n<td>15.000 Ft<\/td>\n<\/tr>\n<tr>\n<td><strong>V\u00e1lad\u00e9k- \u00e9s egy\u00e9b teny\u00e9szt\u00e9s<\/strong><\/td>\n<td>8.000 Ft<\/td>\n<\/tr>\n<tr>\n<td><strong>Kismam\u00e1k gondoz\u00e1sba v\u00e9tele<\/strong><\/td>\n<td>9.000 Ft<\/td>\n<\/tr>\n<tr>\n<td><strong>Rendszeres kismama-gondoz\u00e1si ellen\u0151rz\u00e9s<\/strong><\/td>\n<td>9.000 Ft<\/td>\n<\/tr>\n<tr>\n<td><strong>Konzult\u00e1ci\u00f3s d\u00edj hozott leletek alapj\u00e1n<\/strong><\/td>\n<td>15.000 Ft<\/td>\n<\/tr>\n<tr>\n<td><strong>Recept\u00edr\u00e1s, gy\u00f3gyszerrendel\u00e9s<\/strong><\/td>\n<td>2.000 Ft<\/td>\n<\/tr>\n<tr>\n<td><strong>M\u00e9r\u00e9ssel egy\u00e9nre adapt\u00e1lt homeop\u00e1ti\u00e1s cseppek<\/strong><\/td>\n<td>2.000 Ft \/ \u00fcveg<\/td>\n<\/tr>\n<tr>\n<td><strong>Ez\u00fcstkolloid \u00e9s az \u00e1ltalunk k\u00f6zvet\u00edtett t\u00e1pl\u00e1l\u00e9kkieg\u00e9sz\u00edt\u0151k<\/strong><\/td>\n<td>aktu\u00e1lis beszerz\u00e9si \u00e1ron<\/td>\n<\/tr>\n<tr>\n<td style=\"text-align: center;\" colspan=\"2\">\n<h3><span style=\"color: #3366ff;\"><strong>A rendszeres vizsg\u00e1latot, visszarendel\u00e9st 1 h\u00f3napn\u00e1l hosszabb id\u0151vel elmulaszt\u00f3 vagy csak alkalmilag jelentkez\u0151 betegek sz\u00e1m\u00e1ra eg\u00e9szs\u00e9gnevel\u0151 sz\u00e1nd\u00e9kkal:<\/strong><\/span><\/h3>\n<\/td>\n<\/tr>\n<tr>\n<td><strong>R\u00e1ksz\u0171r\u0151 vizsg\u00e1lat<\/strong><\/td>\n<td>15.000 Ft<\/td>\n<\/tr>\n<tr>\n<td><strong>Ellen\u0151rz\u0151 n\u0151gy\u00f3gy\u00e1szati vizsg\u00e1lat<\/strong><\/td>\n<td>12.000 Ft<\/td>\n<\/tr>\n<tr>\n<td colspan=\"2\">\n<h3 style=\"text-align: center;\"><span style=\"color: #ff0000;\"><strong>A rendel\u00e9si id\u0151n k\u00edv\u00fcli s\u00fcrg\u0151ss\u00e9gi, vagy egy\u00e9ni k\u00e9r\u00e9s alapj\u00e1n v\u00e9gzett vizsg\u00e1latok fel\u00e1ra 100 %, h\u00e9tv\u00e9g\u00e9n \u00e9s \u00fcnnepnapon 150 %<\/strong><\/span><\/h3>\n<h3 style=\"text-align: center;\"><span style=\"color: #ff0000;\"><strong>A vis maior kiv\u00e9tel\u00e9vel 24 \u00f3r\u00e1n bel\u00fcl lemondott, az \u00f6nhib\u00e1b\u00f3l elmulasztott, vagy a le nem mondott vizsg\u00e1latokat teljes \u00e1rban ki kell fizetni!<\/strong><\/span><\/h3>\n<h3 style=\"text-align: center;\"><span style=\"color: #ff0000;\"><strong>Vizsg\u00e1lat SMS-ben nem lemondhat\u00f3!<\/strong><\/span><\/h3>\n<\/td>\n<\/tr>\n<tr>\n<td><strong>IUD-felhelyez\u00e9s<\/strong> (IUD \u00e1ra n\u00e9lk\u00fcl) <strong>\u00e9s lev\u00e9tel<\/strong><\/td>\n<td>12.000 Ft<\/td>\n<\/tr>\n<tr>\n<td><strong>M\u00e9hnyaksebek konzervat\u00edv kezel\u00e9se<\/strong><\/td>\n<td>8.000 Ft<\/td>\n<\/tr>\n<tr>\n<td><strong>Condyloma-elt\u00e1vol\u00edt\u00e1s<\/strong> (sz\u00f6vettani vizsg\u00e1lattal)<\/td>\n<td>15.000 Ft<\/td>\n<\/tr>\n<tr>\n<td><strong>Varrat- vagy kapocsszed\u00e9s, sebkezel\u00e9s<\/strong><\/td>\n<td>8.000 Ft<\/td>\n<\/tr>\n<tr>\n<td><strong>Injekci\u00f3 bead\u00e1sa<\/strong><\/td>\n<td>3.000 Ft<\/td>\n<\/tr>\n<tr>\n<td><strong>A rendel\u0151ben elv\u00e9gezhet\u0151 kism\u0171t\u00e9tek \u00e9s a sz\u00f6vettani vizsg\u00e1lat<\/strong><\/td>\n<td>15.000 Ft<\/td>\n<\/tr>\n<tr>\n<td><strong>K\u00f3rh\u00e1zi kism\u0171t\u00e9tek<\/strong><\/td>\n<td>20.000 Ft<\/td>\n<\/tr>\n<tr>\n<td><strong>M\u00e1gnester\u00e1pi\u00e1s- \u00e9s agytr\u00e9ner-kezel\u00e9s<\/strong><\/td>\n<td>5.000 Ft<\/td>\n<\/tr>\n<tr>\n<td style=\"text-align: center;\" colspan=\"2\">\n<h3><span style=\"color: #3366ff;\"><strong>\u00c1llapotfelm\u00e9r\u00e9sek \u00e1rlist\u00e1ja:<\/strong><\/span><\/h3>\n<\/td>\n<\/tr>\n<tr>\n<td><strong>CardioScan \u00e1llapotfelm\u00e9r\u0151 teszt \u00e9s ter\u00e1pi\u00e1s tan\u00e1csad\u00e1s<br \/>\n<\/strong><\/td>\n<td>8.000 Ft<\/td>\n<\/tr>\n<\/tbody>\n<\/table>\n<div class=\"printfriendly pf-button \"><a href=\"http:\/\/magnetovitalrendelo.hu\/rendelo\/arlista\/rendeloi\/?pfstyle=wp\" rel=\"nofollow\"  title=\"Printer Friendly, PDF & Email\"><img src=\"http:\/\/magnetovitalrendelo.hu\/k\/pf-button-both.gif\" alt=\"Print Friendly, PDF & Email\" class=\"pf-button-img\" style=\"\"  \/><\/a><\/div>\n","protected":false},"excerpt":{"rendered":"<p>Annak ellen\u00e9re, hogy a m\u0171k\u00f6d\u00e9si k\u00f6lts\u00e9gek tov\u00e1bbi jelent\u0151s emelked\u00e9se tapasztalhat\u00f3, szeretn\u00e9nk kedvezni mindazon kedves betegeinknek, akik a saj\u00e1t eg\u00e9szs\u00e9g\u00fckr\u0151l felel\u0151sen gondolkodnak, rendszeresen ellen\u0151riztetik magukat, \u00e9s hozz\u00e1nk h\u0171s\u00e9gesek, ez\u00e9rt a sz\u00e1mukra 2013-ban nem emel\u00fcnk \u00e1rat. Vizsg\u00e1lati \u00e9s kezel\u00e9si \u00e1rlista (\u00e9rv\u00e9nyes 2014 01.01.-t\u0151l visszavon\u00e1sig) Els\u0151 vizsg\u00e1lat (anamn\u00e9zis felv\u00e9tele + n\u0151gy\u00f3gy\u00e1szati vizsg\u00e1lat + r\u00e1ksz\u0171r\u00e9s + v\u00e1lad\u00e9kvizsg\u00e1lat + eml\u0151sz\u0171r\u00e9s) [&hellip;]<\/p>\n","protected":false},"author":1,"featured_media":0,"parent":94,"menu_order":0,"comment_status":"closed","ping_status":"closed","template":"templates\/template-full.php","meta":{"_mi_skip_tracking":false},"_links":{"self":[{"href":"http:\/\/magnetovitalrendelo.hu\/rendelo\/wp-json\/wp\/v2\/pages\/95"}],"collection":[{"href":"http:\/\/magnetovitalrendelo.hu\/rendelo\/wp-json\/wp\/v2\/pages"}],"about":[{"href":"http:\/\/magnetovitalrendelo.hu\/rendelo\/wp-json\/wp\/v2\/types\/page"}],"author":[{"embeddable":true,"href":"http:\/\/magnetovitalrendelo.hu\/rendelo\/wp-json\/wp\/v2\/users\/1"}],"replies":[{"embeddable":true,"href":"http:\/\/magnetovitalrendelo.hu\/rendelo\/wp-json\/wp\/v2\/comments?post=95"}],"version-history":[{"count":2,"href":"http:\/\/magnetovitalrendelo.hu\/rendelo\/wp-json\/wp\/v2\/pages\/95\/revisions"}],"predecessor-version":[{"id":1437,"href":"http:\/\/magnetovitalrendelo.hu\/rendelo\/wp-json\/wp\/v2\/pages\/95\/revisions\/1437"}],"up":[{"embeddable":true,"href":"http:\/\/magnetovitalrendelo.hu\/rendelo\/wp-json\/wp\/v2\/pages\/94"}],"wp:attachment":[{"href":"http:\/\/magnetovitalrendelo.hu\/rendelo\/wp-json\/wp\/v2\/media?parent=95"}],"curies":[{"name":"wp","href":"https:\/\/api.w.org\/{rel}","templated":true}]}}