{"id":90,"date":"2013-02-19T17:52:42","date_gmt":"2013-02-19T16:52:42","guid":{"rendered":"http:\/\/magnetovitalrendelo.hu\/rendelo\/?page_id=90"},"modified":"2019-05-10T15:09:51","modified_gmt":"2019-05-10T13:09:51","slug":"ajanlataink","status":"publish","type":"page","link":"http:\/\/magnetovitalrendelo.hu\/rendelo\/ajanlataink\/","title":{"rendered":"Aj\u00e1nlataink"},"content":{"rendered":"<ul>\n<li>\n<h3><a href=\"http:\/\/www.bestbuynet.hu\/brainsync.htm\" target=\"_blank\" rel=\"noopener noreferrer\">Agyhull\u00e1mhangol\u00f3 CD-k megrendel\u00e9se<\/a><\/h3>\n<\/li>\n<li>\n<h3><a href=\"http:\/\/www.now-biovitamin.hu\/d-mannoz\/d+mannoz+rendeles.htm\" target=\"_blank\" rel=\"noopener noreferrer\">D-Mann\u00f3z-rendel\u00e9s<\/a><\/h3>\n<\/li>\n<li>\n<h3><a href=\"http:\/\/www.suryan.hu\/kolloid-oldatok\/ezustoldat-200ml-ezustkolloid.html\" target=\"_blank\" rel=\"noopener noreferrer\">Ez\u00fcstkolloid-sz\u00e1ll\u00edt\u00e1s<\/a><\/h3>\n<\/li>\n<li>\n<h3><a href=\"http:\/\/magnetovital.hu\/?page_id=1204\" target=\"_blank\" rel=\"noopener noreferrer\">Ganoderm<\/a><\/h3>\n<\/li>\n<li>\n<h3><a href=\"https:\/\/menstrualcup.co\/shop\/products\/Milex-Wide-Seal-Omniflex-diaphragm.html?lang=en\" target=\"_blank\" rel=\"noopener noreferrer\">H\u00fcvelyi pessz\u00e1rium beszerz\u00e9se<\/a><\/h3>\n<\/li>\n<li>\n<h3><a href=\"http:\/\/www.jomtom.hu\/ladycup_mi_ez.html\" target=\"_blank\" rel=\"noopener noreferrer\">Lady Cup beszerz\u00e9s<\/a><\/h3>\n<\/li>\n<li>\n<h3><a href=\"http:\/\/www.tade-biohaz.hu\/index.php?option=com_content&amp;view=article&amp;id=22&amp;Itemid=17&amp;lang=hu\" target=\"_blank\" rel=\"noopener noreferrer\">Testgyertya-beszerz\u00e9s<\/a><\/h3>\n<\/li>\n<\/ul>\n","protected":false},"excerpt":{"rendered":"<p>Agyhull\u00e1mhangol\u00f3 CD-k megrendel\u00e9se D-Mann\u00f3z-rendel\u00e9s Ez\u00fcstkolloid-sz\u00e1ll\u00edt\u00e1s Ganoderm H\u00fcvelyi pessz\u00e1rium beszerz\u00e9se Lady Cup beszerz\u00e9s Testgyertya-beszerz\u00e9s<\/p>\n","protected":false},"author":1,"featured_media":0,"parent":0,"menu_order":0,"comment_status":"closed","ping_status":"closed","template":"","meta":{"_mi_skip_tracking":false},"_links":{"self":[{"href":"http:\/\/magnetovitalrendelo.hu\/rendelo\/wp-json\/wp\/v2\/pages\/90"}],"collection":[{"href":"http:\/\/magnetovitalrendelo.hu\/rendelo\/wp-json\/wp\/v2\/pages"}],"about":[{"href":"http:\/\/magnetovitalrendelo.hu\/rendelo\/wp-json\/wp\/v2\/types\/page"}],"author":[{"embeddable":true,"href":"http:\/\/magnetovitalrendelo.hu\/rendelo\/wp-json\/wp\/v2\/users\/1"}],"replies":[{"embeddable":true,"href":"http:\/\/magnetovitalrendelo.hu\/rendelo\/wp-json\/wp\/v2\/comments?post=90"}],"version-history":[{"count":2,"href":"http:\/\/magnetovitalrendelo.hu\/rendelo\/wp-json\/wp\/v2\/pages\/90\/revisions"}],"predecessor-version":[{"id":8130,"href":"http:\/\/magnetovitalrendelo.hu\/rendelo\/wp-json\/wp\/v2\/pages\/90\/revisions\/8130"}],"wp:attachment":[{"href":"http:\/\/magnetovitalrendelo.hu\/rendelo\/wp-json\/wp\/v2\/media?parent=90"}],"curies":[{"name":"wp","href":"https:\/\/api.w.org\/{rel}","templated":true}]}}