{"id":850,"date":"2013-03-15T17:57:44","date_gmt":"2013-03-15T16:57:44","guid":{"rendered":"http:\/\/magnetovitalrendelo.hu\/rendelo\/?page_id=850"},"modified":"2014-12-15T09:45:43","modified_gmt":"2014-12-15T08:45:43","slug":"ganoderma","status":"publish","type":"page","link":"http:\/\/magnetovitalrendelo.hu\/rendelo\/szolgaltatasaink-2\/taplalek-kiegeszitok\/ganoderma\/","title":{"rendered":"Ganoderma"},"content":{"rendered":"<div class=\"printfriendly pf-button \"><a href=\"http:\/\/magnetovitalrendelo.hu\/rendelo\/szolgaltatasaink-2\/taplalek-kiegeszitok\/ganoderma\/?pfstyle=wp\" rel=\"nofollow\"  title=\"Printer Friendly, PDF & Email\"><img src=\"http:\/\/magnetovitalrendelo.hu\/k\/pf-button-both.gif\" alt=\"Print Friendly, PDF & Email\" class=\"pf-button-img\" style=\"\"  \/><\/a><\/div>\n<h3><span style=\"color: #3366ff;\">Ganoderma &#8211; A gy\u00f3gyn\u00f6v\u00e9nyek kir\u00e1lya<\/span><\/h3>\n<p>A gy\u00f3gyn\u00f6v\u00e9nyek kir\u00e1lya, <strong><span style=\"color: #3366ff;\">GANODERMA<\/span><\/strong>: k\u00ednaiul Linghzi, jap\u00e1nul Red Reishi (az \u00e9let gomb\u00e1ja).<\/p>\n<p>Az \u00f6r\u00f6k \u00e9let titk\u00e1t sokan \u00e9s r\u00e9g\u00f3ta pr\u00f3b\u00e1lj\u00e1k megfejteni. A tud\u00f3sok szerint az ember genetikailag 100-120 \u00e9vre van k\u00f3dolva. Ennek ellen\u00e9re manaps\u00e1g egyre kevesebben \u00e9rik meg a 80. \u00e9vet. Ennek sz\u00e1mos oka van, amelyek k\u00fcl\u00f6n-k\u00fcl\u00f6n, de egy\u00fcttesen is cs\u00f6kkentik \u00e9let\u00e9veink sz\u00e1m\u00e1t. Az egyik f\u0151 ok a megv\u00e1ltozott \u00e9letvitel\u00fcnk. A stressz rombol\u00f3 hat\u00e1s\u00e1r\u00f3l senkit sem kell meggy\u0151zni. A mozg\u00e1shi\u00e1ny \u00e9s t\u00e1pl\u00e1lkoz\u00e1si szok\u00e1saink megv\u00e1ltoz\u00e1sa tov\u00e1bbi t\u00e9nyez\u0151k. Ezek ellen az\u00e9rt tudunk tenni.<\/p>\n<p>Egyre t\u00f6bben l\u00e1tj\u00e1k be, hogy az eg\u00e9szs\u00e9get megtartani sokkal k\u00f6nnyebb, mint visszaszerezni. Ez term\u00e9szetesen \u00e1ldozatokkal, f\u0151k\u00e9pp anyagi \u00e1ldozatokkal j\u00e1r. Fitnesz b\u00e9rleteket, sportszereket sajnos egyre kevesebben engedhetnek meg maguknak, de mozogni b\u00e1rhol lehet. Enn\u00e9l fontosabbnak tartom a helyes t\u00e1pl\u00e1lkoz\u00e1st. A riaszt\u00f3 jelz\u00e9sek m\u00e1r r\u00e9g\u00f3ta \u00e9rkeznek. A glut\u00e9n-, lakt\u00f3z-\u00e9rz\u00e9kenys\u00e9g, a gyomor\u00e9g\u00e9s, reflux, hasmen\u00e9s, szorul\u00e1s mind azt jelentik, hogy az em\u00e9szt\u0151rendszer\u00fcnk nem m\u0171k\u00f6dik megfelel\u0151en. M\u00e1r Hippokrat\u00e9sz is megmondta, hogy a hal\u00e1l a vastagb\u00e9lben van.<\/p>\n<p>A m\u00e9dia is felismerte ennek hihetetlen jelent\u0151s\u00e9g\u00e9t, egyre t\u00f6bb f\u0151z\u0151s, eg\u00e9szs\u00e9ges \u00e9letm\u00f3dot n\u00e9pszer\u0171s\u00edt\u0151 m\u0171sor l\u00e1that\u00f3, szinte naponta jelennek meg \u00faj szak\u00e1cs-, vagy recept-k\u00f6nyvek, f\u00fczetek. Egyvalamir\u0151l ellenben megfeledkez\u00fcnk. A t\u00e1pl\u00e1lkoz\u00e1s l\u00e9nyege, hogy szervezet\u00fcnk megkapja a m\u0171k\u00f6d\u00e9s\u00e9hez elengedhetetlen t\u00e1panyagait. Van azonban egy hatalmas probl\u00e9ma. Mivel egyre t\u00f6bben vagyunk, ez\u00e9rt a mez\u0151gazdas\u00e1g \u00e1t\u00e1llt a mennyis\u00e9gi termel\u00e9sre. A term\u0151ter\u00fcletek m\u00e1r \u00e9vek \u00f3ta csak azokat az \u00f6sszetev\u0151ket tartalmazz\u00e1k, amivel a n\u00f6v\u00e9nyek \u00e9pphogy meghozz\u00e1k term\u00e9s\u00fcket, de a beltartalmuk szinte nulla. Ez\u00e9rt fogant meg bennem az a gondolat, hogy nem lehet rossz egy olyan n\u00f6v\u00e9ny, amely k\u00f6zel kett\u0151sz\u00e1z \u00e1sv\u00e1nyi anyagot \u00e9s sz\u00e1z antioxid\u00e1nst tartalmaz. Ennek k\u00f6sz\u00f6nhet\u0151, hogy sok helyen gy\u00f3gyn\u00f6v\u00e9nyk\u00e9nt alkalmazz\u00e1k.<\/p>\n<p>Sajnos egyre t\u00f6bb beteg ember van, \u00e9s amikor kider\u00fcl a probl\u00e9ma, hirtelen rengeteg \u201ej\u00f3akar\u00f3\u201d jelenik meg a k\u00f6rnyezet\u00e9ben \u00e9s a csodaszerek garmad\u00e1t akarj\u00e1k eladni arany-\u00e1ron. Ennek k\u00f6sz\u00f6nhet\u0151, hogy az igazi seg\u00edt\u0151 kezet is gyakran elutas\u00edtj\u00e1k. Manaps\u00e1g sok olyan eset fordult el\u0151, hogy bevizsg\u00e1l\u00e1s ut\u00e1n der\u00fclt ki, hogy egyes term\u00e9keknek semmilyen hat\u00f3anyag-tartalmuk nincs, \u00e9s esetleg m\u00e9g k\u00e1rt is tudnak okozni. De ne t\u00e9telezz\u00fcnk fel ezekr\u0151l az emberekr\u0151l rosszat, csak lehet, hogy \u0151ket is f\u00e9lrevezett\u00e9k ezzel kapcsolatosan<\/p>\n<p>A ganoderm\u00e1t t\u00f6bb mint k\u00e9tezer \u00e9ve ismerik \u00e9s haszn\u00e1lj\u00e1k K\u00edn\u00e1ban, Jap\u00e1nban. B\u00e1rki nem ehette meg, ha megtal\u00e1lt egyet, be kellett szolg\u00e1ltatnia, mert csak a cs\u00e1sz\u00e1ri csal\u00e1d kiv\u00e1lts\u00e1ga volt a fogyaszt\u00e1sa.<\/p>\n<p>Nem csoda, ha ennyi id\u0151 alatt b\u0151ven szereztek tapasztalatokat j\u00f3t\u00e9kony hat\u00e1saival kapcsolat-ban.<\/p>\n<h3><span style=\"color: #3366ff;\">A Ganoderma gy\u00f3gyhat\u00e1sai:<\/span><\/h3>\n<p>A Ganoderma t\u00f6bb mint 200 akt\u00edv hat\u00f3anyagot tartalmaz. A legfontosabb \u00f6sszetev\u0151k: a poliszacharidok, amelyek er\u0151s\u00edtik az immunrendszert \u00e9s a szerves k\u00f6t\u00e9sben germ\u00e1nium, szel\u00e9n amelyik n\u00f6veli a v\u00e9r oxig\u00e9ntartalm\u00e1t, fenntartja az anyagcsere-folyamatokat \u00e9s megakad\u00e1lyozza a sz\u00f6vetek rombol\u00f3d\u00e1s\u00e1t (er\u0151s antioxid\u00e1ns).<\/p>\n<h3><span style=\"color: #3366ff;\">A Ganoderma legfontosabb tulajdons\u00e1gai:<\/span><\/h3>\n<p><strong>v\u00e9rtiszt\u00edt\u00f3, salaktalan\u00edt\u00f3, m\u00e1jv\u00e9d\u0151, vesem\u0171k\u00f6d\u00e9s serkent\u0151, sz\u00edver\u0151s\u00edt\u0151, v\u00e9rnyom\u00e1s sza-b\u00e1lyz\u00f3, \u00e1ltal\u00e1nos toniz\u00e1l\u00f3, k\u00f6h\u00f6g\u00e9scsillap\u00edt\u00f3, k\u00f6ptet\u0151, nyugtat\u00f3, vastagb\u00e9ltiszt\u00edt\u00f3 \u00e9s r\u00e1k-ellenes.<\/strong><\/p>\n<p><strong>Dr. Yukio Naoi, a kyotoi egyetem \u201eFoodstuff\u201d Tudom\u00e1nyos Kutat\u00f3i Int\u00e9zet: <\/strong><em>\u201eA Ganoderma val\u00f3ban egy univerz\u00e1lis gy\u00f3gyszer.&#8221;<\/em><\/p>\n<p>Figyelm\u00fcnket nem a t\u00f6rt\u00e9nelem sor\u00e1n legelterjedtebb betegs\u00e9gekre kell ir\u00e1ny\u00edtsuk, hanem a mai kor betegs\u00e9geire. Hogy v\u00e1laszt kapjunk erre a k\u00e9rd\u00e9sre, tizenh\u00e1rom \u00e9ven kereszt\u00fcl, folytonosan kutattuk a Ganoderma tulajdons\u00e1gait \u00e9s felhaszn\u00e1lhat\u00f3s\u00e1g\u00e1t, \u00e9s az eredm\u00e9nyek kiel\u00e9g\u00edt\u0151k voltak. Az els\u0151 k\u00e9rd\u00e9s az, hogy a Ganoderma hat\u00e9kony lehet-e minden fajta betegs\u00e9g eset\u00e9n. A v\u00e1laszunk az, hogy \u201eIgen\u201d, mivel k\u00e9pes a mai kor ember\u00e9nek az eg\u00e9szs\u00e9gi \u00e1llapot\u00e1t fenntartani. Egy beteg eset\u00e9ben, a Ganoderma hat\u00e1ssal lehet szervezete leg\u00e9rz\u00e9kenyebb r\u00e9szeire, felsz\u00ednre hozza, \u00e9s gy\u00f6kereiben megsemmis\u00edti a betegs\u00e9g eredet\u00e9t, ez\u00e1ltal lehet\u0151v\u00e9 teszi a szervezet meggy\u00f3gyul\u00e1s\u00e1t.<\/p>\n<p>Ez a gomba k\u00e9pes egy kiegyens\u00falyozatlan m\u0171k\u00f6d\u00e9s\u0171 szervezetet eg\u00e9szs\u00e9ges \u00e1llapot\u00fara fel-hozni. Ami a Ganoderma hat\u00e9konys\u00e1g\u00e1t illeti nincs k\u00fcl\u00f6nbs\u00e9g az emberfajok k\u00f6z\u00f6tt, a r\u00e9gm\u00falt id\u0151k \u00e9s a mai kor embere k\u00f6z\u00f6tt \u2013 a Ganoderma mindenki eset\u00e9ben hat\u00e9kony; ugyanazon embert\u00edpusok a vil\u00e1g minden t\u00e1j\u00e1r\u00f3l ugyanazon eredm\u00e9nyeket fogj\u00e1k tapasztalni. Azt a t\u00e9nyt, hogy a Ganoderma megfelel b\u00e1rmely p\u00e1ciens testalkat\u00e1nak, egy enged\u00e9llyel rendelkez\u0151 gy\u00f3gyszer hat\u00e9konys\u00e1gak\u00e9nt lehet tekinteni. T\u00e9ny, hogy azon p\u00e1ciensek k\u00f6r\u00e9ben, akik fogyasztott\u00e1k a Ganoderm\u00e1t, egyetlen egy esetben sem \u00e9szleltek negat\u00edv mell\u00e9khat\u00e1st.<\/p>\n<p>A teljes Reishi (Ganoderma) kivonat in vivo \u00e9s in vitro gy\u00f3gyszer\u00e9szeti hat\u00e1sa<\/p>\n<ul>\n<li><span style=\"color: #000080;\">analgetikus, enyh\u00edti a f\u00e1jdalmat;<\/span><\/li>\n<li><span style=\"color: #000080;\">allergia-ellenes;<\/span><\/li>\n<li><span style=\"color: #000080;\">h\u00f6rghurut-megel\u0151z\u0151 (bronchitisz) hat\u00e1s, a h\u00f6rg\u0151 h\u00e1msz\u00f6vet\u00e9nek regener\u00e1l\u00f3d\u00e1s\u00e1t id\u00e9zi el\u0151<\/span><\/li>\n<li><span style=\"color: #000080;\">gyullad\u00e1s-cs\u00f6kkent\u0151;<\/span><\/li>\n<li><span style=\"color: #000080;\">bakt\u00e9rium\u00f6l\u0151, Staphylococcus- \u00e9s Streptococcus pneumoniae-ellenes (serkenti az immunrendszer tev\u00e9kenys\u00e9g\u00e9t);<\/span><\/li>\n<li><span style=\"color: #000080;\">antioxid\u00e1ns, kik\u00fcsz\u00f6b\u00f6li a szabadgy\u00f6k\u00f6ket;<\/span><\/li>\n<li><span style=\"color: #000080;\">daganatk\u00e9pz\u0151d\u00e9s-ellenes tev\u00e9kenys\u00e9g;<\/span><\/li>\n<li><span style=\"color: #000080;\">v\u00edrus\u00f6l\u0151, serkenti az interferon-termel\u00e9st;<\/span><\/li>\n<li><span style=\"color: #000080;\">cs\u00f6kkenti a v\u00e9rnyom\u00e1st;<\/span><\/li>\n<li><span style=\"color: #000080;\">serkenti a csontvel\u0151 magvas sejtjeinek a szaporod\u00e1s\u00e1t;<\/span><\/li>\n<li><span style=\"color: #000080;\">sz\u00edver\u0151s\u00edt\u0151, cs\u00f6kkenti a koleszterin-szintet, an\u00e9lk\u00fcl, hogy kihat\u00e1ssal lenne a trigliceridekre, serkenti a sz\u00edvizom-anyagcsere folyamatait \u00e9s cs\u00f6kkenti a koszor\u00fa\u00e9r haemodinamik\u00e1j\u00e1t;<\/span><\/li>\n<li><span style=\"color: #000080;\">cs\u00f6kkenti az idegrendszerben a k\u00f6zponti \u00e9s perif\u00e9ri\u00e1s antikolinergikus tev\u00e9kenys\u00e9get, cs\u00f6kkentve ez \u00e1ltal a koffein-hat\u00e1st, izomlaz\u00edt\u00f3;<\/span><\/li>\n<li><span style=\"color: #000080;\">serkenti az in vitro NK-immunit\u00e1st;<\/span><\/li>\n<li><span style=\"color: #000080;\">k\u00f6h\u00f6g\u00e9scsillap\u00edt\u00f3 \u00e9s k\u00f6ptet\u0151;<\/span><\/li>\n<li><span style=\"color: #000080;\">\u00e1ltal\u00e1nos immuner\u0151s\u00edt\u0151;<\/span><\/li>\n<li><span style=\"color: #000080;\">HIV-ellenes hat\u00e1s, in vitro \u00e9s in vivo (j\u00f3t\u00e9kony hat\u00e1s AIDS eset\u00e9n);<\/span><\/li>\n<li><span style=\"color: #000080;\">jav\u00edtja a mell\u00e9kvese-k\u00e9reg m\u0171k\u00f6d\u00e9s\u00e9t;<\/span><\/li>\n<li><span style=\"color: #000080;\">n\u00f6veli az interleukin-1 termel\u00e9st;<\/span><\/li>\n<li><span style=\"color: #000080;\">n\u00f6veli az interleukin-2 termel\u00e9st. Fontos, akt\u00edv \u00f6sszetev\u0151k:<\/span><\/li>\n<li><span style=\"color: #000080;\">Beta- \u00e9s hetero-Beta-glucanok (daganat-ellenes, immuner\u0151s\u00edt\u0151)<\/span><\/li>\n<li><span style=\"color: #000080;\">Ling Zhi-8 protein (allergia-ellenes, immunmodulator)<\/span><\/li>\n<li><span style=\"color: #000080;\">Ganodermikus triterp\u00e9nsav (allergia ellenes, cs\u00f6kkenti a koleszterin szintet \u00e9s a v\u00e9rnyom\u00e1st)<\/span><\/li>\n<\/ul>\n<p>(United Kingdom Cancer Research Institute &#8211; kivonat)<\/p>\n<h3><span style=\"color: #3366ff;\">Hogyan hat a Ganoderma?<\/span><\/h3>\n<p><strong>A Ganoderma szervezet\u00fcnkre val\u00f3 gy\u00f3gyhat\u00e1sait \u00f6t l\u00e9p\u00e9sben fejti ki:<\/strong><\/p>\n<ol>\n<li>Az eg\u00e9szs\u00e9gi \u00e1llapot felm\u00e9r\u00e9se (1-30 nap) A Ganoderma seg\u00edt szervezet\u00fcnkben a rejtett betegs\u00e9gek \u00e9s m\u00e9reganyagok felt\u00e9rk\u00e9pez\u00e9s\u00e9ben \u00e9s a szervezet funkci\u00f3inak a helyre\u00e1ll\u00edt\u00e1s\u00e1ban. E folyamatok alatt szervezet\u00fcnkben \u201eellenreakci\u00f3k\u201d-k\u00e9nt ismert jelens\u00e9gek fognak jelentkezni. Ezek a reakci\u00f3k nem mell\u00e9khat\u00e1sok, hanem seg\u00edtenek azonos\u00edtani a probl\u00e9m\u00e1s z\u00f3n\u00e1kat.<\/li>\n<li>Tiszt\u00edt\u00e1s-m\u00e9regtelen\u00edt\u00e9s (1-30 h\u00e9t) A \u201em\u00e9reganyagok kiv\u00e1laszt\u00e1s\u00e1nak mestere\u201d-k\u00e9nt is is-mert a Ganoderma. Kik\u00fcsz\u00f6b\u00f6li a h\u00fagysav, tejsav \u00e9s koleszterin t\u00f6bbleteket, zs\u00edrlerak\u00f3d\u00e1sokat, halott sejteket \u00e9s a szervezetben felgy\u0171lt salakanyagokat. A m\u00e9reganyagok a v\u00e9rben keringenek \u00e9s (a m\u00e1j \u00e9s a vese seg\u00edts\u00e9g\u00e9vel) a vizelet, sz\u00e9klet \u00e1ltal, de az izzads\u00e1g, v\u00e1lad\u00e9kok \u00fatj\u00e1n is t\u00e1voznak a szervezet\u00fcnkb\u0151l.<\/li>\n<li>Szab\u00e1lyoz\u00e1s\/be\u00e1ll\u00edt\u00e1s (1-12 h\u00f3nap) A gy\u00f3gyul\u00e1s folyamata k\u00f6zben sok reakci\u00f3 figyelhet\u0151 meg. Nem kell megijedni, ez a jele annak, hogy szervezet\u00fcnk gy\u00f3gyul. Ha a reakci\u00f3k t\u00fal hevesek, akkor cs\u00f6kkents\u00fck az adagot.<\/li>\n<li>Visszanyer\u00e9s (6-24 h\u00f3nap) A Ganoderma folytatja a szervezet k\u00e1rosodott r\u00e9szeinek kijav\u00edt\u00e1s\u00e1t \u00e9s er\u0151s\u00edti a szervezet immunrendszer\u00e9t, hogy ellen\u00e1ll\u00f3 legyen a betegs\u00e9gekkel szemben. L\u00e9tfontoss\u00e1g\u00fa alapanyagokat \u00e9s vitaminokat szolg\u00e1ltat egy gyors fel\u00e9p\u00fcl\u00e9s \u00e9rdek\u00e9ben.<\/li>\n<li>Megfiatalod\u00e1s (1-3 \u00e9v) A v\u00e9gc\u00e9l, ami\u00e9rt a Ganoderm\u00e1t fogyasztjuk az, hogy optim\u00e1lis szinten tartsuk a szervezet\u00fcnk funkci\u00f3it \u00e9s a megfiatalod\u00e1s.<\/li>\n<\/ol>\n<p><span style=\"color: #0000ff;\"><strong>Mi\u00e9rt is \u00edrtam le ezeket?<\/strong><\/span><\/p>\n<p>Lehet\u0151s\u00e9g van arra, hogy ehhez a gomb\u00e1hoz hozz\u00e1jussunk. De milyen gomb\u00e1hoz?<\/p>\n<p>Ez a n\u00f6v\u00e9ny tapl\u00f3gomba-fajta, a f\u00e1k kiterjedt gy\u00f6kerei \u00e1ltal felsz\u00edvott \u00e1sv\u00e1nyi anyagokat sz\u00edv-ja mag\u00e1ba.<\/p>\n<p>Ha egy j\u00f3 term\u00e9k megjelenik a piacon, azonnal elindul a hamis\u00edt\u00e1s. Lehet \u00fagy is Ganoderm\u00e1t termeszteni, hogy f\u0171r\u00e9szporral teli zs\u00e1kokba rakj\u00e1k bele a sp\u00f3r\u00e1kat, azt\u00e1n nedves helyekre, pinc\u00e9kbe teszik azokat. A n\u00f6v\u00e9ny \u00edgy is kifejl\u0151dik, csak a hat\u00f3anyag tartalma lesz nulla.<\/p>\n<p>Az Organo Gold c\u00e9get, <strong>2008<\/strong>-ban alap\u00edtott\u00e1k. Tulajdonosa, egy k\u00ednai sz\u00e1rmaz\u00e1s\u00fa \u00fczletember el\u0151sz\u00f6r azzal kezdte tev\u00e9kenys\u00e9g\u00e9t, hogy K\u00edn\u00e1ban felv\u00e1s\u00e1rolt komoly f\u00f6ldter\u00fcleteket, \u00edgy a Ganoderm\u00e1t saj\u00e1t \u0151shonos ter\u00fclet\u00e9n termesztik. Mind a termeszt\u00e9s, mind a feldolgoz\u00e1s is a legkomolyabb min\u0151s\u00e9gi \u00e9s sterilit\u00e1si el\u0151\u00edr\u00e1soknak felelnek meg. Folyamatosan ellen\u0151rzik laborat\u00f3riumban a gomb\u00e1k \u00e1sv\u00e1nyianyag-tartalm\u00e1t.<\/p>\n<p>A min\u0151s\u00e9g bizony\u00edt\u00e9kak\u00e9nt a c\u00e9g a k\u00f6vetkez\u0151 tan\u00fas\u00edtv\u00e1nyokkal rendelkezik:<\/p>\n<p><img loading=\"lazy\" class=\"aligncenter size-full wp-image-852\" src=\"http:\/\/magnetovitalrendelo.hu\/rendelo\/wp-content\/uploads\/sites\/4\/2013\/03\/ganoderma-1.jpg\" alt=\"ganoderma-1\" width=\"600\" height=\"120\" srcset=\"http:\/\/magnetovitalrendelo.hu\/rendelo\/wp-content\/uploads\/sites\/4\/2013\/03\/ganoderma-1.jpg 600w, http:\/\/magnetovitalrendelo.hu\/rendelo\/wp-content\/uploads\/sites\/4\/2013\/03\/ganoderma-1-300x60.jpg 300w\" sizes=\"(max-width: 600px) 100vw, 600px\" \/><\/p>\n<p style=\"text-align: center;\">1. HALAL (Muszlimok is fogyaszthatj\u00e1k, vall\u00e1si el\u0151\u00edr\u00e1saiknak megfelel\u0151en), 2. Kosher (Zsid\u00f3k), 3. \u00d6ko-term\u00e9k, 4. Gy\u00f3gyszergy\u00e1rakra vonatkoz\u00f3 min\u0151s\u00e9g<\/p>\n<p>A hi\u00e1nybetegs\u00e9gek legt\u00f6bbsz\u00f6r m\u00e1r feln\u0151tt korban fordulnak el\u0151, ez\u00e9rt az Organo Gold nem egyszer\u0171en mint gy\u00f3gyszert, vagy \u00e9trendkieg\u00e9sz\u00edt\u0151t akarta piacra dobni term\u00e9k\u00e9t, hanem egy olyan speci\u00e1lis \u201eviv\u0151anyanyaggal\u201d kapcsolta \u00f6ssze, amit bizony\u00edtottan 10-b\u0151l 7 feln\u0151tt fogyaszt a vil\u00e1g minden r\u00e9sz\u00e9n, minden id\u0151ben. Ez a tea \u00e9s k\u00e1v\u00e9. A c\u00e9g itt is a legmagasabb min\u0151s\u00e9gre t\u00f6rekszik. Mag\u00e1t a z\u00f6ld te\u00e1t is K\u00edn\u00e1ban termesztik, teljesen k\u00e9zi er\u0151vel.<\/p>\n<p><strong>A k\u00e1v\u00e9r\u00f3l el\u00f6lj\u00e1r\u00f3ban tudni kell, hogy alapvet\u0151en kett\u0151 fajt\u00e1ja van.<\/strong><\/p>\n<p>A <strong>Robuszta<\/strong> k\u00e1v\u00e9, amely nagy term\u00e9shozam\u00fa, magas koffein \u00e9s savtartalm\u00fa. Sokan mondj\u00e1k, hogy im\u00e1dom a k\u00e1v\u00e9t, de max. kett\u0151t ihatok, mert befoly\u00e1solja a v\u00e9rnyom\u00e1somat \u00e9s a gyomromat, \u00e1lmatlans\u00e1got okoz. A boltokban kaphat\u00f3 k\u00e1v\u00e9k 90 %-a Robuszta.<\/p>\n<p>A m\u00e1sik, amit a k\u00e1v\u00e9k kir\u00e1ly\u00e1nak neveznek, az <strong>Arabica<\/strong> k\u00e1v\u00e9. Harmadannyi koffein, minim\u00e1lis savtartalom, a v\u00e9rnyom\u00e1st szab\u00e1lyozza, a gyomornak kimondottan j\u00f3t tesz. Este lefekv\u00e9s el\u0151tt szoktam egy csokis k\u00e1v\u00e9t inni, \u00e9s az\u00f3ta t\u00f6k\u00e9letesen alszom.<\/p>\n<p>A k\u00e1v\u00e9t Malajzi\u00e1ban termesztik ugyancsak teljesen term\u00e9szetes k\u00f6r\u00fclm\u00e9nyek k\u00f6z\u00f6tt, g\u00e9pek n\u00e9lk\u00fcl. P\u00f6rk\u00f6lik, lef\u0151zik \u00e9s h\u0171tve sz\u00e1r\u00edtj\u00e1k, \u00edgy az egyik legkiv\u00e1l\u00f3bb instant k\u00e1v\u00e9t kapjuk.<br \/>\nA kiz\u00e1r\u00f3lag csak k\u00e1v\u00e9t (3,5 gr 100% Arabica) tartalmaz\u00f3 \u201e<strong>Black<\/strong>\u201d eg\u00e9sz napra frissess\u00e9get biztos\u00edt, a n\u0151ies l\u00e1gys\u00e1got biztos\u00edt\u00f3 \u201e<strong>Latte<\/strong>\u201d tejesk\u00e1v\u00e9-\u00e9rz\u00e9st ny\u00fajt, \u00e9s a \u201e<strong>Mocha<\/strong>\u201d az ugyancsak kiv\u00e1l\u00f3 min\u0151s\u00e9g\u0171 csokival \u00f6sszekevert csokis k\u00e1v\u00e9 \u00e9lvezet\u00e9t ny\u00fajtja. Gyerekeknek sem maradnak ki a sorb\u00f3l, nekik a \u201e<strong>Hot Chocolate<\/strong>\u201d \u201eforr\u00f3 csokol\u00e1d\u00e9\u201d biztos\u00edtja a napi Ganoderma mennyis\u00e9g bevitel\u00e9t a szervezet\u00fckbe.<\/p>\n<p><img loading=\"lazy\" class=\"aligncenter size-full wp-image-853\" src=\"http:\/\/magnetovitalrendelo.hu\/rendelo\/wp-content\/uploads\/sites\/4\/2013\/03\/ganoderma-2.jpg\" alt=\"ganoderma-2\" width=\"500\" height=\"170\" srcset=\"http:\/\/magnetovitalrendelo.hu\/rendelo\/wp-content\/uploads\/sites\/4\/2013\/03\/ganoderma-2.jpg 500w, http:\/\/magnetovitalrendelo.hu\/rendelo\/wp-content\/uploads\/sites\/4\/2013\/03\/ganoderma-2-300x102.jpg 300w\" sizes=\"(max-width: 500px) 100vw, 500px\" \/><\/p>\n<p>R\u00e9gebben \u00e9n is t\u00f6bb k\u00e1v\u00e9t (4-5 adag) ittam naponta. Amikor el\u0151sz\u00f6r megk\u00f3stoltam az Arabica k\u00e1v\u00e9t azonnal \u00e9reztem, hogy ez valami k\u00fcl\u00f6nleges dolog. Manaps\u00e1g reggel iszom egy Blacket \u00e9s este egy Moch\u00e1t. Minden adag k\u00e1v\u00e9 tartalmazza a szervezet\u00fcnk egy napi \u00e1sv\u00e1nyi anyag sz\u00fcks\u00e9glet\u00e9t. <span style=\"color: #ff0000;\"><strong>Fontos, hogy a k\u00e1v\u00e9port maximum 80 fokos v\u00edzbe tegy\u00fck a gomba \u00e9rz\u00e9kenys\u00e9ge miatt.<\/strong><\/span><\/p>\n<p>A \u201e<strong>z\u00f6ld tea<\/strong>\u201d abban k\u00fcl\u00f6nleges, hogy az Organo Gold \u00e1ltal k\u00f6zz\u00e9tett adat szerint a teafilterben l\u00e9v\u0151 Ganoderma-mennyis\u00e9g t\u00f6bbsz\u00f6r\u00f6se a k\u00e1v\u00e9kban l\u00e9v\u0151nek, teh\u00e1t kiv\u00e1l\u00f3an alkalmas ter\u00e1pi\u00e1s c\u00e9lokra is. Egy filterb\u0151l egy liter tea k\u00e9sz\u00edthet\u0151. V\u00e1rjuk meg, m\u00edg sz\u00e9p v\u00f6r\u00f6s lesz a sz\u00edne.<\/p>\n<div class=\"printfriendly pf-button \"><a href=\"http:\/\/magnetovitalrendelo.hu\/rendelo\/szolgaltatasaink-2\/taplalek-kiegeszitok\/ganoderma\/?pfstyle=wp\" rel=\"nofollow\"  title=\"Printer Friendly, PDF & Email\"><img src=\"http:\/\/magnetovitalrendelo.hu\/k\/pf-button-both.gif\" alt=\"Print Friendly, PDF & Email\" class=\"pf-button-img\" style=\"\"  \/><\/a><\/div>\n","protected":false},"excerpt":{"rendered":"<p>Ganoderma &#8211; A gy\u00f3gyn\u00f6v\u00e9nyek kir\u00e1lya A gy\u00f3gyn\u00f6v\u00e9nyek kir\u00e1lya, GANODERMA: k\u00ednaiul Linghzi, jap\u00e1nul Red Reishi (az \u00e9let gomb\u00e1ja). Az \u00f6r\u00f6k \u00e9let titk\u00e1t sokan \u00e9s r\u00e9g\u00f3ta pr\u00f3b\u00e1lj\u00e1k megfejteni. A tud\u00f3sok szerint az ember genetikailag 100-120 \u00e9vre van k\u00f3dolva. Ennek ellen\u00e9re manaps\u00e1g egyre kevesebben \u00e9rik meg a 80. \u00e9vet. Ennek sz\u00e1mos oka van, amelyek k\u00fcl\u00f6n-k\u00fcl\u00f6n, de egy\u00fcttesen is [&hellip;]<\/p>\n","protected":false},"author":1,"featured_media":0,"parent":61,"menu_order":0,"comment_status":"closed","ping_status":"closed","template":"full-width-page.php","meta":{"_mi_skip_tracking":false},"_links":{"self":[{"href":"http:\/\/magnetovitalrendelo.hu\/rendelo\/wp-json\/wp\/v2\/pages\/850"}],"collection":[{"href":"http:\/\/magnetovitalrendelo.hu\/rendelo\/wp-json\/wp\/v2\/pages"}],"about":[{"href":"http:\/\/magnetovitalrendelo.hu\/rendelo\/wp-json\/wp\/v2\/types\/page"}],"author":[{"embeddable":true,"href":"http:\/\/magnetovitalrendelo.hu\/rendelo\/wp-json\/wp\/v2\/users\/1"}],"replies":[{"embeddable":true,"href":"http:\/\/magnetovitalrendelo.hu\/rendelo\/wp-json\/wp\/v2\/comments?post=850"}],"version-history":[{"count":1,"href":"http:\/\/magnetovitalrendelo.hu\/rendelo\/wp-json\/wp\/v2\/pages\/850\/revisions"}],"predecessor-version":[{"id":1387,"href":"http:\/\/magnetovitalrendelo.hu\/rendelo\/wp-json\/wp\/v2\/pages\/850\/revisions\/1387"}],"up":[{"embeddable":true,"href":"http:\/\/magnetovitalrendelo.hu\/rendelo\/wp-json\/wp\/v2\/pages\/61"}],"wp:attachment":[{"href":"http:\/\/magnetovitalrendelo.hu\/rendelo\/wp-json\/wp\/v2\/media?parent=850"}],"curies":[{"name":"wp","href":"https:\/\/api.w.org\/{rel}","templated":true}]}}