{"id":85,"date":"2013-02-19T17:40:54","date_gmt":"2013-02-19T16:40:54","guid":{"rendered":"http:\/\/magnetovitalrendelo.hu\/rendelo\/?page_id=85"},"modified":"2015-07-29T09:08:59","modified_gmt":"2015-07-29T07:08:59","slug":"korhazi-hatter","status":"publish","type":"page","link":"http:\/\/magnetovitalrendelo.hu\/rendelo\/korhazi-hatter\/","title":{"rendered":"K\u00f3rh\u00e1zi h\u00e1tt\u00e9r"},"content":{"rendered":"<h3 style=\"text-align: center;\">Szent Istv\u00e1n k\u00f3rh\u00e1z<\/h3>\n<p style=\"text-align: center;\"><img loading=\"lazy\" class=\"size-full wp-image-248 aligncenter\" src=\"http:\/\/magnetovitalrendelo.hu\/rendelo\/wp-content\/uploads\/sites\/4\/2013\/02\/szent_istvan_korhaz.jpg\" alt=\"szent_istvan_korhaz\" width=\"500\" height=\"333\" srcset=\"http:\/\/magnetovitalrendelo.hu\/rendelo\/wp-content\/uploads\/sites\/4\/2013\/02\/szent_istvan_korhaz.jpg 500w, http:\/\/magnetovitalrendelo.hu\/rendelo\/wp-content\/uploads\/sites\/4\/2013\/02\/szent_istvan_korhaz-300x199.jpg 300w\" sizes=\"(max-width: 500px) 100vw, 500px\" \/><\/p>\n<p style=\"text-align: center;\">Weboldal: <a href=\"http:\/\/www.eszszk.hu\" target=\"_blank\">www.eszszk.hu<\/a><\/p>\n<h3 style=\"text-align: center;\">Europ-med Buda\u00f6rs<\/h3>\n<p><img loading=\"lazy\" class=\"aligncenter size-full wp-image-252\" src=\"http:\/\/magnetovitalrendelo.hu\/rendelo\/wp-content\/uploads\/sites\/4\/2013\/02\/europ-med_budaors.jpg\" alt=\"europ-med_budaors\" width=\"500\" height=\"333\" srcset=\"http:\/\/magnetovitalrendelo.hu\/rendelo\/wp-content\/uploads\/sites\/4\/2013\/02\/europ-med_budaors.jpg 500w, http:\/\/magnetovitalrendelo.hu\/rendelo\/wp-content\/uploads\/sites\/4\/2013\/02\/europ-med_budaors-300x199.jpg 300w\" sizes=\"(max-width: 500px) 100vw, 500px\" \/><\/p>\n<p style=\"text-align: center;\">Weboldal: <a href=\"http:\/\/www.europmed.hu\" target=\"_blank\">www.europmed.hu<\/a><\/p>\n<p><img loading=\"lazy\" class=\"alignnone wp-image-256\" src=\"http:\/\/magnetovitalrendelo.hu\/rendelo\/wp-content\/uploads\/sites\/4\/2013\/02\/eumed-1.jpg\" alt=\"eumed-1\" width=\"340\" height=\"226\" \/> <img loading=\"lazy\" class=\" wp-image-256\" src=\"http:\/\/magnetovitalrendelo.hu\/rendelo\/wp-content\/uploads\/sites\/4\/2013\/02\/eumed-2.jpg\" alt=\"eumed-2\" width=\"340\" height=\"224\" \/><\/p>\n","protected":false},"excerpt":{"rendered":"<p>Szent Istv\u00e1n k\u00f3rh\u00e1z Weboldal: www.eszszk.hu Europ-med Buda\u00f6rs Weboldal: www.europmed.hu<\/p>\n","protected":false},"author":1,"featured_media":0,"parent":0,"menu_order":0,"comment_status":"closed","ping_status":"closed","template":"","meta":{"_mi_skip_tracking":false},"_links":{"self":[{"href":"http:\/\/magnetovitalrendelo.hu\/rendelo\/wp-json\/wp\/v2\/pages\/85"}],"collection":[{"href":"http:\/\/magnetovitalrendelo.hu\/rendelo\/wp-json\/wp\/v2\/pages"}],"about":[{"href":"http:\/\/magnetovitalrendelo.hu\/rendelo\/wp-json\/wp\/v2\/types\/page"}],"author":[{"embeddable":true,"href":"http:\/\/magnetovitalrendelo.hu\/rendelo\/wp-json\/wp\/v2\/users\/1"}],"replies":[{"embeddable":true,"href":"http:\/\/magnetovitalrendelo.hu\/rendelo\/wp-json\/wp\/v2\/comments?post=85"}],"version-history":[{"count":3,"href":"http:\/\/magnetovitalrendelo.hu\/rendelo\/wp-json\/wp\/v2\/pages\/85\/revisions"}],"predecessor-version":[{"id":1434,"href":"http:\/\/magnetovitalrendelo.hu\/rendelo\/wp-json\/wp\/v2\/pages\/85\/revisions\/1434"}],"wp:attachment":[{"href":"http:\/\/magnetovitalrendelo.hu\/rendelo\/wp-json\/wp\/v2\/media?parent=85"}],"curies":[{"name":"wp","href":"https:\/\/api.w.org\/{rel}","templated":true}]}}