{"id":745,"date":"2013-03-12T19:01:59","date_gmt":"2013-03-12T18:01:59","guid":{"rendered":"http:\/\/magnetovitalrendelo.hu\/rendelo\/?page_id=745"},"modified":"2015-09-02T11:05:03","modified_gmt":"2015-09-02T09:05:03","slug":"a-mehtest-rosszindulatu-daganata","status":"publish","type":"page","link":"http:\/\/magnetovitalrendelo.hu\/rendelo\/szolgaltatasaink-2\/altalanos-szuleszet-nogyogyaszat-onkologia\/noi-nemiszervi-rosszindulatu-daganatok\/a-mehtest-rosszindulatu-daganata\/","title":{"rendered":"A m\u00e9htest rosszindulat\u00fa daganata"},"content":{"rendered":"<div class=\"printfriendly pf-button \"><a href=\"http:\/\/magnetovitalrendelo.hu\/rendelo\/szolgaltatasaink-2\/altalanos-szuleszet-nogyogyaszat-onkologia\/noi-nemiszervi-rosszindulatu-daganatok\/a-mehtest-rosszindulatu-daganata\/?pfstyle=wp\" rel=\"nofollow\"  title=\"Printer Friendly, PDF & Email\"><img src=\"http:\/\/magnetovitalrendelo.hu\/k\/pf-button-both.gif\" alt=\"Print Friendly, PDF & Email\" class=\"pf-button-img\" style=\"\"  \/><\/a><\/div>\n<p><img loading=\"lazy\" class=\"alignright size-full wp-image-638\" src=\"http:\/\/magnetovitalrendelo.hu\/rendelo\/wp-content\/uploads\/sites\/4\/2013\/03\/altalam_vegzett_mutetek-1.jpg\" alt=\"altalam_vegzett_mutetek-1\" width=\"238\" height=\"178\" \/>A m\u00e9htest rosszindulat\u00fa daganata \u00e1ltal\u00e1ban a m\u00e9h ny\u00e1lkah\u00e1rty\u00e1j\u00e1b\u00f3l alakul ki. Hajlamos\u00edt r\u00e1 az elh\u00edz\u00e1s, cukorbetegs\u00e9g \u00e9s magas v\u00e9rnyom\u00e1ssal j\u00e1r\u00f3 anyagcserezavar. A r\u00e1kos elfajul\u00e1st leggyakrabban megel\u0151zi a m\u00e9hny\u00e1lkah\u00e1rtya k\u00f3ros megvastagod\u00e1sa, t\u00falburj\u00e1nz\u00e1sa, v\u00e9rz\u00e9szavar. A m\u00e9htestr\u00e1k sz\u0171rhet\u0151 a v\u00e9rz\u00e9szavarok kapcs\u00e1n elv\u00e9gzett \u00fan. tisztas\u00e1gi k\u00fcrett (curettage, m\u00e9hkapar\u00e1s) \u00e1ltal nyert sz\u00f6vettani elemz\u00e9ssel \u00e9s a 45 \u00e9v felettieknek \u00e9vente ultrahangos m\u00e9h-ny\u00e1lkah\u00e1rtya vastags\u00e1gm\u00e9r\u00e9ssel.<\/p>\n<p>&nbsp;<\/p>\n<p style=\"text-align: center;\"><a class=\"scss3b-button scss3b-button-googleplus\" href=\"http:\/\/magnetovitalrendelo.hu\/rendelo\/szakmai-kerdes\/\">Van szem\u00e9lyes k\u00e9rd\u00e9se? Itt f\u00f6lteheti! <\/a><\/p>\n","protected":false},"excerpt":{"rendered":"<p>A m\u00e9htest rosszindulat\u00fa daganata \u00e1ltal\u00e1ban a m\u00e9h ny\u00e1lkah\u00e1rty\u00e1j\u00e1b\u00f3l alakul ki. Hajlamos\u00edt r\u00e1 az elh\u00edz\u00e1s, cukorbetegs\u00e9g \u00e9s magas v\u00e9rnyom\u00e1ssal j\u00e1r\u00f3 anyagcserezavar. A r\u00e1kos elfajul\u00e1st leggyakrabban megel\u0151zi a m\u00e9hny\u00e1lkah\u00e1rtya k\u00f3ros megvastagod\u00e1sa, t\u00falburj\u00e1nz\u00e1sa, v\u00e9rz\u00e9szavar. A m\u00e9htestr\u00e1k sz\u0171rhet\u0151 a v\u00e9rz\u00e9szavarok kapcs\u00e1n elv\u00e9gzett \u00fan. tisztas\u00e1gi k\u00fcrett (curettage, m\u00e9hkapar\u00e1s) \u00e1ltal nyert sz\u00f6vettani elemz\u00e9ssel \u00e9s a 45 \u00e9v felettieknek \u00e9vente ultrahangos m\u00e9h-ny\u00e1lkah\u00e1rtya [&hellip;]<\/p>\n","protected":false},"author":1,"featured_media":0,"parent":714,"menu_order":0,"comment_status":"closed","ping_status":"closed","template":"","meta":{"_mi_skip_tracking":false},"_links":{"self":[{"href":"http:\/\/magnetovitalrendelo.hu\/rendelo\/wp-json\/wp\/v2\/pages\/745"}],"collection":[{"href":"http:\/\/magnetovitalrendelo.hu\/rendelo\/wp-json\/wp\/v2\/pages"}],"about":[{"href":"http:\/\/magnetovitalrendelo.hu\/rendelo\/wp-json\/wp\/v2\/types\/page"}],"author":[{"embeddable":true,"href":"http:\/\/magnetovitalrendelo.hu\/rendelo\/wp-json\/wp\/v2\/users\/1"}],"replies":[{"embeddable":true,"href":"http:\/\/magnetovitalrendelo.hu\/rendelo\/wp-json\/wp\/v2\/comments?post=745"}],"version-history":[{"count":4,"href":"http:\/\/magnetovitalrendelo.hu\/rendelo\/wp-json\/wp\/v2\/pages\/745\/revisions"}],"predecessor-version":[{"id":1485,"href":"http:\/\/magnetovitalrendelo.hu\/rendelo\/wp-json\/wp\/v2\/pages\/745\/revisions\/1485"}],"up":[{"embeddable":true,"href":"http:\/\/magnetovitalrendelo.hu\/rendelo\/wp-json\/wp\/v2\/pages\/714"}],"wp:attachment":[{"href":"http:\/\/magnetovitalrendelo.hu\/rendelo\/wp-json\/wp\/v2\/media?parent=745"}],"curies":[{"name":"wp","href":"https:\/\/api.w.org\/{rel}","templated":true}]}}