{"id":714,"date":"2013-03-12T18:24:52","date_gmt":"2013-03-12T17:24:52","guid":{"rendered":"http:\/\/magnetovitalrendelo.hu\/rendelo\/?page_id=714"},"modified":"2015-09-02T11:01:30","modified_gmt":"2015-09-02T09:01:30","slug":"noi-nemiszervi-rosszindulatu-daganatok","status":"publish","type":"page","link":"http:\/\/magnetovitalrendelo.hu\/rendelo\/szolgaltatasaink-2\/altalanos-szuleszet-nogyogyaszat-onkologia\/noi-nemiszervi-rosszindulatu-daganatok\/","title":{"rendered":"N\u0151i nemiszervi rosszindulat\u00fa daganatok"},"content":{"rendered":"<ul>\n<li>\n<h3><a href=\"http:\/\/magnetovitalrendelo.hu\/rendelo\/szolgaltatasok\/altalanos-szuleszet-nogyogyaszat-onkologia\/noi-nemiszervi-rosszindulatu-daganatok\/a-meh-myomaja\/\"><span style=\"color: #3366ff;\"><img loading=\"lazy\" class=\"alignright size-full wp-image-762\" src=\"http:\/\/magnetovitalrendelo.hu\/rendelo\/wp-content\/uploads\/sites\/4\/2013\/03\/daganat-000.jpg\" alt=\"daganat-000\" width=\"400\" height=\"359\" \/>A m\u00e9h myom\u00e1ja<\/span><\/a><\/h3>\n<\/li>\n<li>\n<h3><a href=\"http:\/\/magnetovitalrendelo.hu\/rendelo\/szolgaltatasok\/altalanos-szuleszet-nogyogyaszat-onkologia\/noi-nemiszervi-rosszindulatu-daganatok\/a-mehnyakrak\/\"><span style=\"color: #3366ff;\">A m\u00e9hnyakr\u00e1k<\/span><\/a><\/h3>\n<\/li>\n<li>\n<h3><a href=\"http:\/\/magnetovitalrendelo.hu\/rendelo\/szolgaltatasok\/altalanos-szuleszet-nogyogyaszat-onkologia\/noi-nemiszervi-rosszindulatu-daganatok\/a-mehtest-rosszindulatu-daganata\/\"><span style=\"color: #3366ff;\">A m\u00e9htest rosszindulat\u00fa daganata<\/span><\/a><\/h3>\n<\/li>\n<li>\n<h3><a href=\"http:\/\/magnetovitalrendelo.hu\/rendelo\/szolgaltatasok\/altalanos-szuleszet-nogyogyaszat-onkologia\/noi-nemiszervi-rosszindulatu-daganatok\/az-emlo-rosszindulatu-daganata\/\"><span style=\"color: #3366ff;\">Az eml\u0151 rosszindulat\u00fa daganata<\/span><\/a><\/h3>\n<\/li>\n<li>\n<h3><a href=\"http:\/\/magnetovitalrendelo.hu\/rendelo\/szolgaltatasok\/altalanos-szuleszet-nogyogyaszat-onkologia\/noi-nemiszervi-rosszindulatu-daganatok\/petefeszekrak\/\"><span style=\"color: #3366ff;\">Petef\u00e9szekr\u00e1k<\/span><\/a><\/h3>\n<\/li>\n<\/ul>\n<p style=\"text-align: center;\"><a class=\"scss3b-button scss3b-button-googleplus\" href=\"http:\/\/magnetovitalrendelo.hu\/rendelo\/szakmai-kerdes\/\">Van szem\u00e9lyes k\u00e9rd\u00e9se? Itt f\u00f6lteheti! <\/a><\/p>\n","protected":false},"excerpt":{"rendered":"<p>A m\u00e9h myom\u00e1ja A m\u00e9hnyakr\u00e1k A m\u00e9htest rosszindulat\u00fa daganata Az eml\u0151 rosszindulat\u00fa daganata Petef\u00e9szekr\u00e1k<\/p>\n","protected":false},"author":1,"featured_media":0,"parent":53,"menu_order":0,"comment_status":"closed","ping_status":"closed","template":"","meta":{"_mi_skip_tracking":false},"_links":{"self":[{"href":"http:\/\/magnetovitalrendelo.hu\/rendelo\/wp-json\/wp\/v2\/pages\/714"}],"collection":[{"href":"http:\/\/magnetovitalrendelo.hu\/rendelo\/wp-json\/wp\/v2\/pages"}],"about":[{"href":"http:\/\/magnetovitalrendelo.hu\/rendelo\/wp-json\/wp\/v2\/types\/page"}],"author":[{"embeddable":true,"href":"http:\/\/magnetovitalrendelo.hu\/rendelo\/wp-json\/wp\/v2\/users\/1"}],"replies":[{"embeddable":true,"href":"http:\/\/magnetovitalrendelo.hu\/rendelo\/wp-json\/wp\/v2\/comments?post=714"}],"version-history":[{"count":3,"href":"http:\/\/magnetovitalrendelo.hu\/rendelo\/wp-json\/wp\/v2\/pages\/714\/revisions"}],"predecessor-version":[{"id":1478,"href":"http:\/\/magnetovitalrendelo.hu\/rendelo\/wp-json\/wp\/v2\/pages\/714\/revisions\/1478"}],"up":[{"embeddable":true,"href":"http:\/\/magnetovitalrendelo.hu\/rendelo\/wp-json\/wp\/v2\/pages\/53"}],"wp:attachment":[{"href":"http:\/\/magnetovitalrendelo.hu\/rendelo\/wp-json\/wp\/v2\/media?parent=714"}],"curies":[{"name":"wp","href":"https:\/\/api.w.org\/{rel}","templated":true}]}}