{"id":706,"date":"2013-03-12T17:37:57","date_gmt":"2013-03-12T16:37:57","guid":{"rendered":"http:\/\/magnetovitalrendelo.hu\/rendelo\/?page_id=706"},"modified":"2015-09-02T10:59:24","modified_gmt":"2015-09-02T08:59:24","slug":"huvelyi-fertozesek-es-nem-fertozeses-eredetu-folyasok","status":"publish","type":"page","link":"http:\/\/magnetovitalrendelo.hu\/rendelo\/szolgaltatasaink-2\/altalanos-szuleszet-nogyogyaszat-onkologia\/nehany-betegsegrol-bovebben\/huvelyi-fertozesek-es-nem-fertozeses-eredetu-folyasok\/","title":{"rendered":"H\u00fcvelyi fert\u0151z\u00e9sek \u00e9s nem fert\u0151z\u00e9ses eredet\u0171 foly\u00e1sok"},"content":{"rendered":"<div class=\"printfriendly pf-button \"><a href=\"http:\/\/magnetovitalrendelo.hu\/rendelo\/szolgaltatasaink-2\/altalanos-szuleszet-nogyogyaszat-onkologia\/nehany-betegsegrol-bovebben\/huvelyi-fertozesek-es-nem-fertozeses-eredetu-folyasok\/?pfstyle=wp\" rel=\"nofollow\"  title=\"Printer Friendly, PDF & Email\"><img src=\"http:\/\/magnetovitalrendelo.hu\/k\/pf-button-both.gif\" alt=\"Print Friendly, PDF & Email\" class=\"pf-button-img\" style=\"\"  \/><\/a><\/div>\n<p><img loading=\"lazy\" class=\"alignright size-full wp-image-950\" src=\"http:\/\/magnetovitalrendelo.hu\/rendelo\/wp-content\/uploads\/sites\/4\/2013\/03\/huvelyi_fertozesek-1.jpg\" alt=\"huvelyi_fertozesek-1\" width=\"400\" height=\"290\" srcset=\"http:\/\/magnetovitalrendelo.hu\/rendelo\/wp-content\/uploads\/sites\/4\/2013\/03\/huvelyi_fertozesek-1.jpg 400w, http:\/\/magnetovitalrendelo.hu\/rendelo\/wp-content\/uploads\/sites\/4\/2013\/03\/huvelyi_fertozesek-1-300x217.jpg 300w\" sizes=\"(max-width: 400px) 100vw, 400px\" \/>A n\u0151k k\u00fcls\u0151 fert\u0151z\u00e9sei k\u00f6z\u00fcl a h\u00fcvely fert\u0151z\u00e9sei a leggyakoribb panasz. A h\u00fcvely r\u00e9szben a v\u00e9gb\u00e9l k\u00f6zels\u00e9ge \u00e9s a nemi \u00e9letben bet\u00f6lt\u00f6tt szerepe miatt \u00e1lland\u00f3 bakt\u00e9rium- \u00e9s gomba-hat\u00e1snak van kit\u00e9ve, r\u00e9szben valamennyi k\u00f3rokoz\u00f3 norm\u00e1lisan is a fl\u00f3r\u00e1hoz tartozik. A h\u00fcvely ide\u00e1lis hely a bakt\u00e9riumok megteleped\u00e9s\u00e9re (testh\u0151m\u00e9rs\u00e9klet\u0171, nedves k\u00f6r\u00fclm\u00e9nyeket biztos\u00edt\u00f3, j\u00f3 v\u00e9rell\u00e1t\u00e1s\u00fa ny\u00e1lkah\u00e1rty\u00e1val b\u00e9lelt szerv). A h\u00fcvelyben norm\u00e1lisan sz\u00fcks\u00e9g van bizonyos bakt\u00e9riumok jelenl\u00e9t\u00e9re, amelyek hozz\u00e1j\u00e1rulnak a h\u00fcvelyben l\u00e9v\u0151 savas k\u00f6rnyezet kialak\u00edt\u00e1s\u00e1hoz, \u00edgy megfelel\u0151 v\u00e9delmet ny\u00fajtanak a ny\u00e1lkah\u00e1rty\u00e1nak, kord\u00e1ban tartva a k\u00f3rokoz\u00f3kat. Ezek a v\u00e9d\u0151 hat\u00e1s\u00fa bakt\u00e9riumok a tejsavtermel\u0151 bakt\u00e9riumok. Hogyha valamilyen hat\u00e1sra (pl. antibiotikumok, h\u00fcvelyen kereszt\u00fcl v\u00e9gzett m\u0171t\u00e9t, a szem\u00e9remt\u00e1j\u00e9k szappanos vagy egy\u00e9b l\u00fagos szerrel val\u00f3 lemos\u00e1sa) ezek a v\u00e9d\u0151 bakt\u00e9riumok elpusztulnak, vagy sz\u00e1muk jelent\u0151sen megkevesbedik, akkor lehet\u0151s\u00e9get adnak adnak m\u00e1s, z\u00f6m\u00e9ben k\u00f3rokoz\u00f3 bakt\u00e9riumoknak illetve gomb\u00e1knak a szaporod\u00e1sra. Ekkor keletkeznek a h\u00fcvelyi fert\u0151z\u00e9sek. Ezeket a n\u0151k nagyr\u00e9szt nem m\u00e1sokt\u00f3l kapj\u00e1k el, hanem saj\u00e1t szervezet\u00fckb\u0151l, p\u00e9ld\u00e1ul a v\u00e9gbel\u00fckb\u0151l ker\u00fclnek be a h\u00fcvelybe.<\/p>\n<p>A h\u00fcvelyi fert\u0151z\u00e9sek m\u00e1sik nagy r\u00e9sz\u00e9t a nemi \u00faton terjed\u0151 betegs\u00e9gek alkotj\u00e1k.<\/p>\n<p>A h\u00fcvelyfert\u0151z\u00e9sek legjellegzetesebb t\u00fcnete a h\u00fcvelyv\u00e1lad\u00e9k mennyis\u00e9g\u00e9nek \u00e9s min\u0151s\u00e9g\u00e9nek megv\u00e1ltoz\u00e1sa. Leggyakrabban feh\u00e9r foly\u00e1s k\u00e9p\u00e9ben jelentkezik. A h\u00fcvelyben norm\u00e1lisan is k\u00e9pz\u0151dik v\u00e1lad\u00e9k, ami els\u0151sorban a m\u00e9hnyak mirigyeinek a v\u00e1lad\u00e9k\u00e1b\u00f3l \u00e9s a fels\u0151 nemi csatorn\u00e1b\u00f3l sz\u00e1rmaznak. K\u00f3ros k\u00f6r\u00fclm\u00e9nyek k\u00f6z\u00f6tt ezek mennyis\u00e9ge is felszaporodik. P\u00e9ld\u00e1ul ha a m\u00e9hsz\u00e1jon &#8220;seb&#8221; k\u00e9pz\u0151dik, akkor a m\u00e9hnyak v\u00e1lad\u00e9ktermel\u00e9se fokoz\u00f3dik, ami a h\u00fcvelyben, mint feh\u00e9r foly\u00e1s jelenik meg.<\/p>\n<p><strong><span style=\"color: #0000ff;\">A h\u00fcvelyi foly\u00e1sok t\u00fcnetei:<\/span><\/strong> egy r\u00e9sz\u00fck t\u00fcnetmentes feh\u00e9r foly\u00e1sk\u00e9nt jelenik meg; olykor a foly\u00e1snak kellemetlen szaga lehet, keveredhet v\u00e9rrel (p\u00e9ld\u00e1ul h\u00fcvelyi idegen test eset\u00e9n), ha a fert\u0151z\u00e9s a k\u00fcls\u0151 nemi szerveket is \u00e9rinti, akkor \u00e9g\u0151, viszket\u0151 \u00e9rz\u00e9st is okozhat. Ezen t\u00fcnetek jelentkez\u00e9se eset\u00e9n a lehet\u0151 legjobb, ha a n\u0151 n\u0151gy\u00f3gy\u00e1szhoz fordul. A n\u0151gy\u00f3gy\u00e1sz orvos a megfelel\u0151 vizsg\u00e1latok elv\u00e9gz\u00e9se ut\u00e1n (mikroszk\u00f3pos kenetvizsg\u00e1lat, k\u00f3rokoz\u00f3 teny\u00e9szt\u00e9s) megfelel\u0151, c\u00e9lzott kezel\u00e9st alkalmaz. A kezel\u00e9s gerinc\u00e9t a helyi hat\u00e1s\u00fa k\u00e9sz\u00edtm\u00e9nyek alkotj\u00e1k: kr\u00e9mek, ken\u0151cs\u00f6k, k\u00fapok, h\u00fcvelytablett\u00e1k. Az esetek egy kis r\u00e9sz\u00e9ben azonban sz\u00e1jon \u00e1t szedhet\u0151 k\u00e9sz\u00edtm\u00e9nyeket, antibiotikumokat is fel\u00edrhat az orvos. Bizonyos esetekben, pl. gomba jelenl\u00e9t\u00e9ben a partner kezel\u00e9se is k\u00f6telez\u0151.<\/p>\n<p>A h\u00fcvelyi fert\u0151z\u00e9sek egy speci\u00e1lis eset\u00e9t k\u00e9pviselik <span style=\"color: #0000ff;\"><strong>a terhess\u00e9g sor\u00e1n jelentkez\u0151 h\u00fcvelyi fert\u0151z\u00e9sek<\/strong>.<\/span> Ebben az esetben, ugyanis komoly k\u00f6vetkezm\u00e9nyei lehetnek a fert\u0151z\u00e9snek: korasz\u00fcl\u00e9s, magzatburok reped\u00e9s, nem megfelel\u0151 \u00fctem\u0171 m\u00e9hen bel\u00fcli fejl\u0151d\u00e9s, esetleg a magzatn\u00e1l s\u00falyos velesz\u00fcletett fert\u0151z\u00e9sek, mint p\u00e9ld\u00e1ul t\u00fcd\u0151gyullad\u00e1s. Ezekben az esetekben m\u00e9g ink\u00e1bb fokozottabb odafigyel\u00e9s \u00e9s min\u00e9l kor\u00e1bbi hat\u00e9kony kezel\u00e9s sz\u00fcks\u00e9ges. Az ilyen fert\u0151z\u00e9sek megel\u0151z\u00e9s\u00e9re a terhesgondoz\u00e1s folyam\u00e1n h\u00fcvely-, vagy m\u00e9hnyak v\u00e1lad\u00e9k-teny\u00e9szt\u00e9st szoktak v\u00e9gezni.<\/p>\n<p><strong><span style=\"color: #000080;\">A h\u00fcvelyfert\u0151z\u00e9sek j\u00f3 r\u00e9sze megel\u0151zhet\u0151.<\/span><\/strong> Nagyon fontos a h\u00fcvely tiszt\u00e1n tart\u00e1sa. Ker\u00fclni kell az er\u0151s fert\u0151tlen\u00edt\u0151 hat\u00e1s\u00fa szappanokat. Ker\u00fclni kell a nem megfelel\u0151en szell\u0151z\u0151, szoros als\u00f3nem\u0171 visel\u00e9s\u00e9t. Ker\u00fclni kell a k\u00e1dban val\u00f3 \u00fcl\u0151f\u00fcrd\u0151t. J\u00e1rv\u00e1nyos id\u0151szakban antibiotikum kezel\u00e9s ut\u00e1n aj\u00e1nlatos sok kefirt enni, ez ugyanis vissza\u00e1ll\u00edtja a h\u00fcvely rendes tejsavtermel\u0151 bakt\u00e9riumsz\u00e1m\u00e1t. Ker\u00fclni kell a szintetikus feh\u00e9rnem\u0171t, az enzimtartalm\u00fa mos\u00f3porokat, \u00e9s aj\u00e1nlatos a mos\u00f3g\u00e9p f\u0151z\u0151programj\u00e1t haszn\u00e1lni mos\u00e1sra. A rendszeres tejsavoldatos irrig\u00e1l\u00e1s \/a m\u00f3dszer le\u00edr\u00e1s\u00e1t ld. a gyakori v\u00e1laszok k\u00f6z\u00f6tt\/ igen hasznos eszk\u00f6ze a megel\u0151z\u00e9snek \u00e9s a gy\u00f3gy\u00edt\u00e1snak is, \u00e9s felt\u00e9tlen\u00fcl aj\u00e1nlom az ez\u00fcstkolloidot is erre a c\u00e9lra sz\u00e1jon \u00e1t, lok\u00e1lisan ecsetelve \u00e9s irrig\u00e1l\u00f3szerk\u00e9nt is alkalmazva. \/ugyancsak ld. a gyakori v\u00e1laszokat.\/<\/p>\n<p>Igen sok esetben okoznak probl\u00e9m\u00e1t az un. <span style=\"color: #0000ff;\"><strong>uszoda- vagy wellness-fert\u0151z\u00e9sek<\/strong><\/span>. A k\u00f6zhiedelemmel ellent\u00e9tben ezt a n\u0151k nem az uszoda vagy a f\u00fcrd\u0151 fert\u0151z\u00f6tt viz\u00e9t\u0151l kapj\u00e1k, hanem \u00f6n-magukt\u00f3l, mert az okot az k\u00e9pezi, hogy a vizet agyonl\u00fagos\u00edtj\u00e1k a fert\u0151z\u00e9sek megel\u0151z\u00e9se \u00e9rdek\u00e9ben \u00e9s a l\u00fagos v\u00edz teszi t\u00f6nkre a norm\u00e1l h\u00fcvelyi fl\u00f3r\u00e1t, teret adva a fert\u0151z\u0151 \u00e1gensek elszaporod\u00e1s\u00e1nak. Az ilyen probl\u00e9m\u00e1k elker\u00fcl\u00e9se \u00e9rdek\u00e9ben aj\u00e1nlatos minden f\u00fcrd\u0151z\u00e9s ut\u00e1n <strong>Vitagyn-C-h\u00fcvelykr\u00e9met<\/strong> haszn\u00e1lni.<\/p>\n<p>Nagyon fontos, hogy a n\u0151kben fell\u00e9p\u0151 h\u00fcvelyfert\u0151z\u00e9st a f\u00e9rfi partner is elkaphatja. A f\u00e9rfiakban azonban a fert\u0151z\u00e9sek nagy r\u00e9sze t\u00fcnetmentesen zajlik. \u00cdgy t\u00fcnetmentes f\u00e9rfi tudt\u00e1n k\u00edv\u00fcl is megfert\u0151zheti p\u00e1rj\u00e1t. \u00c9ppen ez\u00e9rt sz\u00fcks\u00e9ges a f\u00e9rfi partner kezel\u00e9se is, illetve h\u00fcvelyfert\u0151z\u00e9s eset\u00e9n \u00f3vszer haszn\u00e1lata.<\/p>\n<div class=\"printfriendly pf-button \"><a href=\"http:\/\/magnetovitalrendelo.hu\/rendelo\/szolgaltatasaink-2\/altalanos-szuleszet-nogyogyaszat-onkologia\/nehany-betegsegrol-bovebben\/huvelyi-fertozesek-es-nem-fertozeses-eredetu-folyasok\/?pfstyle=wp\" rel=\"nofollow\"  title=\"Printer Friendly, PDF & Email\"><img src=\"http:\/\/magnetovitalrendelo.hu\/k\/pf-button-both.gif\" alt=\"Print Friendly, PDF & Email\" class=\"pf-button-img\" style=\"\"  \/><\/a><\/div>\n<p style=\"text-align: center;\"><a class=\"scss3b-button scss3b-button-googleplus\" href=\"http:\/\/magnetovitalrendelo.hu\/rendelo\/szakmai-kerdes\/\">Van szem\u00e9lyes k\u00e9rd\u00e9se? Itt f\u00f6lteheti! <\/a><\/p>\n","protected":false},"excerpt":{"rendered":"<p>A n\u0151k k\u00fcls\u0151 fert\u0151z\u00e9sei k\u00f6z\u00fcl a h\u00fcvely fert\u0151z\u00e9sei a leggyakoribb panasz. A h\u00fcvely r\u00e9szben a v\u00e9gb\u00e9l k\u00f6zels\u00e9ge \u00e9s a nemi \u00e9letben bet\u00f6lt\u00f6tt szerepe miatt \u00e1lland\u00f3 bakt\u00e9rium- \u00e9s gomba-hat\u00e1snak van kit\u00e9ve, r\u00e9szben valamennyi k\u00f3rokoz\u00f3 norm\u00e1lisan is a fl\u00f3r\u00e1hoz tartozik. A h\u00fcvely ide\u00e1lis hely a bakt\u00e9riumok megteleped\u00e9s\u00e9re (testh\u0151m\u00e9rs\u00e9klet\u0171, nedves k\u00f6r\u00fclm\u00e9nyeket biztos\u00edt\u00f3, j\u00f3 v\u00e9rell\u00e1t\u00e1s\u00fa ny\u00e1lkah\u00e1rty\u00e1val b\u00e9lelt szerv). A [&hellip;]<\/p>\n","protected":false},"author":1,"featured_media":0,"parent":697,"menu_order":0,"comment_status":"closed","ping_status":"closed","template":"","meta":{"_mi_skip_tracking":false},"_links":{"self":[{"href":"http:\/\/magnetovitalrendelo.hu\/rendelo\/wp-json\/wp\/v2\/pages\/706"}],"collection":[{"href":"http:\/\/magnetovitalrendelo.hu\/rendelo\/wp-json\/wp\/v2\/pages"}],"about":[{"href":"http:\/\/magnetovitalrendelo.hu\/rendelo\/wp-json\/wp\/v2\/types\/page"}],"author":[{"embeddable":true,"href":"http:\/\/magnetovitalrendelo.hu\/rendelo\/wp-json\/wp\/v2\/users\/1"}],"replies":[{"embeddable":true,"href":"http:\/\/magnetovitalrendelo.hu\/rendelo\/wp-json\/wp\/v2\/comments?post=706"}],"version-history":[{"count":2,"href":"http:\/\/magnetovitalrendelo.hu\/rendelo\/wp-json\/wp\/v2\/pages\/706\/revisions"}],"predecessor-version":[{"id":1472,"href":"http:\/\/magnetovitalrendelo.hu\/rendelo\/wp-json\/wp\/v2\/pages\/706\/revisions\/1472"}],"up":[{"embeddable":true,"href":"http:\/\/magnetovitalrendelo.hu\/rendelo\/wp-json\/wp\/v2\/pages\/697"}],"wp:attachment":[{"href":"http:\/\/magnetovitalrendelo.hu\/rendelo\/wp-json\/wp\/v2\/media?parent=706"}],"curies":[{"name":"wp","href":"https:\/\/api.w.org\/{rel}","templated":true}]}}