{"id":700,"date":"2013-03-12T17:33:46","date_gmt":"2013-03-12T16:33:46","guid":{"rendered":"http:\/\/magnetovitalrendelo.hu\/rendelo\/?page_id=700"},"modified":"2015-09-02T10:59:17","modified_gmt":"2015-09-02T08:59:17","slug":"szexualis-uton-terjedo-fertozesek","status":"publish","type":"page","link":"http:\/\/magnetovitalrendelo.hu\/rendelo\/szolgaltatasaink-2\/altalanos-szuleszet-nogyogyaszat-onkologia\/nehany-betegsegrol-bovebben\/szexualis-uton-terjedo-fertozesek\/","title":{"rendered":"Szexu\u00e1lis \u00faton terjed\u0151 fert\u0151z\u00e9sek"},"content":{"rendered":"<div class=\"printfriendly pf-button \"><a href=\"http:\/\/magnetovitalrendelo.hu\/rendelo\/szolgaltatasaink-2\/altalanos-szuleszet-nogyogyaszat-onkologia\/nehany-betegsegrol-bovebben\/szexualis-uton-terjedo-fertozesek\/?pfstyle=wp\" rel=\"nofollow\"  title=\"Printer Friendly, PDF & Email\"><img src=\"http:\/\/magnetovitalrendelo.hu\/k\/pf-button-both.gif\" alt=\"Print Friendly, PDF & Email\" class=\"pf-button-img\" style=\"\"  \/><\/a><\/div>\n<p><img loading=\"lazy\" class=\"alignright size-full wp-image-703\" src=\"http:\/\/magnetovitalrendelo.hu\/rendelo\/wp-content\/uploads\/sites\/4\/2013\/03\/szexualis_uton_terjedo_fertozesek-1.jpg\" alt=\"szexualis_uton_terjedo_fertozesek-1\" width=\"120\" height=\"90\" \/>Napjainkra egyre t\u00f6bb k\u00f3rokoz\u00f3r\u00f3l bizonyosodott be, hogy k\u00e9pesek szexu\u00e1lis egy\u00fcttl\u00e9t kapcs\u00e1n is terjedni. A fert\u0151z\u00e9sek kialakul\u00e1s\u00e1ban szerepet j\u00e1tsz\u00f3 k\u00f3rokoz\u00f3k lehetnek bakt\u00e9riumok, v\u00edrusok, gomb\u00e1k illetve egy\u00e9b egysejt\u0171 \u00e9l\u0151l\u00e9nyek.<\/p>\n<p>T\u00f6bb olyan kock\u00e1zati t\u00e9nyez\u0151 ismert, melyek fenn\u00e1ll\u00e1sakor fokozottabb a fert\u0151z\u00e9s kialakul\u00e1s\u00e1nak es\u00e9lye. A gyakori partnerv\u00e1lt\u00e1sok, a nem megfelel\u0151 tiszt\u00e1lkod\u00e1si szok\u00e1sok, valamint a gumi\u00f3vszer mell\u0151z\u00e9se eset\u00e9n sokkal gyakrabban kell sz\u00e1molni a nem \u00faton terjed\u0151 fert\u0151z\u00e9sekkel.<\/p>\n<p>Igen gyakran tal\u00e1lkozunk t\u00fcnetmentes megbeteged\u00e9sekkel, amely az\u00e9rt is vesz\u00e9lyes, mert az idej\u00e9ben elkezdett, hat\u00e9kony kezel\u00e9s n\u00e9lk\u00fcl e fert\u0151z\u00e9sek s\u00falyos, ak\u00e1r a k\u00e9s\u0151bbi teherbees\u00e9st is vesz\u00e9lyeztet\u0151 \u00e1llapotot hozhatnak l\u00e9tre.<\/p>\n<p>Sok\u00e1ig a<span style=\"color: #0000ff;\"> <strong>v\u00e9rbaj (szifilisz)<\/strong> <\/span>volt a leggyakoribb nemi betegs\u00e9g, de az antibiotikumok felfedez\u00e9se \u00f3ta az el\u0151fordul\u00e1sa jelent\u0151sen cs\u00f6kkent. A fert\u0151z\u00e9s t\u00f6bb szakaszban zajlik, term\u00e9szetesen a korai st\u00e1diumban kezelhet\u0151 a legk\u00f6nnyebben a beteg. Ilyenkor \u00e1ltal\u00e1ban a nemi szerven jelentkezik nedvedz\u0151, fek\u00e9lyszer\u0171 elv\u00e1ltoz\u00e1s. A n\u0151gy\u00f3gy\u00e1sznak gyan\u00fa eset\u00e9n azonnal a b\u0151r-, \u00e9s nemibeteg-gondoz\u00f3ba kell a p\u00e1cienst ir\u00e1ny\u00edtani, ahol a megfelel\u0151 laborat\u00f3riumi vizsg\u00e1latok alapj\u00e1n idej\u00e9ben elkezdhetik a kezel\u00e9st, \u00e9s \u00edgy teljes gy\u00f3gyul\u00e1s \u00e9rhet\u0151 el.<\/p>\n<p><strong>A <span style=\"color: #0000ff;\">kank\u00f3 (tripper) vagy gonorrhoea<\/span><\/strong> k\u00f3rokoz\u00f3ja \u00e1ltal\u00e1ban a h\u00fagycs\u0151 \u00e9s a m\u00e9hnyak gyullad\u00e1s\u00e1t hozza l\u00e9tre. Ennek megfelel\u0151en gyakori \u00e9s f\u00e1jdalmas vizel\u00e9si inger jelentkezhet. Ha a fert\u0151z\u00e9st nem kezelik idej\u00e9ben, felsz\u00e1ll\u00f3 fert\u0151z\u00e9s r\u00e9v\u00e9n megbetegedhetnek a fels\u0151bb n\u0151i szervek, \u00e9s a m\u00e9hny\u00e1lkah\u00e1rtya, valamint a m\u00e9hk\u00fcrt\u00f6k s\u00falyos gyullad\u00e1sa j\u00f6het l\u00e9tre. Szerencs\u00e9re napjainkban ez az \u00e1llapot a korszer\u0171 antibiotikumok haszn\u00e1lata k\u00f6vetkezt\u00e9ben ritk\u00e1n alakul ki.<\/p>\n<p>Ma a<strong><span style=\"color: #0000ff;\"> Chlamydia<\/span><\/strong> bakt\u00e9rium okoz a leggyakrabban szexu\u00e1lis \u00faton terjed\u0151 fert\u0151z\u00e9st. Igen fontos hangs\u00falyozni, hogy a fert\u0151z\u00e9s gyakran t\u00fcnetmentes. Ez a bakt\u00e9rium is a h\u00fagycs\u0151 \u00e9s a m\u00e9hnyak gyullad\u00e1s\u00e1t hozza l\u00e9tre els\u0151k\u00e9nt, ami b\u0151, s\u00e1rg\u00e1s foly\u00e1ssal j\u00e1rhat. Kezel\u00e9s n\u00e9lk\u00fcl ilyenkor is megfert\u0151z\u0151dhetnek a fels\u0151 n\u0151i nemi szervek, annak sz\u00e1mos vesz\u00e9ly\u00e9vel \u00e9s sz\u00f6v\u0151dm\u00e9ny\u00e9vel. Ennek megfelel\u0151en, mivel a bakt\u00e9rium lassan szaporodik, l\u00e9nyegesen hosszabb kezel\u00e9si id\u0151 indokolt, mint m\u00e1s fert\u0151z\u00e9sek eset\u00e9n.<\/p>\n<p><strong><span style=\"color: #000080;\">Az idej\u00e9ben nem kezelt fert\u0151z\u00e9sek a m\u00e9h \u00e9s a petevezet\u00e9kek gyullad\u00e1s\u00e1t, hegesed\u00e9s\u00e9t, \u00f6sszetapad\u00e1s\u00e1t \u00e9s ezzel kapcsolatosan medd\u0151s\u00e9g kialakul\u00e1s\u00e1t okozhatj\u00e1k, vagy id\u00fclt, f\u00e1jdalomcsillap\u00edt\u00f3k hosszas szed\u00e9s\u00e9re sem sz\u0171n\u0151 hasi f\u00e1jdalmak l\u00e9phetnek fel.<\/span><\/strong> A fert\u0151z\u00e9sekkel szemben val\u00f3 v\u00e9dekez\u00e9s (gumi\u00f3vszer!) az\u00e9rt is fontos, mert gyakran alakul ki \u00fagynevezett t\u00fcnetmentes fert\u0151z\u00e9s, amelyet csak n\u0151gy\u00f3gy\u00e1szati vizsg\u00e1lat, kenetv\u00e9tel sor\u00e1n lehet felismerni. <strong><span style=\"color: #000080;\">Az idej\u00e9ben elkezdett antibiotikum kezel\u00e9s seg\u00edts\u00e9g\u00e9vel teljes gy\u00f3gyul\u00e1s \u00e9rhet\u0151 el, \u00e9s megel\u0151zhet\u0151ek a fent eml\u00edtett sz\u00f6v\u0151dm\u00e9nyek is.<\/span><\/strong><\/p>\n<p>L\u00e9teznek olyan v\u00edrusok (hum\u00e1n papilloma v\u00edrus, HPV), amelyek a k\u00fcls\u0151 nemi szervek (nagy-ajkak, h\u00fcvelybemenet) szem\u00f6lcsszer\u0171 elv\u00e1ltoz\u00e1sait hozhatj\u00e1k l\u00e9tre. Ezeket idej\u00e9ben felismerve helyi kezel\u00e9ssel, ecsetel\u00e9ssel hat\u00e9konyan lehet gy\u00f3gy\u00edtani, ellenkez\u0151 esetben azonban olyan nagym\u00e9ret\u0171re n\u00f6vekedhetnek, hogy a kezel\u00e9s csak m\u0171t\u00e9ti kimetsz\u00e9ssel oldhat\u00f3 meg.<\/p>\n<p>Term\u00e9szetesen sz\u00f3t kell ejteni a <strong><span style=\"color: #0000ff;\">HIV-fert\u0151z\u00e9sr\u0151l<\/span><\/strong> is, amely hal\u00e1los kimenetel\u0171 fert\u0151z\u00e9st okoz, valamint a <strong><span style=\"color: #0000ff;\">fert\u0151z\u0151 m\u00e1jgyullad\u00e1s<\/span><\/strong>r\u00f3l \u00e9s a<strong><span style=\"color: #0000ff;\"> herpesz v\u00edrus<\/span><\/strong>r\u00f3l, melyek szint\u00e9n nemi \u00faton is terjednek \u00e9s amelyekkel szemben csak a gumi\u00f3vszer haszn\u00e1lata ny\u00fajthat v\u00e9delmet.<\/p>\n<p><strong><span style=\"color: #0000ff;\">A h\u00fcvelygyullad\u00e1soknak is van olyan v\u00e1ltozata, amelyet szexu\u00e1lis \u00faton terjed\u0151 k\u00f3rokoz\u00f3 hoz l\u00e9tre.<\/span><\/strong> A f\u0151 t\u00fcnet ilyenkor a kellemetlen szag\u00fa, s\u00e1rg\u00e1s-z\u00f6ldes, habos foly\u00e1s, de lehet t\u00fcnetmentes is, ilyenkor csak a n\u0151gy\u00f3gy\u00e1sz veszi \u00e9szre a m\u00e9hnyak gyullad\u00e1sos \u00e1llapot\u00e1t. A fert\u0151z\u00e9s sz\u00f6v\u0151dm\u00e9nyek\u00e9nt, amennyiben nem kezelik, h\u00f3lyaghurut is kialakulhat. <strong><span style=\"color: #0000ff;\">Fontos teh\u00e1t a beteg \u00e9s a partner egyidej\u0171, gy\u00f3gyszeres kezel\u00e9se, \u00e9s az eredm\u00e9nyess\u00e9g ellen\u0151rz\u00e9se is.<\/span><\/strong><\/p>\n<p>T\u00f6bbf\u00e9le fert\u0151z\u00e9s ak\u00e1r egy\u00fcttesen is el\u0151fordulhat. Akkor teh\u00e1t, ha gyakori partnerv\u00e1lt\u00e1s is val\u00f3sz\u00edn\u0171s\u00edthet\u0151 a fert\u0151z\u00e9sek h\u00e1tter\u00e9ben illetve a nemi szervek szem\u00f6lcsszer\u0171 elv\u00e1ltoz\u00e1sair\u00f3l is fenn\u00e1llnak, mindenk\u00e9ppen aj\u00e1nlatos a beteget nemibeteg-gondoz\u00f3ba is ir\u00e1ny\u00edtani, ahol az \u00f6sszes nemi \u00faton terjed\u0151 k\u00f3rokoz\u00f3 vizsg\u00e1lat\u00e1ra (kank\u00f3, szifilisz, HIV) is lehet\u0151s\u00e9g van. Ez term\u00e9szetesen lehets\u00e9ges akkor is, ha a p\u00e1ciens eleve ezzel a k\u00e9r\u00e9ssel fordul a n\u0151gy\u00f3gy\u00e1szhoz. Nem lehet el\u00e9gg\u00e9 hangs\u00falyozni teh\u00e1t az \u00e1tgondolt szexu\u00e1lis partnerkapcsolat \u00e9s a fert\u0151z\u00e9sekkel szemben val\u00f3 v\u00e9dekez\u00e9s (gumi\u00f3vszer!) jelent\u0151s\u00e9g\u00e9t. <strong><span style=\"color: #0000ff;\">Az \u00f3vszer haszn\u00e1lata akkor is aj\u00e1nlott, ha a fogamz\u00e1sg\u00e1tl\u00e1s m\u00e1s m\u00f3don is biztos\u00edtott.<\/span><\/strong> Fontos, hogy amennyiben a p\u00e1ciensnek szexu\u00e1lis fert\u0151z\u00e9sre van gyan\u00faja, azonnal forduljon a n\u0151gy\u00f3gy\u00e1szhoz vagy a b\u0151rgy\u00f3gy\u00e1szhoz, aki miel\u0151bb a megfelel\u0151 kezel\u00e9sben fogja r\u00e9szes\u00edteni, hogy ez\u00e1ltal a fert\u0151z\u00e9s tov\u00e1bbi terjed\u00e9se, a m\u00e1sik partnerre val\u00f3 \u00e1tvitel, illetve a kor\u00e1bbiakban m\u00e1r eml\u00edtett s\u00falyos sz\u00f6v\u0151dm\u00e9nyek kialakul\u00e1sa megakad\u00e1lyozhat\u00f3 legyen.<\/p>\n<h3><span style=\"color: #3366ff;\">A &#8220;Hum\u00e1n Papill\u00f3ma V\u00edrus&#8221; (HPV)<\/span><\/h3>\n<p>L\u00e1sd k\u00fcl\u00f6n <a href=\"http:\/\/magnetovitalrendelo.hu\/rendelo\/szolgaltatasok\/hpv-szures-es-gondozas\/\">men\u00fcpontban a Szolg\u00e1ltat\u00e1sok k\u00f6z\u00f6tt<\/a>.<\/p>\n<h3><span style=\"color: #3366ff;\">Chlamydiasis<\/span><\/h3>\n<p>Chlamydiasisnak a Chlamydia trachomatis nev\u0171 k\u00f3rokoz\u00f3 \u00e1ltal okozott fert\u0151z\u00e9st nevezz\u00fck. Ma a Chlamydia trachomatis a leggyakoribb szexu\u00e1lis \u00faton terjed\u0151 bakt\u00e9rium. N\u0151gy\u00f3gy\u00e1szati probl\u00e9m\u00e1t akkor okoz, amikor kismedencei szervek gyullad\u00e1s\u00e1t okozza. A fert\u0151z\u00e9s forr\u00e1sa \u00e1ltal\u00e1ban a Chlamydi\u00e1s h\u00fagycs\u0151gyullad\u00e1sban szenved\u0151 vagy t\u00fcnetmentesen hordoz\u00f3 f\u00e9rfi, teh\u00e1t \u00e1ltal\u00e1ban nemi \u00faton fert\u0151z\u0151dik a beteg.<\/p>\n<p>A szexu\u00e1lisan akt\u00edv n\u0151k <strong>15-25 %<\/strong>-\u00e1n\u00e1l fordul el\u0151 \u00e9lete sor\u00e1n Chlamydia okozta gyullad\u00e1s, leggyakrabban t\u00fcnetmentesen esnek \u00e1t a n\u0151k a fert\u0151z\u00e9sen, \u00e9s marad\u00e9ktalanul meg is gy\u00f3gyulnak bel\u0151le, de az esetek egy r\u00e9sz\u00e9ben (<strong>kb. 40 %<\/strong>) kr\u00f3nikus gyullad\u00e1s alakul ki t\u00fcnetmentes k\u00f3rokoz\u00f3-hordoz\u00e1ssal.<\/p>\n<p><span style=\"color: #3366ff;\"><strong>Milyen szerveket beteg\u00edthet meg?<\/strong><\/span><\/p>\n<ul>\n<li>Bartholin-mirigy<\/li>\n<li>M\u00e9hnyak mirigyei<\/li>\n<li>M\u00e9hny\u00e1lkah\u00e1rtya<\/li>\n<li>H\u00fagycs\u0151, h\u00fagyh\u00f3lyag<\/li>\n<\/ul>\n<p><span style=\"color: #3366ff;\"><strong>T\u00fcnetei lehetnek:<\/strong><\/span><\/p>\n<ul>\n<li>Kr\u00f3nikus alhasi f\u00e1jdalom<\/li>\n<li>K\u00f6ztes v\u00e9rz\u00e9s<\/li>\n<li>Gyakori vizel\u00e9si k\u00e9sztet\u00e9s, h\u00fagyh\u00f3lyag f\u00e1jdalma<\/li>\n<li>S\u0171r\u0171, s\u00e1rga foly\u00e1s<\/li>\n<li>Medd\u0151s\u00e9g<\/li>\n<\/ul>\n<p>A Chlamydia sz\u0171r\u00e9se \u00e9s kezel\u00e9se megoldott. Amennyiben fenn\u00e1ll a fert\u0151z\u00e9s lehet\u0151s\u00e9ge, keresse megrendel\u0151nket vagy forduljon a n\u0151gy\u00f3gy\u00e1sz\u00e1hoz.<\/p>\n<div class=\"printfriendly pf-button \"><a href=\"http:\/\/magnetovitalrendelo.hu\/rendelo\/szolgaltatasaink-2\/altalanos-szuleszet-nogyogyaszat-onkologia\/nehany-betegsegrol-bovebben\/szexualis-uton-terjedo-fertozesek\/?pfstyle=wp\" rel=\"nofollow\"  title=\"Printer Friendly, PDF & Email\"><img src=\"http:\/\/magnetovitalrendelo.hu\/k\/pf-button-both.gif\" alt=\"Print Friendly, PDF & Email\" class=\"pf-button-img\" style=\"\"  \/><\/a><\/div>\n<p style=\"text-align: center;\"><a class=\"scss3b-button scss3b-button-googleplus\" href=\"http:\/\/magnetovitalrendelo.hu\/rendelo\/szakmai-kerdes\/\">Van szem\u00e9lyes k\u00e9rd\u00e9se? Itt f\u00f6lteheti! <\/a><\/p>\n","protected":false},"excerpt":{"rendered":"<p>Napjainkra egyre t\u00f6bb k\u00f3rokoz\u00f3r\u00f3l bizonyosodott be, hogy k\u00e9pesek szexu\u00e1lis egy\u00fcttl\u00e9t kapcs\u00e1n is terjedni. A fert\u0151z\u00e9sek kialakul\u00e1s\u00e1ban szerepet j\u00e1tsz\u00f3 k\u00f3rokoz\u00f3k lehetnek bakt\u00e9riumok, v\u00edrusok, gomb\u00e1k illetve egy\u00e9b egysejt\u0171 \u00e9l\u0151l\u00e9nyek. T\u00f6bb olyan kock\u00e1zati t\u00e9nyez\u0151 ismert, melyek fenn\u00e1ll\u00e1sakor fokozottabb a fert\u0151z\u00e9s kialakul\u00e1s\u00e1nak es\u00e9lye. A gyakori partnerv\u00e1lt\u00e1sok, a nem megfelel\u0151 tiszt\u00e1lkod\u00e1si szok\u00e1sok, valamint a gumi\u00f3vszer mell\u0151z\u00e9se eset\u00e9n sokkal gyakrabban kell [&hellip;]<\/p>\n","protected":false},"author":1,"featured_media":0,"parent":697,"menu_order":0,"comment_status":"closed","ping_status":"closed","template":"","meta":{"_mi_skip_tracking":false},"_links":{"self":[{"href":"http:\/\/magnetovitalrendelo.hu\/rendelo\/wp-json\/wp\/v2\/pages\/700"}],"collection":[{"href":"http:\/\/magnetovitalrendelo.hu\/rendelo\/wp-json\/wp\/v2\/pages"}],"about":[{"href":"http:\/\/magnetovitalrendelo.hu\/rendelo\/wp-json\/wp\/v2\/types\/page"}],"author":[{"embeddable":true,"href":"http:\/\/magnetovitalrendelo.hu\/rendelo\/wp-json\/wp\/v2\/users\/1"}],"replies":[{"embeddable":true,"href":"http:\/\/magnetovitalrendelo.hu\/rendelo\/wp-json\/wp\/v2\/comments?post=700"}],"version-history":[{"count":2,"href":"http:\/\/magnetovitalrendelo.hu\/rendelo\/wp-json\/wp\/v2\/pages\/700\/revisions"}],"predecessor-version":[{"id":1471,"href":"http:\/\/magnetovitalrendelo.hu\/rendelo\/wp-json\/wp\/v2\/pages\/700\/revisions\/1471"}],"up":[{"embeddable":true,"href":"http:\/\/magnetovitalrendelo.hu\/rendelo\/wp-json\/wp\/v2\/pages\/697"}],"wp:attachment":[{"href":"http:\/\/magnetovitalrendelo.hu\/rendelo\/wp-json\/wp\/v2\/media?parent=700"}],"curies":[{"name":"wp","href":"https:\/\/api.w.org\/{rel}","templated":true}]}}