{"id":689,"date":"2013-03-12T17:20:41","date_gmt":"2013-03-12T16:20:41","guid":{"rendered":"http:\/\/magnetovitalrendelo.hu\/rendelo\/?page_id=689"},"modified":"2013-04-16T16:51:12","modified_gmt":"2013-04-16T14:51:12","slug":"emlorak-szures","status":"publish","type":"page","link":"http:\/\/magnetovitalrendelo.hu\/rendelo\/szolgaltatasaink-2\/altalanos-szuleszet-nogyogyaszat-onkologia\/nogyogyaszati-szurovizsgalat\/emlorak-szures\/","title":{"rendered":"Eml\u0151r\u00e1k-sz\u0171r\u00e9s"},"content":{"rendered":"<div class=\"printfriendly pf-button \"><a href=\"http:\/\/magnetovitalrendelo.hu\/rendelo\/szolgaltatasaink-2\/altalanos-szuleszet-nogyogyaszat-onkologia\/nogyogyaszati-szurovizsgalat\/emlorak-szures\/?pfstyle=wp\" rel=\"nofollow\"  title=\"Printer Friendly, PDF & Email\"><img src=\"http:\/\/magnetovitalrendelo.hu\/k\/pf-button-both.gif\" alt=\"Print Friendly, PDF & Email\" class=\"pf-button-img\" style=\"\"  \/><\/a><\/div>\n<ul>\n<li><img loading=\"lazy\" class=\"alignright size-full wp-image-690\" alt=\"emlorak_szures-1\" src=\"http:\/\/magnetovitalrendelo.hu\/rendelo\/wp-content\/uploads\/sites\/4\/2013\/03\/emlorak_szures-1.jpg\" width=\"139\" height=\"200\" \/><strong>40<\/strong> \u00e9ves kor felett <strong>1-1,5 \u00e9vente<\/strong> sz\u00fcks\u00e9ges elv\u00e9gezni.<\/li>\n<li>Fiatal korban \u00e9szlelt duzzanat vagy elv\u00e1ltoz\u00e1s eset\u00e9n els\u0151sorban ultrahang vizsg\u00e1latot v\u00e9gz\u00fcnk.<\/li>\n<li>40 \u00e9ves kor felett panaszmentess\u00e9g eset\u00e9n is k\u00f6telez\u0151 a mammogr\u00e1fi\u00e1s vizsg\u00e1lat (ez az eml\u0151 r\u00f6ntgen-vizsg\u00e1lata).<\/li>\n<li>Amennyiben gyan\u00fas elv\u00e1ltoz\u00e1st \u00e9szlel\u00fcnk, abb\u00f3l sz\u00fcks\u00e9g eset\u00e9n mikroszk\u00f3pos vizsg\u00e1latra v\u00e9kony t\u0171 seg\u00edts\u00e9g\u00e9vel mint\u00e1t vesznek.<\/li>\n<\/ul>\n<p><img loading=\"lazy\" class=\"aligncenter size-full wp-image-964\" alt=\"emlorak_szures-2\" src=\"http:\/\/magnetovitalrendelo.hu\/rendelo\/wp-content\/uploads\/sites\/4\/2013\/03\/emlorak_szures-2.jpg\" width=\"800\" height=\"193\" \/><\/p>\n<div class=\"printfriendly pf-button \"><a href=\"http:\/\/magnetovitalrendelo.hu\/rendelo\/szolgaltatasaink-2\/altalanos-szuleszet-nogyogyaszat-onkologia\/nogyogyaszati-szurovizsgalat\/emlorak-szures\/?pfstyle=wp\" rel=\"nofollow\"  title=\"Printer Friendly, PDF & Email\"><img src=\"http:\/\/magnetovitalrendelo.hu\/k\/pf-button-both.gif\" alt=\"Print Friendly, PDF & Email\" class=\"pf-button-img\" style=\"\"  \/><\/a><\/div>\n","protected":false},"excerpt":{"rendered":"<p>40 \u00e9ves kor felett 1-1,5 \u00e9vente sz\u00fcks\u00e9ges elv\u00e9gezni. Fiatal korban \u00e9szlelt duzzanat vagy elv\u00e1ltoz\u00e1s eset\u00e9n els\u0151sorban ultrahang vizsg\u00e1latot v\u00e9gz\u00fcnk. 40 \u00e9ves kor felett panaszmentess\u00e9g eset\u00e9n is k\u00f6telez\u0151 a mammogr\u00e1fi\u00e1s vizsg\u00e1lat (ez az eml\u0151 r\u00f6ntgen-vizsg\u00e1lata). Amennyiben gyan\u00fas elv\u00e1ltoz\u00e1st \u00e9szlel\u00fcnk, abb\u00f3l sz\u00fcks\u00e9g eset\u00e9n mikroszk\u00f3pos vizsg\u00e1latra v\u00e9kony t\u0171 seg\u00edts\u00e9g\u00e9vel mint\u00e1t vesznek.<\/p>\n","protected":false},"author":1,"featured_media":0,"parent":671,"menu_order":0,"comment_status":"closed","ping_status":"open","template":"full-width-page.php","meta":{"_mi_skip_tracking":false},"_links":{"self":[{"href":"http:\/\/magnetovitalrendelo.hu\/rendelo\/wp-json\/wp\/v2\/pages\/689"}],"collection":[{"href":"http:\/\/magnetovitalrendelo.hu\/rendelo\/wp-json\/wp\/v2\/pages"}],"about":[{"href":"http:\/\/magnetovitalrendelo.hu\/rendelo\/wp-json\/wp\/v2\/types\/page"}],"author":[{"embeddable":true,"href":"http:\/\/magnetovitalrendelo.hu\/rendelo\/wp-json\/wp\/v2\/users\/1"}],"replies":[{"embeddable":true,"href":"http:\/\/magnetovitalrendelo.hu\/rendelo\/wp-json\/wp\/v2\/comments?post=689"}],"version-history":[{"count":0,"href":"http:\/\/magnetovitalrendelo.hu\/rendelo\/wp-json\/wp\/v2\/pages\/689\/revisions"}],"up":[{"embeddable":true,"href":"http:\/\/magnetovitalrendelo.hu\/rendelo\/wp-json\/wp\/v2\/pages\/671"}],"wp:attachment":[{"href":"http:\/\/magnetovitalrendelo.hu\/rendelo\/wp-json\/wp\/v2\/media?parent=689"}],"curies":[{"name":"wp","href":"https:\/\/api.w.org\/{rel}","templated":true}]}}