{"id":683,"date":"2013-03-12T17:16:55","date_gmt":"2013-03-12T16:16:55","guid":{"rendered":"http:\/\/magnetovitalrendelo.hu\/rendelo\/?page_id=683"},"modified":"2014-12-15T09:55:14","modified_gmt":"2014-12-15T08:55:14","slug":"mehnyakrak-szures","status":"publish","type":"page","link":"http:\/\/magnetovitalrendelo.hu\/rendelo\/szolgaltatasaink-2\/altalanos-szuleszet-nogyogyaszat-onkologia\/nogyogyaszati-szurovizsgalat\/mehnyakrak-szures\/","title":{"rendered":"M\u00e9hnyakr\u00e1k-sz\u0171r\u00e9s"},"content":{"rendered":"<div class=\"printfriendly pf-button \"><a href=\"http:\/\/magnetovitalrendelo.hu\/rendelo\/szolgaltatasaink-2\/altalanos-szuleszet-nogyogyaszat-onkologia\/nogyogyaszati-szurovizsgalat\/mehnyakrak-szures\/?pfstyle=wp\" rel=\"nofollow\"  title=\"Printer Friendly, PDF & Email\"><img src=\"http:\/\/magnetovitalrendelo.hu\/k\/pf-button-both.gif\" alt=\"Print Friendly, PDF & Email\" class=\"pf-button-img\" style=\"\"  \/><\/a><\/div>\n<ul>\n<li><img loading=\"lazy\" class=\"alignright  wp-image-684\" src=\"http:\/\/magnetovitalrendelo.hu\/rendelo\/wp-content\/uploads\/sites\/4\/2013\/03\/mehnyakrak_szures-1.jpg\" alt=\"mehnyakrak_szures-1\" width=\"375\" height=\"246\" srcset=\"http:\/\/magnetovitalrendelo.hu\/rendelo\/wp-content\/uploads\/sites\/4\/2013\/03\/mehnyakrak_szures-1.jpg 375w, http:\/\/magnetovitalrendelo.hu\/rendelo\/wp-content\/uploads\/sites\/4\/2013\/03\/mehnyakrak_szures-1-300x196.jpg 300w\" sizes=\"(max-width: 375px) 100vw, 375px\" \/>\u00c9vente sz\u00fcks\u00e9ges elv\u00e9gezni: a rendszeres szexu\u00e1lis \u00e9let elkezd\u00e9s\u00e9t\u0151l (f\u00fcggetlen\u00fcl a kort\u00f3l) folyamatosan.<\/li>\n<li>K\u00fcl\u00f6n\u00f6sen fontos a sz\u0171r\u0151vizsg\u00e1latot elv\u00e9gezni, ha az al\u00e1bbi hajlamos\u00edt\u00f3 t\u00e9nyez\u0151k k\u00f6z\u00fcl kett\u0151 vagy t\u00f6bb fenn\u00e1ll:\n<ul>\n<li>18 \u00e9ves kor el\u0151tti szexu\u00e1lis aktivit\u00e1s<\/li>\n<li>gyakori partnercsere<\/li>\n<li>t\u00f6bbsz\u00f6ri sz\u00fcl\u00e9s<\/li>\n<li>a f\u00e9rfi partner gyakori szexu\u00e1lis partnercser\u00e9je<\/li>\n<li>rossz szexu\u00e1lis higi\u00e9n\u00e9<\/li>\n<li>csal\u00e1dban el\u0151fordult m\u00e9hnyakr\u00e1k<\/li>\n<li>gyakori n\u0151gy\u00f3gy\u00e1szati gyullad\u00e1sok<\/li>\n<li>egyes igazolt v\u00edrusbetegs\u00e9gek eset\u00e9n (HIV, HPV, Herpes [nemiszerven])<\/li>\n<li>doh\u00e1nyz\u00e1s<\/li>\n<\/ul>\n<\/li>\n<li><img loading=\"lazy\" class=\"alignright size-full wp-image-685\" src=\"http:\/\/magnetovitalrendelo.hu\/rendelo\/wp-content\/uploads\/sites\/4\/2013\/03\/mehnyakrak_szures-2.jpg\" alt=\"mehnyakrak_szures-2\" width=\"232\" height=\"217\" \/>N\u0151gy\u00f3gy\u00e1szati vizsg\u00e1lat sor\u00e1n a m\u00e9hsz\u00e1j fel\u00fclet\u00e9r\u0151l \u00e9s a m\u00e9hnyakb\u00f3l vattap\u00e1lc\u00e1val (a f\u00fcltiszt\u00edt\u00f3 p\u00e1lc\u00e1hoz hasonl\u00f3 eszk\u00f6zzel) vagy m\u00e1sfajta mintav\u00e9teli eszk\u00f6zzel v\u00e1lad\u00e9kot vesz\u00fcnk, melyet egy \u00fcveglemezre kiken\u00fcnk \u00e9s azt mikroszk\u00f3pos vizsg\u00e1latra k\u00fcldj\u00fck.<\/li>\n<li>Ezut\u00e1n un. kolposcopos (a m\u00e9hsz\u00e1j \u00e9s k\u00f6rnyezete nagy nagy\u00edt\u00e1s\u00fa), szemmel t\u00f6rt\u00e9n\u0151 vizsg\u00e1lata k\u00f6vetkezik.<\/li>\n<li>Az eredm\u00e9nyt maximum 2 h\u00e9ten bel\u00fcl SMS-ben vagy e-mailben k\u00fcld\u00f6m<\/li>\n<li>Egy elv\u00e9gzett vizsg\u00e1lat <strong>85-88%<\/strong> biztons\u00e1ggal tudja kiz\u00e1rni a r\u00e1kos megbeteged\u00e9st, vagy az azt megel\u0151z\u0151 \u00e1llapotokat. Ehhez hozz\u00e1j\u00e1rul a kolposcopos vizsg\u00e1lat, melynek az \u00e9rz\u00e9kenys\u00e9ge 78-80%.<\/li>\n<li>A k\u00e9t vizsg\u00e1lat egy\u00fcttes alkalmaz\u00e1s\u00e1val <strong>95-98%<\/strong>-os biztons\u00e1ggal kiz\u00e1rhat\u00f3 a rosszindulat\u00fa elv\u00e1ltoz\u00e1s, illetve annak el\u0151fordul\u00e1si es\u00e9lye egy \u00e9ven bel\u00fcl.<\/li>\n<\/ul>\n<div class=\"printfriendly pf-button \"><a href=\"http:\/\/magnetovitalrendelo.hu\/rendelo\/szolgaltatasaink-2\/altalanos-szuleszet-nogyogyaszat-onkologia\/nogyogyaszati-szurovizsgalat\/mehnyakrak-szures\/?pfstyle=wp\" rel=\"nofollow\"  title=\"Printer Friendly, PDF & Email\"><img src=\"http:\/\/magnetovitalrendelo.hu\/k\/pf-button-both.gif\" alt=\"Print Friendly, PDF & Email\" class=\"pf-button-img\" style=\"\"  \/><\/a><\/div>\n","protected":false},"excerpt":{"rendered":"<p>\u00c9vente sz\u00fcks\u00e9ges elv\u00e9gezni: a rendszeres szexu\u00e1lis \u00e9let elkezd\u00e9s\u00e9t\u0151l (f\u00fcggetlen\u00fcl a kort\u00f3l) folyamatosan. K\u00fcl\u00f6n\u00f6sen fontos a sz\u0171r\u0151vizsg\u00e1latot elv\u00e9gezni, ha az al\u00e1bbi hajlamos\u00edt\u00f3 t\u00e9nyez\u0151k k\u00f6z\u00fcl kett\u0151 vagy t\u00f6bb fenn\u00e1ll: 18 \u00e9ves kor el\u0151tti szexu\u00e1lis aktivit\u00e1s gyakori partnercsere t\u00f6bbsz\u00f6ri sz\u00fcl\u00e9s a f\u00e9rfi partner gyakori szexu\u00e1lis partnercser\u00e9je rossz szexu\u00e1lis higi\u00e9n\u00e9 csal\u00e1dban el\u0151fordult m\u00e9hnyakr\u00e1k gyakori n\u0151gy\u00f3gy\u00e1szati gyullad\u00e1sok egyes igazolt v\u00edrusbetegs\u00e9gek [&hellip;]<\/p>\n","protected":false},"author":1,"featured_media":0,"parent":671,"menu_order":0,"comment_status":"closed","ping_status":"closed","template":"full-width-page.php","meta":{"_mi_skip_tracking":false},"_links":{"self":[{"href":"http:\/\/magnetovitalrendelo.hu\/rendelo\/wp-json\/wp\/v2\/pages\/683"}],"collection":[{"href":"http:\/\/magnetovitalrendelo.hu\/rendelo\/wp-json\/wp\/v2\/pages"}],"about":[{"href":"http:\/\/magnetovitalrendelo.hu\/rendelo\/wp-json\/wp\/v2\/types\/page"}],"author":[{"embeddable":true,"href":"http:\/\/magnetovitalrendelo.hu\/rendelo\/wp-json\/wp\/v2\/users\/1"}],"replies":[{"embeddable":true,"href":"http:\/\/magnetovitalrendelo.hu\/rendelo\/wp-json\/wp\/v2\/comments?post=683"}],"version-history":[{"count":1,"href":"http:\/\/magnetovitalrendelo.hu\/rendelo\/wp-json\/wp\/v2\/pages\/683\/revisions"}],"predecessor-version":[{"id":1416,"href":"http:\/\/magnetovitalrendelo.hu\/rendelo\/wp-json\/wp\/v2\/pages\/683\/revisions\/1416"}],"up":[{"embeddable":true,"href":"http:\/\/magnetovitalrendelo.hu\/rendelo\/wp-json\/wp\/v2\/pages\/671"}],"wp:attachment":[{"href":"http:\/\/magnetovitalrendelo.hu\/rendelo\/wp-json\/wp\/v2\/media?parent=683"}],"curies":[{"name":"wp","href":"https:\/\/api.w.org\/{rel}","templated":true}]}}