{"id":67,"date":"2013-02-19T17:37:51","date_gmt":"2013-02-19T16:37:51","guid":{"rendered":"http:\/\/magnetovitalrendelo.hu\/rendelo\/?page_id=67"},"modified":"2014-12-15T09:51:36","modified_gmt":"2014-12-15T08:51:36","slug":"eletvezetesi-tanacsadas","status":"publish","type":"page","link":"http:\/\/magnetovitalrendelo.hu\/rendelo\/szolgaltatasaink-2\/eletvezetesi-tanacsadas\/","title":{"rendered":"\u00c9letvezet\u00e9si tan\u00e1csad\u00e1s"},"content":{"rendered":"<div class=\"printfriendly pf-button \"><a href=\"http:\/\/magnetovitalrendelo.hu\/rendelo\/szolgaltatasaink-2\/eletvezetesi-tanacsadas\/?pfstyle=wp\" rel=\"nofollow\"  title=\"Printer Friendly, PDF & Email\"><img src=\"http:\/\/magnetovitalrendelo.hu\/k\/pf-button-both.gif\" alt=\"Print Friendly, PDF & Email\" class=\"pf-button-img\" style=\"\"  \/><\/a><\/div>\n<blockquote>\n<p style=\"text-align: right;\"><span style=\"color: #800080;\">\u201eNem oldhatjuk meg a probl\u00e9m\u00e1kat ugyanazzal a gondolkod\u00e1sm\u00f3ddal, amivel teremtett\u00fck \u0151ket.&#8221;<\/span> &#8211; <strong>Albert Einstein<\/strong><\/p>\n<\/blockquote>\n<p><img loading=\"lazy\" class=\"alignright size-full wp-image-880\" src=\"http:\/\/magnetovitalrendelo.hu\/rendelo\/wp-content\/uploads\/sites\/4\/2013\/02\/eletvezetesi_tanacsadas-1.jpg\" alt=\"eletvezetesi_tanacsadas-1\" width=\"250\" height=\"190\" \/>Az orvostudom\u00e1ny gyakorl\u00e1s\u00e1ban sajnos t\u00f6bb hib\u00e1t is elk\u00f6vethet\u00fcnk. Az egyik az, hogy oki kezel\u00e9s helyett els\u0151sorban k\u00e9nyelmi okokb\u00f3l, id\u0151hi\u00e1nyb\u00f3l csak t\u00fcneti kezel\u00e9sekre t\u00f6reksz\u00fcnk, a m\u00e1sik, hogy nem vagyunk tekintettel arra, hogy a betegs\u00e9gek kiv\u00e1lt\u00f3 okai a beteg ember k\u00f6rnyezet\u00e9ben keresend\u0151ek, \u00e9s azzal, ha a beteget megfelel\u0151 felk\u00e9sz\u00edt\u00e9s \u00e9s v\u00e9delem n\u00e9lk\u00fcl k\u00fcldj\u00fck vissza a ter\u00e1pia ut\u00e1n ugyanabba a k\u00f6rnyezetbe, ezzel k\u00f3doljuk a betegs\u00e9g ki\u00fajul\u00e1s\u00e1t, \u00fajrakeletkez\u00e9s\u00e9t vagy m\u00e1s betegs\u00e9gek kialakul\u00e1s\u00e1t. A harmadik nagy hiba, hogy a gy\u00f3gyultnak gondolt beteg kez\u00e9t elengedj\u00fck, \u00e9s a tov\u00e1bbi sors\u00e1nak alak\u00edt\u00e1s\u00e1t seg\u00edts\u00e9g n\u00e9lk\u00fcl r\u00e1hagyjuk.<\/p>\n<p>Ezeket a hi\u00e1nyoss\u00e1gokat \u00e1thidaland\u00f3 oly m\u00f3don pr\u00f3b\u00e1lunk meg intenz\u00edven r\u00e9szt venni a betegeink \u00e9let\u00e9ben, hogy a diagn\u00f3zis fel\u00e1ll\u00edt\u00e1sa pillanat\u00e1t\u00f3l kezdve, a teljes kezel\u00e9s id\u0151tartama alatt \u00e9s ut\u00e1na is megpr\u00f3b\u00e1ljuk \u0150ket tan\u00e1csokkal ell\u00e1tni a lak\u00f3k\u00f6rnyezet\u00fck \u00e1talak\u00edt\u00e1s\u00e1t\u00f3l kezdve a stresszkezel\u00e9sen \u00e1t az \u00e9trendj\u00fckig minden l\u00e9nyeges k\u00e9rd\u00e9sben. Felh\u00edvjuk a figyelm\u00fcket a t\u00e9renergi\u00e1k, a f\u00f6ldsug\u00e1rz\u00e1sok, az interperszon\u00e1lis kapcsolatok, az \u00e9letm\u00f3djuk, az \u00e9trendj\u00fck \u00e9s minden k\u00f6rnyezeti hat\u00e1s betegs\u00e9gokoz\u00f3 \u00e9s fenntart\u00f3 hat\u00e1s\u00e1ra, \u00e9s arra, hogy mik\u00e9nt lehet ezeket kik\u00fcsz\u00f6b\u00f6lni vagy hat\u00e1stalan\u00edtani.<\/p>\n<p>Igyeksz\u00fcnk mindenben a seg\u00edts\u00e9g\u00fckre lenni, ez\u00e9rt a munkat\u00e1rsi k\u00f6r\u00fcnkben van:<\/p>\n<ul>\n<li>hagyom\u00e1nyos pszichol\u00f3gus \u00e9s integr\u00e1l-pszichol\u00f3giai tan\u00e1csad\u00f3,<\/li>\n<li>kineziol\u00f3gus,<\/li>\n<li>\u00c9FT-terapeuta,<\/li>\n<li>ayurv\u00e9dikus gy\u00f3gy\u00edt\u00f3,<\/li>\n<li>gy\u00f3gy- \u00e9s maori-massz\u0151r,<\/li>\n<li>hagyom\u00e1nyos, integr\u00e1l- \u00e9s v\u00e9dikus asztrol\u00f3gus,<img loading=\"lazy\" class=\"alignright size-full wp-image-882\" src=\"http:\/\/magnetovitalrendelo.hu\/rendelo\/wp-content\/uploads\/sites\/4\/2013\/02\/eletvezetesi_tanacsadas-2.jpg\" alt=\"eletvezetesi_tanacsadas-2\" width=\"250\" height=\"196\" \/><\/li>\n<li>Vaszati-szak\u00e9rt\u0151,<\/li>\n<li>radieszt\u00e9ta,<\/li>\n<li>reflexol\u00f3gus,<\/li>\n<li>gy\u00f3gyn\u00f6v\u00e9nyszak\u00e9rt\u0151,<\/li>\n<li>homeop\u00e1ti\u00e1s szakember<\/li>\n<li>Sch\u00fcssler-terapeuta,<\/li>\n<li>Hellinger-terapeuta<\/li>\n<li>AVIVA-oktat\u00f3 \u00e9s<\/li>\n<li>dietetikus<\/li>\n<\/ul>\n<p>akiket sz\u00fcks\u00e9g szerint aj\u00e1nlunk minden r\u00e1szorul\u00f3nak. <strong><span style=\"color: #000080;\">Elmagyar\u00e1zzuk mindenkinek, hogy a betegs\u00e9ge hogyan alakulhatott ki, seg\u00edt\u00fcnk az elmulaszt\u00e1s\u00e1hoz sz\u00fcks\u00e9ges elk\u00f6telez\u0151d\u00e9sben, \u00e9s er\u0151s\u00edtj\u00fck az akaratot \u00e9s a hitet a megold\u00e1sra. Folyamatosan nyomon k\u00f6vetj\u00fck a fejl\u0151d\u00e9st, de mindenkor meghagyjuk mindenki sz\u00e1m\u00e1ra a szabad v\u00e1laszt\u00e1s lehet\u0151s\u00e9g\u00e9t. Nem k\u00e9nyszer\u00edt\u00fcnk senkit sem v\u00e1laszt\u00e1sra, sem d\u00f6nt\u00e9sre, mindenki d\u00f6nt\u00e9s\u00e9t elfogadjuk \u00e9s t\u00e1mogatjuk. Igyeksz\u00fcnk a lehet legkomplexebb kezel\u00e9st ny\u00fajtani minden r\u00e1szorul\u00f3 sz\u00e1m\u00e1ra, \u00e9s senki kez\u00e9t nem engedj\u00fck el, de lehet\u0151s\u00e9get biztos\u00edtunk a lev\u00e1l\u00e1sra, amennyiben \u00fagy \u00e9rzik, hogy az \u00fatjuk nem k\u00f6z\u00f6s a mi\u00e9nkkel.<\/span><\/strong><\/p>\n<div class=\"printfriendly pf-button \"><a href=\"http:\/\/magnetovitalrendelo.hu\/rendelo\/szolgaltatasaink-2\/eletvezetesi-tanacsadas\/?pfstyle=wp\" rel=\"nofollow\"  title=\"Printer Friendly, PDF & Email\"><img src=\"http:\/\/magnetovitalrendelo.hu\/k\/pf-button-both.gif\" alt=\"Print Friendly, PDF & Email\" class=\"pf-button-img\" style=\"\"  \/><\/a><\/div>\n","protected":false},"excerpt":{"rendered":"<p>\u201eNem oldhatjuk meg a probl\u00e9m\u00e1kat ugyanazzal a gondolkod\u00e1sm\u00f3ddal, amivel teremtett\u00fck \u0151ket.&#8221; &#8211; Albert Einstein Az orvostudom\u00e1ny gyakorl\u00e1s\u00e1ban sajnos t\u00f6bb hib\u00e1t is elk\u00f6vethet\u00fcnk. Az egyik az, hogy oki kezel\u00e9s helyett els\u0151sorban k\u00e9nyelmi okokb\u00f3l, id\u0151hi\u00e1nyb\u00f3l csak t\u00fcneti kezel\u00e9sekre t\u00f6reksz\u00fcnk, a m\u00e1sik, hogy nem vagyunk tekintettel arra, hogy a betegs\u00e9gek kiv\u00e1lt\u00f3 okai a beteg ember k\u00f6rnyezet\u00e9ben keresend\u0151ek, \u00e9s [&hellip;]<\/p>\n","protected":false},"author":1,"featured_media":0,"parent":14,"menu_order":0,"comment_status":"closed","ping_status":"closed","template":"","meta":{"_mi_skip_tracking":false},"_links":{"self":[{"href":"http:\/\/magnetovitalrendelo.hu\/rendelo\/wp-json\/wp\/v2\/pages\/67"}],"collection":[{"href":"http:\/\/magnetovitalrendelo.hu\/rendelo\/wp-json\/wp\/v2\/pages"}],"about":[{"href":"http:\/\/magnetovitalrendelo.hu\/rendelo\/wp-json\/wp\/v2\/types\/page"}],"author":[{"embeddable":true,"href":"http:\/\/magnetovitalrendelo.hu\/rendelo\/wp-json\/wp\/v2\/users\/1"}],"replies":[{"embeddable":true,"href":"http:\/\/magnetovitalrendelo.hu\/rendelo\/wp-json\/wp\/v2\/comments?post=67"}],"version-history":[{"count":1,"href":"http:\/\/magnetovitalrendelo.hu\/rendelo\/wp-json\/wp\/v2\/pages\/67\/revisions"}],"predecessor-version":[{"id":1405,"href":"http:\/\/magnetovitalrendelo.hu\/rendelo\/wp-json\/wp\/v2\/pages\/67\/revisions\/1405"}],"up":[{"embeddable":true,"href":"http:\/\/magnetovitalrendelo.hu\/rendelo\/wp-json\/wp\/v2\/pages\/14"}],"wp:attachment":[{"href":"http:\/\/magnetovitalrendelo.hu\/rendelo\/wp-json\/wp\/v2\/media?parent=67"}],"curies":[{"name":"wp","href":"https:\/\/api.w.org\/{rel}","templated":true}]}}