{"id":632,"date":"2013-03-12T15:31:01","date_gmt":"2013-03-12T14:31:01","guid":{"rendered":"http:\/\/magnetovitalrendelo.hu\/rendelo\/?page_id=632"},"modified":"2015-09-02T11:13:18","modified_gmt":"2015-09-02T09:13:18","slug":"tajekoztatok","status":"publish","type":"page","link":"http:\/\/magnetovitalrendelo.hu\/rendelo\/szolgaltatasaink-2\/mutetek\/tajekoztatok\/","title":{"rendered":"T\u00e1j\u00e9koztat\u00f3k"},"content":{"rendered":"<div class=\"printfriendly pf-button \"><a href=\"http:\/\/magnetovitalrendelo.hu\/rendelo\/szolgaltatasaink-2\/mutetek\/tajekoztatok\/?pfstyle=wp\" rel=\"nofollow\"  title=\"Printer Friendly, PDF & Email\"><img src=\"http:\/\/magnetovitalrendelo.hu\/k\/pf-button-both.gif\" alt=\"Print Friendly, PDF & Email\" class=\"pf-button-img\" style=\"\"  \/><\/a><\/div>\n<h3><span style=\"color: #3366ff;\">T\u00e1j\u00e9koztat\u00f3 a n\u0151gy\u00f3gy\u00e1szati kism\u0171t\u00e9tekhez<\/span><\/h3>\n<p>Engedje meg, hogy t\u00e1j\u00e9koztassuk a n\u0151gy\u00f3gy\u00e1szati kism\u0171t\u00e9tekre vonatkoz\u00f3 inform\u00e1ci\u00f3kr\u00f3l \u00e9s adjunk n\u00e9h\u00e1ny praktikus tan\u00e1csot a v\u00e1rhat\u00f3 t\u00f6rt\u00e9n\u00e9sekhez.<\/p>\n<p><span style=\"color: #3366ff;\"><strong>M\u0171t\u00e9thez sz\u00fcks\u00e9ges kivizsg\u00e1l\u00e1s:<\/strong><\/span><\/p>\n<ul>\n<li><strong>EKG<\/strong> (2 h\u00f3napn\u00e1l nem r\u00e9gebbi)<\/li>\n<li><strong>labor<\/strong> (v\u00e9rk\u00e9p, \u00e1ltal\u00e1nos vizelet, m\u00e1j- \u00e9s vesefunkci\u00f3)<\/li>\n<li>sz\u00fcks\u00e9g eset\u00e9n <strong>terhess\u00e9gi teszt<\/strong><\/li>\n<li><strong>v\u00e9rcsoport+Rh<\/strong> (terhess\u00e9g befejez\u00e9se eset\u00e9n), amennyiben kor\u00e1bban m\u00e1r k\u00e9sz\u00fclt \u00d6nn\u00e9l v\u00e9rcsoport-meghat\u00e1roz\u00e1s, \u00e9s err\u0151l van r\u00e9gi lelete (z\u00e1r\u00f3jelent\u00e9s, terhesgondoz\u00e1si kisk\u00f6nyv stb.), azt elfogadjuk.<\/li>\n<\/ul>\n<p><span style=\"color: #3366ff;\"><strong>K\u00f3rh\u00e1zi felv\u00e9tel:<\/strong><\/span><\/p>\n<p>A k\u00f3rh\u00e1zi felv\u00e9telre a megbesz\u00e9lt m\u0171t\u00e9ti napon<strong> 7:00<\/strong>-kor jelentkezz\u00e9k a<span style=\"color: #993300;\"><strong> Szent Istv\u00e1n k\u00f3rh\u00e1z N \u00e9p\u00fclet\u00e9ben a Sz\u00fcl\u00e9szeti Oszt\u00e1lyon az alagsori ambulanci\u00e1n<\/strong><\/span> \u00e9hgyomorral (<span style=\"color: #ff0000;\">el\u0151z\u0151 napon csak egy k\u00f6nny\u0171 vacsor\u00e1t, \u00e9jf\u00e9l ut\u00e1n m\u00e1r csak kev\u00e9s sz\u00e9nsavmentes vizet fogyaszthat, maximum hajnali 3 \u00f3r\u00e1ig!<\/span>).<\/p>\n<p>K\u00e9rj\u00fck, hogy a m\u0171t\u00e9ti felv\u00e9telkor a beutal\u00f3j\u00e1t, minden elk\u00e9sz\u00fclt \u00e9s kor\u00e1bbi leleteit egy dosszi\u00e9ban hozza mag\u00e1val!<\/p>\n<p>Amennyiben rendszeresen szed valamilyen gy\u00f3gyszert, hozza mag\u00e1val \u00e9s a m\u0171t\u00e9t napj\u00e1n \u00e9s egy korty v\u00edzzel vegye be a sz\u00fcks\u00e9ges orvoss\u00e1gokat.<\/p>\n<p>A m\u0171t\u00e9thez el\u0151zetesen altesti borotv\u00e1l\u00e1st aj\u00e1nlott otthon elv\u00e9gezni.<\/p>\n<p>&nbsp;<\/p>\n<h3><span style=\"color: #3366ff;\">T\u00e1j\u00e9koztat\u00f3 a n\u0151gy\u00f3gy\u00e1szati nagym\u0171t\u00e9tekhez<\/span><\/h3>\n<p>&nbsp;<\/p>\n<p>Engedje meg, hogy t\u00e1j\u00e9koztassuk a n\u0151gy\u00f3gy\u00e1szati nagym\u0171t\u00e9tek eset\u00e9n sz\u00fcks\u00e9ges inform\u00e1ci\u00f3kr\u00f3l \u00e9s adjunk n\u00e9h\u00e1ny praktikus tan\u00e1csot a v\u00e1rhat\u00f3 t\u00f6rt\u00e9n\u00e9sekhez.<\/p>\n<p><span style=\"color: #3366ff;\"><strong>M\u0171t\u00e9thez sz\u00fcks\u00e9ges kivizsg\u00e1l\u00e1s:<\/strong><\/span><\/p>\n<ul>\n<li><strong>EKG<\/strong> (2 h\u00f3napn\u00e1l nem r\u00e9gebbi)<\/li>\n<li><strong>labor<\/strong> (v\u00e9rk\u00e9p, \u00e1ltal\u00e1nos vizelet, m\u00e1j- \u00e9s vesefunkci\u00f3, v\u00e9ralvad\u00e1s) (1 h\u00f3napn\u00e1l nem r\u00e9gebbi)<\/li>\n<li><strong>terhess\u00e9gi teszt<\/strong> (2 h\u00e9tn\u00e9l nem r\u00e9gebbi)<\/li>\n<li><strong>v\u00e9rcsoport, ellenanyag<\/strong> (1 h\u00f3napn\u00e1l nem r\u00e9gebbi)<\/li>\n<li><strong>mellkas r\u00f6ntgen<\/strong> (2 h\u00f3napn\u00e1l nem r\u00e9gebbi)<\/li>\n<li><strong>Medd\u0151s\u00e9gi vizsg\u00e1latn\u00e1l:<\/strong> hormon-, partner spermavizsg\u00e1lati lelete<\/li>\n<\/ul>\n<p><span style=\"color: #3366ff;\"><strong>K\u00f3rh\u00e1zi felv\u00e9tel:<\/strong><\/span><\/p>\n<p>A k\u00f3rh\u00e1zi felv\u00e9telre a megbesz\u00e9lt m\u0171t\u00e9t el\u0151tti napon <strong>8:00<\/strong>-kor jelentkezz\u00e9k a <span style=\"color: #993300;\"><strong>Szent Istv\u00e1n k\u00f3rh\u00e1z N\u0151gy\u00f3gy\u00e1szati alagsori ambulanci\u00e1j\u00e1n \/N \u00e9p\u00fclet\/<\/strong><\/span>, \u00e9hgyomorral. A felv\u00e9telkor az adminisztr\u00e1ci\u00f3 ut\u00e1n elfoglalhatja \u00e1gy\u00e1t, majd a reggeli vizitn\u00e9l f\u0151orvosi bemutat\u00e1s \u00e9s a m\u0171t\u00e9t v\u00e9gleges\u00edt\u00e9se t\u00f6rt\u00e9nik. Ezek ut\u00e1n az altat\u00f3 orvosa vizsg\u00e1lja meg.<\/p>\n<p>A m\u0171t\u00e9tet megel\u0151z\u0151 napon csak egy k\u00f6nny\u0171 vacsor\u00e1t, \u00e9jf\u00e9l ut\u00e1n m\u00e1r csak kev\u00e9s<br \/>\nsz\u00e9nsavmentes vizet fogyaszthat, majd reggel 6 \u00f3r\u00e1t\u00f3l semmit!<\/p>\n<p>Akinek b\u00e9lel\u0151k\u00e9sz\u00edt\u00e9s sz\u00fcks\u00e9ges, el\u0151z\u0151 nap d\u00e9lt\u0151l nem ehet. Cukorbetegek eset\u00e9n az inzulinadag m\u00f3dos\u00edt\u00e1s\u00e1t el\u0151zetesen egyeztetni kell.<\/p>\n<p>K\u00e9rj\u00fck, hogy a m\u0171t\u00e9ti felv\u00e9telkor a beutal\u00f3j\u00e1t, minden elk\u00e9sz\u00fclt \u00e9s kor\u00e1bbi leleteit<br \/>\negy dosszi\u00e9ban hozza mag\u00e1val!<\/p>\n<p>Amennyiben rendszeresen szed valamilyen gy\u00f3gyszert, hozza mag\u00e1val \u00e9s a m\u0171t\u00e9t<br \/>\nnapj\u00e1n egy korty v\u00edzzel vegye be a sz\u00fcks\u00e9ges orvoss\u00e1gokat.<\/p>\n<p>A m\u0171t\u00e9thez el\u0151zetesen altesti borotv\u00e1l\u00e1st aj\u00e1nlott otthon elv\u00e9gezni.<\/p>\n<p><strong>Az al\u00e1bbi gy\u00f3gyszerek szed\u00e9s\u00e9nek m\u00f3dos\u00edt\u00e1s\u00e1ra lesz sz\u00fcks\u00e9g, melyet a m\u0171t\u00e9t <\/strong><strong>el\u0151tt meg kell besz\u00e9lni:<\/strong><\/p>\n<ul>\n<li>sz\u00e1jon \u00e1t szedett antidiabetikumokat (v\u00e9rcukor-cs\u00f6kkent\u0151 gy\u00f3gyszerek) a m\u0171t\u00e9ti<br \/>\nid\u0151szakban inzulinra kell v\u00e1ltani<\/li>\n<li>altat\u00f3kat, nyugtat\u00f3kat, antidepressz\u00e1ns gy\u00f3gyszereket<\/li>\n<li>v\u00e9rh\u00edg\u00edt\u00f3kat.<\/li>\n<li>hormonk\u00e9sz\u00edtm\u00e9nyeket<\/li>\n<\/ul>\n<div class=\"printfriendly pf-button \"><a href=\"http:\/\/magnetovitalrendelo.hu\/rendelo\/szolgaltatasaink-2\/mutetek\/tajekoztatok\/?pfstyle=wp\" rel=\"nofollow\"  title=\"Printer Friendly, PDF & Email\"><img src=\"http:\/\/magnetovitalrendelo.hu\/k\/pf-button-both.gif\" alt=\"Print Friendly, PDF & Email\" class=\"pf-button-img\" style=\"\"  \/><\/a><\/div>\n<p style=\"text-align: center;\"><a class=\"scss3b-button scss3b-button-googleplus\" href=\"http:\/\/magnetovitalrendelo.hu\/rendelo\/szakmai-kerdes\/\">Van szem\u00e9lyes k\u00e9rd\u00e9se? Itt f\u00f6lteheti! <\/a><\/p>\n","protected":false},"excerpt":{"rendered":"<p>T\u00e1j\u00e9koztat\u00f3 a n\u0151gy\u00f3gy\u00e1szati kism\u0171t\u00e9tekhez Engedje meg, hogy t\u00e1j\u00e9koztassuk a n\u0151gy\u00f3gy\u00e1szati kism\u0171t\u00e9tekre vonatkoz\u00f3 inform\u00e1ci\u00f3kr\u00f3l \u00e9s adjunk n\u00e9h\u00e1ny praktikus tan\u00e1csot a v\u00e1rhat\u00f3 t\u00f6rt\u00e9n\u00e9sekhez. M\u0171t\u00e9thez sz\u00fcks\u00e9ges kivizsg\u00e1l\u00e1s: EKG (2 h\u00f3napn\u00e1l nem r\u00e9gebbi) labor (v\u00e9rk\u00e9p, \u00e1ltal\u00e1nos vizelet, m\u00e1j- \u00e9s vesefunkci\u00f3) sz\u00fcks\u00e9g eset\u00e9n terhess\u00e9gi teszt v\u00e9rcsoport+Rh (terhess\u00e9g befejez\u00e9se eset\u00e9n), amennyiben kor\u00e1bban m\u00e1r k\u00e9sz\u00fclt \u00d6nn\u00e9l v\u00e9rcsoport-meghat\u00e1roz\u00e1s, \u00e9s err\u0151l van r\u00e9gi lelete [&hellip;]<\/p>\n","protected":false},"author":1,"featured_media":0,"parent":605,"menu_order":0,"comment_status":"closed","ping_status":"closed","template":"","meta":{"_mi_skip_tracking":false},"_links":{"self":[{"href":"http:\/\/magnetovitalrendelo.hu\/rendelo\/wp-json\/wp\/v2\/pages\/632"}],"collection":[{"href":"http:\/\/magnetovitalrendelo.hu\/rendelo\/wp-json\/wp\/v2\/pages"}],"about":[{"href":"http:\/\/magnetovitalrendelo.hu\/rendelo\/wp-json\/wp\/v2\/types\/page"}],"author":[{"embeddable":true,"href":"http:\/\/magnetovitalrendelo.hu\/rendelo\/wp-json\/wp\/v2\/users\/1"}],"replies":[{"embeddable":true,"href":"http:\/\/magnetovitalrendelo.hu\/rendelo\/wp-json\/wp\/v2\/comments?post=632"}],"version-history":[{"count":3,"href":"http:\/\/magnetovitalrendelo.hu\/rendelo\/wp-json\/wp\/v2\/pages\/632\/revisions"}],"predecessor-version":[{"id":1495,"href":"http:\/\/magnetovitalrendelo.hu\/rendelo\/wp-json\/wp\/v2\/pages\/632\/revisions\/1495"}],"up":[{"embeddable":true,"href":"http:\/\/magnetovitalrendelo.hu\/rendelo\/wp-json\/wp\/v2\/pages\/605"}],"wp:attachment":[{"href":"http:\/\/magnetovitalrendelo.hu\/rendelo\/wp-json\/wp\/v2\/media?parent=632"}],"curies":[{"name":"wp","href":"https:\/\/api.w.org\/{rel}","templated":true}]}}