{"id":61,"date":"2013-02-19T17:36:42","date_gmt":"2013-02-19T16:36:42","guid":{"rendered":"http:\/\/magnetovitalrendelo.hu\/rendelo\/?page_id=61"},"modified":"2015-07-29T13:24:02","modified_gmt":"2015-07-29T11:24:02","slug":"taplalek-kiegeszitok","status":"publish","type":"page","link":"http:\/\/magnetovitalrendelo.hu\/rendelo\/szolgaltatasaink-2\/taplalek-kiegeszitok\/","title":{"rendered":"T\u00e1pl\u00e1l\u00e9k kieg\u00e9sz\u00edt\u0151k"},"content":{"rendered":"<div id=\"pl-61\"  class=\"panel-layout\" ><div id=\"pg-61-0\"  class=\"panel-grid panel-no-style\" ><div id=\"pgc-61-0-0\"  class=\"panel-grid-cell\" ><div id=\"panel-61-0-0-0\" class=\"so-panel widget widget_black-studio-tinymce widget_black_studio_tinymce panel-first-child panel-last-child\" data-index=\"0\" ><div class=\"textwidget\"><p style=\"text-align: center;\"><strong>A magzatv\u00e9d\u0151 vitaminokr\u00f3l<\/strong><\/p>\n<p><a href=\"http:\/\/magnetovitalrendelo.hu\/rendelo\/szolgaltatasok\/taplalek-kiegeszitok\/az-magzatvedo-vitaminokrol\/\"><img class=\"aligncenter size-full wp-image-461\" src=\"http:\/\/magnetovitalrendelo.hu\/rendelo\/wp-content\/uploads\/sites\/4\/2013\/02\/magzatvedo_vitamin.jpg\" alt=\"magzatvedo_vitamin\" width=\"300\" height=\"130\" \/><\/a><\/p>\n<\/div><\/div><\/div><div id=\"pgc-61-0-1\"  class=\"panel-grid-cell\" ><div id=\"panel-61-0-1-0\" class=\"so-panel widget widget_black-studio-tinymce widget_black_studio_tinymce panel-first-child panel-last-child\" data-index=\"1\" ><div class=\"textwidget\"><p style=\"text-align: center;\"><strong>Ganoderma<\/strong><\/p>\n<p><a href=\"http:\/\/magnetovitalrendelo.hu\/rendelo\/szolgaltatasok\/taplalek-kiegeszitok\/ganoderma\/\"><img class=\"aligncenter size-full wp-image-848\" src=\"http:\/\/magnetovitalrendelo.hu\/rendelo\/wp-content\/uploads\/sites\/4\/2013\/02\/ganoderma-0.jpg\" alt=\"ganoderma-0\" width=\"300\" height=\"130\" \/><\/a><\/p>\n<\/div><\/div><\/div><div id=\"pgc-61-0-2\"  class=\"panel-grid-cell\" ><div id=\"panel-61-0-2-0\" class=\"so-panel widget widget_black-studio-tinymce widget_black_studio_tinymce panel-first-child panel-last-child\" data-index=\"2\" ><div class=\"textwidget\"><p style=\"text-align: center;\"><strong>Menopausal vitaminkombin\u00e1ci\u00f3<\/strong><\/p>\n<p><a href=\"http:\/\/magnetovitalrendelo.hu\/rendelo\/szolgaltatasok\/taplalek-kiegeszitok\/menopausal-vitaminkombinacio-a-klimaxos-panaszok-megelozesere\/\"><img class=\"aligncenter size-full wp-image-460\" src=\"http:\/\/magnetovitalrendelo.hu\/rendelo\/wp-content\/uploads\/sites\/4\/2013\/02\/menopausal_vitamin.jpg\" alt=\"menopausal_vitamin\" width=\"300\" height=\"130\" \/><\/a><\/p>\n<\/div><\/div><\/div><\/div><div id=\"pg-61-1\"  class=\"panel-grid panel-no-style\" ><div id=\"pgc-61-1-0\"  class=\"panel-grid-cell\" ><div id=\"panel-61-1-0-0\" class=\"so-panel widget widget_black-studio-tinymce widget_black_studio_tinymce panel-first-child panel-last-child\" data-index=\"3\" ><div class=\"textwidget\"><p><div class=\"printfriendly pf-button \"><a href=\"http:\/\/magnetovitalrendelo.hu\/rendelo\/szolgaltatasaink-2\/taplalek-kiegeszitok\/?pfstyle=wp\" rel=\"nofollow\"  title=\"Printer Friendly, PDF & Email\"><img src=\"http:\/\/magnetovitalrendelo.hu\/k\/pf-button-both.gif\" alt=\"Print Friendly, PDF & Email\" class=\"pf-button-img\" style=\"\"  \/><\/a><\/div><\/p>\n<p>Bizonyos elemi, az \u00e9let\u00fcnk, eg\u00e9szs\u00e9g\u00fcnk t\u00f6k\u00e9letess\u00e9g\u00e9t biztos\u00edt\u00f3 l\u00e9tfontoss\u00e1g\u00fa anyagok, a t\u00e1pl\u00e1lkoz\u00e1sunk t\u00f6k\u00e9letlens\u00e9ge, nem teljes \u00e9rt\u00e9k\u0171s\u00e9ge, illetve a k\u00f6rnyezetk\u00e1ros\u00edt\u00f3 hat\u00e1sok nagy sz\u00e1ma miatt nem, vagy nem kell\u0151 mennyis\u00e9gben jutnak be, illetve nem sz\u00edv\u00f3dnak fel t\u00f6k\u00e9letesen a szervezet\u00fcnkbe. Ezek a t\u00e9nyek egyr\u00e9szt hozz\u00e1j\u00e1rulnak hi\u00e1nyt\u00fcnetek, betegs\u00e9gek kialakul\u00e1s\u00e1hoz, m\u00e1sr\u00e9szt megalapozz\u00e1k a szervezet\u00fcnknek az \u00e1tlagosn\u00e1l nagyobb m\u00e9rt\u00e9k\u0171, nem k\u00edv\u00e1nt \u00f6reged\u00e9s\u00e9t.<\/p>\n<p>Ezen anyagok p\u00f3tl\u00e1sa teh\u00e1t l\u00e9tfontoss\u00e1g\u00fa a sz\u00e1munkra az eg\u00e9szs\u00e9g\u00fcnk meg\u0151rz\u00e9se, a betegs\u00e9gek megel\u0151z\u00e9se, a napi wellness-\u00e9rz\u00e9s\u00fcnk el\u00e9r\u00e9se szempontj\u00e1b\u00f3l.<\/p>\n<p>A laikus felhaszn\u00e1l\u00f3 \u00e9s m\u00e9g a szakemberek sz\u00e1m\u00e1ra is szinte \u00e1tl\u00e1thatatlan az el\u00e9rhet\u0151, megv\u00e1s\u00e1rolhat\u00f3 k\u00e9sz\u00edtm\u00e9nyek k\u00edn\u00e1lata. Minden forgalmaz\u00f3 a propaganda-tev\u00e9kenys\u00e9ge r\u00e9v\u00e9n igyekszik \u00f6nmag\u00e1t a m\u00e1sik el\u00e9 helyezve az \u00f6sszes k\u00e9sz\u00edtm\u00e9ny\u00e9t jobbnak, hat\u00e1sosabbnak be\u00e1ll\u00edtani mindenki m\u00e1s\u00e9in\u00e1l. Az igazs\u00e1g azonban az, hogy nincs olyan c\u00e9g, amelyik minden k\u00e9sz\u00edtm\u00e9nye \u00e1tlagon f\u00f6l\u00fcli lenne. Kell\u0151 tapasztalattal \u00e9s objekt\u00edv m\u00e9r\u00e9sekkel azonban a szakember el tudja d\u00f6nteni, hogy milyen esetekben kinek-kinek mi bizonyulhat a leghat\u00e1sosabbnak.<\/p>\n<p><strong>Magunk nem vagyunk egyetlen forgalmaz\u00f3nak sem elk\u00f6telezett h\u00edvei, \u00edgy egy\u00e9nre szabva adunk a t\u00e1pl\u00e1l\u00e9k-kieg\u00e9sz\u00edt\u0151k vonatkoz\u00e1s\u00e1ban is p\u00e1cienseinknek tan\u00e1csokat. Kedvelj\u00fck azokat a k\u00e9sz\u00edtm\u00e9nyeket, melyeknek time-released hat\u00e1suk van, ami azt jelenti, hogy folyamatosan azonos v\u00e9rszintet, \u00e9s ez\u00e1ltal folyamatos pozit\u00edv hat\u00e1st biztos\u00edtanak az alkalmaz\u00f3 szervezet\u00e9ben.<\/strong><\/p>\n<p>Rem\u00e9nyeink szerint r\u00f6vid id\u0151n bel\u00fcl k\u00e9pesek lesz\u00fcnk arra, hogy objekt\u00edv, a szed\u00e9s el\u0151tti \u00e9s alatti folyamatos m\u00e9r\u00e9sek r\u00e9v\u00e9n is igazoljuk az \u00f6sszes \u00e1ltalunk alkalmazott k\u00e9sz\u00edtm\u00e9ny hat\u00e1soss\u00e1g\u00e1t, s\u0151t annak m\u00e9rt\u00e9k\u00e9t is, \u00edgy a doz\u00edroz\u00e1s objekt\u00edv v\u00e1ltoztat\u00e1sa r\u00e9v\u00e9n legy\u00fcnk k\u00e9pesek a hat\u00e1sokat optimaliz\u00e1lni.<\/p>\n<p><div class=\"printfriendly pf-button \"><a href=\"http:\/\/magnetovitalrendelo.hu\/rendelo\/szolgaltatasaink-2\/taplalek-kiegeszitok\/?pfstyle=wp\" rel=\"nofollow\"  title=\"Printer Friendly, PDF & Email\"><img src=\"http:\/\/magnetovitalrendelo.hu\/k\/pf-button-both.gif\" alt=\"Print Friendly, PDF & Email\" class=\"pf-button-img\" style=\"\"  \/><\/a><\/div><\/p>\n<\/div><\/div><\/div><\/div><\/div>","protected":false},"excerpt":{"rendered":"<p>A magzatv\u00e9d\u0151 vitaminokr\u00f3l Ganoderma Menopausal vitaminkombin\u00e1ci\u00f3 Bizonyos elemi, az \u00e9let\u00fcnk, eg\u00e9szs\u00e9g\u00fcnk t\u00f6k\u00e9letess\u00e9g\u00e9t biztos\u00edt\u00f3 l\u00e9tfontoss\u00e1g\u00fa anyagok, a t\u00e1pl\u00e1lkoz\u00e1sunk t\u00f6k\u00e9letlens\u00e9ge, nem teljes \u00e9rt\u00e9k\u0171s\u00e9ge, illetve a k\u00f6rnyezetk\u00e1ros\u00edt\u00f3 hat\u00e1sok nagy sz\u00e1ma miatt nem, vagy nem kell\u0151 mennyis\u00e9gben jutnak be, illetve nem sz\u00edv\u00f3dnak fel t\u00f6k\u00e9letesen a szervezet\u00fcnkbe. Ezek a t\u00e9nyek egyr\u00e9szt hozz\u00e1j\u00e1rulnak hi\u00e1nyt\u00fcnetek, betegs\u00e9gek kialakul\u00e1s\u00e1hoz, m\u00e1sr\u00e9szt megalapozz\u00e1k a szervezet\u00fcnknek az [&hellip;]<\/p>\n","protected":false},"author":1,"featured_media":0,"parent":14,"menu_order":0,"comment_status":"closed","ping_status":"closed","template":"templates\/template-full.php","meta":{"_mi_skip_tracking":false},"_links":{"self":[{"href":"http:\/\/magnetovitalrendelo.hu\/rendelo\/wp-json\/wp\/v2\/pages\/61"}],"collection":[{"href":"http:\/\/magnetovitalrendelo.hu\/rendelo\/wp-json\/wp\/v2\/pages"}],"about":[{"href":"http:\/\/magnetovitalrendelo.hu\/rendelo\/wp-json\/wp\/v2\/types\/page"}],"author":[{"embeddable":true,"href":"http:\/\/magnetovitalrendelo.hu\/rendelo\/wp-json\/wp\/v2\/users\/1"}],"replies":[{"embeddable":true,"href":"http:\/\/magnetovitalrendelo.hu\/rendelo\/wp-json\/wp\/v2\/comments?post=61"}],"version-history":[{"count":5,"href":"http:\/\/magnetovitalrendelo.hu\/rendelo\/wp-json\/wp\/v2\/pages\/61\/revisions"}],"predecessor-version":[{"id":1461,"href":"http:\/\/magnetovitalrendelo.hu\/rendelo\/wp-json\/wp\/v2\/pages\/61\/revisions\/1461"}],"up":[{"embeddable":true,"href":"http:\/\/magnetovitalrendelo.hu\/rendelo\/wp-json\/wp\/v2\/pages\/14"}],"wp:attachment":[{"href":"http:\/\/magnetovitalrendelo.hu\/rendelo\/wp-json\/wp\/v2\/media?parent=61"}],"curies":[{"name":"wp","href":"https:\/\/api.w.org\/{rel}","templated":true}]}}