{"id":608,"date":"2013-03-12T14:53:19","date_gmt":"2013-03-12T13:53:19","guid":{"rendered":"http:\/\/magnetovitalrendelo.hu\/rendelo\/?page_id=608"},"modified":"2014-12-15T09:44:22","modified_gmt":"2014-12-15T08:44:22","slug":"szulesi-fajdalomcsillapitas","status":"publish","type":"page","link":"http:\/\/magnetovitalrendelo.hu\/rendelo\/szolgaltatasaink-2\/terhestanacsadas-es-szulesfelkeszites\/szulesi-fajdalomcsillapitas\/","title":{"rendered":"Sz\u00fcl\u00e9si f\u00e1jdalomcsillap\u00edt\u00e1s"},"content":{"rendered":"<div class=\"printfriendly pf-button \"><a href=\"http:\/\/magnetovitalrendelo.hu\/rendelo\/szolgaltatasaink-2\/terhestanacsadas-es-szulesfelkeszites\/szulesi-fajdalomcsillapitas\/?pfstyle=wp\" rel=\"nofollow\"  title=\"Printer Friendly, PDF & Email\"><img src=\"http:\/\/magnetovitalrendelo.hu\/k\/pf-button-both.gif\" alt=\"Print Friendly, PDF & Email\" class=\"pf-button-img\" style=\"\"  \/><\/a><\/div>\n<h3><span style=\"color: #3366ff;\">\u00c1ltal\u00e1nos tudnival\u00f3k<\/span><\/h3>\n<p>A f\u00e1jdalom term\u00e9szetes jelens\u00e9g, mely a szervezet \u00e9sszer\u0171 reakci\u00f3ja a szervezetet k\u00e1ros\u00edt\u00f3 hat\u00e1sokra, s\u00e9r\u00fcl\u00e9sekre. A sz\u00fcl\u00e9s az egyetlen \u00e9lettani folyamat, mely b\u00e1r \u00f3ri\u00e1si f\u00e1jdalommal j\u00e1r, az m\u00e9gsem k\u00f3ros. Ha valamilyen c\u00e9lszer\u0171 magyar\u00e1zatot keres\u00fcnk a sz\u00fcl\u00e9si f\u00e1jdalomra, tal\u00e1n egyfajta figyelmeztet\u00e9s a sz\u00fcl\u00e9s k\u00f6zeledt\u00e9re, mely rejt\u0151z\u0151 magatart\u00e1sra \u00f6szt\u00f6n\u00f6z.<\/p>\n<p>A f\u00e1jdalom \u00e9rz\u00e9se szubjekt\u00edv \u00e9szlel\u00e9s. Mindenkinek m\u00e1s a t\u0171r\u0151k\u00e9pess\u00e9ge \u00e9s kultur\u00e1lis, neveltet\u00e9sbeli k\u00fcl\u00f6nbs\u00e9gek is megfigyelhet\u0151k. Pszichol\u00f3giai megfigyel\u00e9sek szerint a f\u00e1jdalom \u00e1t\u00e9l\u00e9se sz\u00e1mos t\u00e9nyez\u0151t\u0151l f\u00fcgg, pl. a f\u00e1jdalom jelent\u0151s\u00e9g\u00e9nek ismeret\u00e9t\u0151l, toleranci\u00e1t\u00f3l, egy\u00e9ni \u00e9rz\u00e9kenys\u00e9gt\u0151l, de legink\u00e1bb a f\u00e9lelemt\u0151l, az ismeretlent\u0151l val\u00f3 szorong\u00e1st\u00f3l. Sz\u00fcl\u00e9szeti t\u00e9nyez\u0151k is meghat\u00e1rozz\u00e1k: testalkat, a m\u00e9h\u00f6sszeh\u00faz\u00f3d\u00e1sok er\u0151ss\u00e9ge (a m\u00e9h izomzat\u00e1nak oxitocin \u00e9rz\u00e9kenys\u00e9ge), a sz\u00f6vetek t\u00e1gul\u00e9konys\u00e1ga (\u00fan. sz\u00f6veti alkat), a kismedence \u00e9s a magzat k\u00f6z\u00f6tti m\u00e9retk\u00fcl\u00f6nbs\u00e9g \u00e9s m\u00e9g sok egy\u00e9b t\u00e9nyez\u0151.<\/p>\n<p><strong>Milyen t\u00e9nyez\u0151kb\u0151l \u00e1ll \u00f6ssze a sz\u00fcl\u00e9si f\u00e1jdalom?<\/strong><\/p>\n<ul>\n<li>Simaizom g\u00f6rcs<\/li>\n<li>Oxig\u00e9nhi\u00e1ny (hypoxia)<\/li>\n<li>M\u00e9hsz\u00e1j t\u00e1gul\u00e1sa<\/li>\n<li>K\u00f6rnyez\u0151 idegd\u00facok nyom\u00f3d\u00e1sa<\/li>\n<li>Hash\u00e1rtya fesz\u00fcl\u00e9se<\/li>\n<li>Kitol\u00e1sban: sz\u00fcl\u0151csatorna t\u00e1gul\u00e1sa +k\u00f6rnyez\u0151 szervek nyom\u00f3d\u00e1sa, hypoxi\u00e1ja<\/li>\n<\/ul>\n<h3><span style=\"color: #3366ff;\">Nem gy\u00f3gyszeres f\u00e1jdalomcsillap\u00edt\u00e1si m\u00f3dszerek<\/span><\/h3>\n<p><strong><img loading=\"lazy\" class=\"alignright size-full wp-image-614\" src=\"http:\/\/magnetovitalrendelo.hu\/rendelo\/wp-content\/uploads\/sites\/4\/2013\/03\/szulesi_fajdalomcsillapitas-1.jpg\" alt=\"szulesi_fajdalomcsillapitas-1\" width=\"119\" height=\"180\" \/>L\u00e9gz\u00e9si gyakorlatok<\/strong>. A helyes l\u00e9gz\u00e9stechnik\u00e1t a sz\u00fcl\u00e9sre felk\u00e9sz\u00edt\u0151 tanfolyam alatt elsaj\u00e1t\u00edthatj\u00e1k a kismam\u00e1k. A terhestorn\u00e1n is sok r\u00e1vezet\u0151 gyakorlattal ismerkedhetnek majd meg. Amikor \u0084\u00e9les bevet\u00e9s\u0094 alkalm\u00e1val kell alkalmazni, m\u00e1r a begyakorolt technik\u00e1t kelljen el\u0151h\u00edvni, ne akkor kelljen elmagyar\u00e1zni, valamint a t\u00falzott liheg\u00e9st\u0151l nehogy elsz\u00e9d\u00fclj\u00f6n, vagy beg\u00f6rcs\u00f6lj\u00f6n a vaj\u00fad\u00f3. A f\u00e1j\u00e1sok alatt fel\u00fcletes liheg\u00e9s, majd azt k\u00f6vet\u0151en n\u00e9h\u00e1ny m\u00e9ly l\u00e9gv\u00e9tel (orron be, sz\u00e1jon ki) seg\u00edti az izmok ellazul\u00e1s\u00e1t \u00e9s cs\u00f6kkenti a f\u00e1jdalmat.<\/p>\n<p><strong>Mozg\u00e1s<\/strong>. A testhelyzet v\u00e1ltoztat\u00e1sa, felkel\u00e9s, s\u00e9t\u00e1l\u00e1s megengedett a vaj\u00fad\u00f3 sz\u00e1m\u00e1ra, mely szint\u00e9n cs\u00f6kkenti a f\u00e1jdalom\u00e9rzetet. Egyes n\u00e9pekn\u00e9l ilyenkor ritu\u00e1lis mozg\u00e1st vagy t\u00e1ncot v\u00e9geznek a sz\u00fcl\u0151n\u0151k. A gravit\u00e1ci\u00f3t is ki lehet haszn\u00e1lni (pl. t\u00e1gul\u00e1skor az \u00e1ll\u00e1s, guggol\u00e1s, \u00e1thalad\u00e1skor az oldalt fektet\u00e9s), mely seg\u00edts\u00e9g\u00e9vel lecs\u00f6kkenthet\u0151k a sz\u00fcl\u00e9s egyes szakaszai.<\/p>\n<p><img loading=\"lazy\" class=\"aligncenter size-full wp-image-615\" src=\"http:\/\/magnetovitalrendelo.hu\/rendelo\/wp-content\/uploads\/sites\/4\/2013\/03\/szulesi_fajdalomcsillapitas-2.jpg\" alt=\"szulesi_fajdalomcsillapitas-2\" width=\"500\" height=\"284\" srcset=\"http:\/\/magnetovitalrendelo.hu\/rendelo\/wp-content\/uploads\/sites\/4\/2013\/03\/szulesi_fajdalomcsillapitas-2.jpg 468w, http:\/\/magnetovitalrendelo.hu\/rendelo\/wp-content\/uploads\/sites\/4\/2013\/03\/szulesi_fajdalomcsillapitas-2-300x170.jpg 300w\" sizes=\"(max-width: 500px) 100vw, 500px\" \/><\/p>\n<p><strong>Massz\u00edroz\u00e1s<\/strong>. A massz\u00edroz\u00e1s j\u00f3l es\u0151 \u00e9rz\u00e9se, a testkontaktus n\u00f6veli a bels\u0151 (endog\u00e9n) f\u00e1jdalomcsillap\u00edt\u00f3 rendszer hat\u00e1soss\u00e1g\u00e1t. Vannak speci\u00e1lis helyek (a keresztcsont t\u00e1j\u00e9k\u00e1nak, az \u00e1gy\u00e9ki gerinc) melyek massz\u00edrozva, simogatva, megt\u00e1maszt\u00e1sa enyh\u00edti a f\u00e1jdalmat.<\/p>\n<p><img loading=\"lazy\" class=\"aligncenter size-full wp-image-616\" src=\"http:\/\/magnetovitalrendelo.hu\/rendelo\/wp-content\/uploads\/sites\/4\/2013\/03\/szulesi_fajdalomcsillapitas-3.jpg\" alt=\"szulesi_fajdalomcsillapitas-3\" width=\"500\" height=\"284\" srcset=\"http:\/\/magnetovitalrendelo.hu\/rendelo\/wp-content\/uploads\/sites\/4\/2013\/03\/szulesi_fajdalomcsillapitas-3.jpg 468w, http:\/\/magnetovitalrendelo.hu\/rendelo\/wp-content\/uploads\/sites\/4\/2013\/03\/szulesi_fajdalomcsillapitas-3-300x170.jpg 300w\" sizes=\"(max-width: 500px) 100vw, 500px\" \/><\/p>\n<p><strong>Akupressz\u00fara<\/strong>. A jap\u00e1n Shiatsu a tradicion\u00e1lis akupressz\u00far\u00e1t speci\u00e1lisan sz\u00fcl\u00e9szeti f\u00e1jdalomcsillap\u00edt\u00e1sra alkalmazta. Ujjbeggyel vagy kis kem\u00e9ny labd\u00e1val meghat\u00e1rozott pontok nyom\u00e1s\u00e1val, k\u00f6rk\u00f6r\u00f6s massz\u00edroz\u00e1s\u00e1val, valamint akupunkt\u00far\u00e1val \u00e9rhet\u0151 el f\u00e1jdalomcs\u00f6kkent\u0151 hat\u00e1s.<\/p>\n<p><strong><img loading=\"lazy\" class=\"alignright size-full wp-image-617\" src=\"http:\/\/magnetovitalrendelo.hu\/rendelo\/wp-content\/uploads\/sites\/4\/2013\/03\/szulesi_fajdalomcsillapitas-4.jpg\" alt=\"szulesi_fajdalomcsillapitas-4\" width=\"150\" height=\"179\" \/>Relax\u00e1ci\u00f3<\/strong>. Relax\u00e1ci\u00f3val, medit\u00e1ci\u00f3val, koncentr\u00e1ci\u00f3val \u00e9s l\u00e9gz\u0151 gyakorlatokkal is cs\u00f6kkenthetj\u00fck a f\u00e1j\u00e1sok alatti szenved\u00e9st.<\/p>\n<p><strong>Meleg<\/strong>. A meleg, simaizom laz\u00edt\u00f3 hat\u00e1s\u00fa. A has meleg borogat\u00e1s\u00e1val, l\u00e1mp\u00e1z\u00e1ssal kihaszn\u00e1l-hatjuk ezt az effektust.<\/p>\n<p><strong>Lelki t\u00e1mogat\u00e1s, biztat\u00e1s<\/strong>. Az egyik legfontosabb t\u00e9nyez\u0151. A sz\u00fcl\u0151n\u0151t soha nem szabad teljesen mag\u00e1ra hagyni. Megfelel\u0151 t\u00e1j\u00e9koztat\u00e1ssal, a sz\u00fcl\u00e9sre val\u00f3 felk\u00e9sz\u00edt\u0151 tanfolyammal cs\u00f6kkenthet\u0151 az ismeretlent\u0151l val\u00f3 f\u00e9lelem, szorong\u00e1s, mely fokozza a f\u00e1jdalom meg\u00e9l\u00e9s\u00e9t. A jelen l\u00e9v\u0151 hozz\u00e1tartoz\u00f3 vagy a sz\u00fcl\u00e9szn\u0151 seg\u00edti elterelni a gondolatokat a szenved\u00e9sr\u0151l, \u00f6nsajn\u00e1latr\u00f3l. A megfelel\u0151 pillanatban alkalmazott biztat\u00e1s seg\u00edt mobiliz\u00e1lni a rejtett lelki tartal\u00e9kokat.<\/p>\n<p><strong>\u00c9FT-ter\u00e1pia<\/strong>. A meridi\u00e1npontok kopogtat\u00e1sa, term\u00e9szetesen a m\u00f3dszer elsaj\u00e1t\u00edt\u00e1sa \u00e9s kell\u0151 felk\u00e9sz\u00edt\u00e9s ut\u00e1n kiv\u00e1l\u00f3an alkalmas a f\u00e1jdalmak cs\u00f6kkent\u00e9s\u00e9re, a f\u00e1jdalomk\u00fcsz\u00f6b emel\u00e9s\u00e9re \u00e9s a f\u00e1jdalom pozit\u00edv meg\u00e9l\u00e9s\u00e9re.<\/p>\n<p><strong>Agytr\u00e9nerter\u00e1pia<\/strong>. A sz\u00fcl\u00e9s kezdet\u00e9t\u0151l alkalmazott kezel\u00e9s \u00e1thangolja a f\u00e1jdalom\u00e9rzetet, jelent\u0151sen emelheti a f\u00e1jdalomk\u00fcsz\u00f6b\u00f6t.<\/p>\n<p><strong><img loading=\"lazy\" class=\"alignright size-full wp-image-618\" src=\"http:\/\/magnetovitalrendelo.hu\/rendelo\/wp-content\/uploads\/sites\/4\/2013\/03\/szulesi_fajdalomcsillapitas-5.jpg\" alt=\"szulesi_fajdalomcsillapitas-5\" width=\"55\" height=\"100\" \/>Homeop\u00e1tia<\/strong>. A megfelel\u0151 \u00fctemben alkalmazott megfelel\u0151 homeop\u00e1tia a fentiekben le\u00edrtak hat\u00e1smechanizmus\u00e1val ugyancsak komoly seg\u00edts\u00e9get jelenthet a f\u00e1jdalom lek\u00fczd\u00e9s\u00e9ben \u00e9s a f\u00e9lelmek elenged\u00e9s\u00e9ben a sz\u00fcl\u00e9s el\u0151tt \u00e9s a sz\u00fcl\u00e9s alatt is. Seg\u00edti az ellazul\u00e1st \u00e9s a t\u00e1gul\u00e1st, cs\u00f6kkenti a f\u00e1jdalomk\u00fcsz\u00f6b\u00f6t.<\/p>\n<h3><span style=\"color: #3366ff;\">\u00c1ltal\u00e1nosan hat\u00f3 gy\u00f3gyszeres f\u00e1jdalomcsillap\u00edt\u00e1s<\/span><\/h3>\n<p><img loading=\"lazy\" class=\"alignleft size-full wp-image-619\" src=\"http:\/\/magnetovitalrendelo.hu\/rendelo\/wp-content\/uploads\/sites\/4\/2013\/03\/szulesi_fajdalomcsillapitas-6.jpg\" alt=\"szulesi_fajdalomcsillapitas-6\" width=\"240\" height=\"181\" \/>Egyes f\u00e1jdalomcsillap\u00edt\u00f3, nyugtat\u00f3 esetleg g\u00f6rcsold\u00f3 gy\u00f3gyszerekkel vagy bel\u00e9legezhet\u0151 (\u00fan. inhal\u00e1ci\u00f3s) f\u00e1jdalomcsillap\u00edt\u00f3kkal is cs\u00f6kkenthet\u0151k a sz\u00fcl\u00e9s f\u00e1jdalmai. El\u0151nye, hogy k\u00f6nnyen adagolhat\u00f3ak. H\u00e1tr\u00e1nyuk, hogy a gy\u00f3gyszer \u00e1tjut a magzatba, beleker\u00fcl az anyatejbe \u00e9s a hat\u00e1soss\u00e1guk, messze elmarad pl. az epidur\u00e1lis \u00e9rz\u00e9stelen\u00edt\u00e9s\u00e9t\u0151l.<\/p>\n<p>Haz\u00e1nkban m\u00e9g nincs megteremtve a felt\u00e9tele, de speci\u00e1lis helyeket val\u00f3 elektromos ingerl\u00e9ssel is el\u00e9rtek j\u00f3 eredm\u00e9nyeket.<\/p>\n<h3><span style=\"color: #3366ff;\">Lok\u00e1lis \u00e9rz\u00e9stelen\u00edt\u00e9s<\/span><\/h3>\n<p>Amennyiben nem alkalmaznak semmilyen m\u00e1s f\u00e1jdalomcsillap\u00edt\u00f3 m\u00f3dszert, a kitol\u00e1si szak megk\u00f6nny\u00edt\u00e9s\u00e9hez vagy a g\u00e1tmetsz\u00e9s v\u00e9gz\u00e9s\u00e9hez, ell\u00e1t\u00e1s\u00e1hoz alkalmazhat\u00f3 helyi \u00e9rz\u00e9stelen\u00edt\u00e9s (infiltr\u00e1ci\u00f3s, vezet\u00e9ses, vagy idegblokk). El\u0151nye, hogy helyileg alkalmazhat\u00f3 szinte mell\u00e9khat\u00e1sok n\u00e9lk\u00fcl, h\u00e1tr\u00e1nya, hogy hat\u00e1soss\u00e1ga j\u00f3val alulm\u00falja az EDA hat\u00e9konys\u00e1g\u00e1t.<\/p>\n<h3><span style=\"color: #3366ff;\">Az epidur\u00e1lis f\u00e1jdalomcsillap\u00edt\u00e1s (EDA)<\/span><\/h3>\n<p>Jelenleg ezt a f\u00e1jdalomcsillap\u00edt\u00e1si m\u00f3dot tartj\u00e1k vil\u00e1gszerte a leghat\u00e9konyabb \u00e9s legoptim\u00e1lisabb sz\u00fcl\u00e9szeti f\u00e1jdalomcsillap\u00edt\u00f3 elj\u00e1r\u00e1snak.<\/p>\n<p>Angolsz\u00e1sz tapasztalatokra t\u00e1maszkodva <strong>1976-ban vezett\u00e9k be haz\u00e1nkban, a P\u00e9terfy S\u00e1n-dor utcai K\u00f3rh\u00e1z sz\u00fcl\u00e9szet\u00e9n<\/strong>, a lumb\u00e1lis epidur\u00e1lis \u00e9rz\u00e9stelen\u00edt\u00e9st (EDA). Dacolva a szakma \u00e9s a koll\u00e9g\u00e1k ellen\u00e1ll\u00e1s\u00e1val, valamint a sz\u00fcl\u0151n\u0151k ismeretlent\u0151l val\u00f3 f\u00e9lelm\u00e9vel a m\u00f3dszert egyre t\u00f6bben elsaj\u00e1t\u00edtott\u00e1k, m\u00edg v\u00e9g\u00fcl a sz\u00fcl\u0151szobai munka elmaradhatatlan, alapvet\u0151 r\u00e9sz\u00e9v\u00e9 v\u00e1lt.<\/p>\n<p><strong>Az EDA l\u00e9nyege<\/strong>: a sz\u00fcl\u00e9si epidur\u00e1lis \u00e9rz\u00e9stelen\u00edt\u00e9s sor\u00e1n a gerinc k\u00f6zel\u00e9be juttatott \u00e9rz\u00e9stelen\u00edt\u0151 szerrel csillap\u00edtjuk, illetve megsz\u00fcntetj\u00fck a sz\u00fcl\u00e9ssel kapcsolatban fell\u00e9p\u0151 f\u00e1jdalmakat, mik\u00f6zben a m\u00e9h tev\u00e9kenys\u00e9ge zavartalanul folyik tov\u00e1bb.<\/p>\n<p><img loading=\"lazy\" class=\"aligncenter size-full wp-image-620\" src=\"http:\/\/magnetovitalrendelo.hu\/rendelo\/wp-content\/uploads\/sites\/4\/2013\/03\/szulesi_fajdalomcsillapitas-7.jpg\" alt=\"szulesi_fajdalomcsillapitas-7\" width=\"500\" height=\"357\" \/><\/p>\n<p>Az \u00e9rz\u00e9stelen\u00edt\u0151 szert az \u00e1gy\u00e9ki csigoly\u00e1k magass\u00e1g\u00e1ban behelyezett v\u00e9kony kan\u00fcl\u00f6n (m\u0171-anyag cs\u0151) kereszt\u00fcl adagoljuk. A kan\u00fcl bevezet\u00e9se nem okoz t\u00f6bb f\u00e1jdalmat, mint amennyi egy injekci\u00f3 bead\u00e1sakor fell\u00e9p. Az \u00e9rz\u00e9stelen\u00edt\u0151 szer adagja sz\u00fcks\u00e9g szerint ism\u00e9telhet\u0151, a f\u00e1jdalomcsillap\u00edt\u00e1s a sz\u00fcl\u00e9s hossz\u00e1t\u00f3l f\u00fcggetlen\u00fcl mindv\u00e9gig fenntarthat\u00f3.<\/p>\n<p>Az EDA, n\u00e9h\u00e1ny kiv\u00e9telt\u0151l eltekintve <strong>csaknem minden sz\u00fcl\u0151n\u0151n\u00e9l alkalmazhat\u00f3<\/strong>.<\/p>\n<p><strong>Alapvet\u0151 felt\u00e9tel<\/strong>, hogy a sz\u00fcl\u0151n\u0151 k\u00e9rje a f\u00e1jdalomcsillap\u00edt\u00e1st. A sz\u00fcl\u0151n\u0151k egy r\u00e9sze m\u00e1r a vaj\u00fad\u00e1s elej\u00e9n ig\u00e9nyli, m\u00e1sok csak a sz\u00fcl\u00e9s el\u0151rehaladt\u00e1val \u00e9rzik \u00fagy, hogy f\u00e1jdalomcsillap\u00edt\u00e1sra sz\u00fcks\u00e9g\u00fck volna.<\/p>\n<p><strong>Kifejezetten aj\u00e1nljuk az EDA-t<\/strong> azoknak a sz\u00fcl\u0151n\u0151knek, akik valamilyen fizikai terhelhet\u0151s\u00e9get cs\u00f6kkent\u0151 megbeteged\u00e9sben szenvednek (pl. terhess\u00e9gi m\u00e9rgez\u00e9s [\u00fan. tox\u00e9mia], magas v\u00e9rnyom\u00e1s, r\u00f6vidl\u00e1t\u00e1s stb.), vagy amikor a magzat fokozott v\u00e9delmet ig\u00e9nyel (pl. korasz\u00fcl\u00e9s, ikersz\u00fcl\u00e9s, stb.), valamint ha el\u0151re tudjuk, hogy a sz\u00fcl\u00e9st k\u00f6vet\u0151en beavatkoz\u00e1sra lesz sz\u00fcks\u00e9g, illetve, ha a sz\u00fcl\u00e9s v\u00e1rhat\u00f3an cs\u00e1sz\u00e1rmetsz\u00e9ssel fejez\u0151dik be.<\/p>\n<p>Az EDA kialak\u00edt\u00e1sa id\u0151ig\u00e9nyes feladat, ez\u00e9rt amennyiben a sz\u00fcl\u00e9s f\u00e9l \u00f3r\u00e1n bel\u00fcl lezajlik, a technikai kivitelez\u00e9snek nekifogni nem \u00e9rdemes.<\/p>\n<p><img loading=\"lazy\" class=\"aligncenter size-full wp-image-621\" src=\"http:\/\/magnetovitalrendelo.hu\/rendelo\/wp-content\/uploads\/sites\/4\/2013\/03\/szulesi_fajdalomcsillapitas-8.jpg\" alt=\"szulesi_fajdalomcsillapitas-8\" width=\"500\" height=\"427\" \/><\/p>\n<p><strong>Az EDA sz\u00e1mos el\u0151nyt ny\u00fajt<\/strong> a vaj\u00fad\u00f3 \u00e9s a magzat sz\u00e1m\u00e1ra egyar\u00e1nt.<\/p>\n<ul>\n<li>A f\u00e1jdalom kikapcsol\u00e1s\u00e1val cs\u00f6kken a szorong\u00e1s \u00e9s a f\u00e9lelem, a stressz megsz\u0171n\u00e9s\u00e9vel:\n<ul>\n<li>cs\u00f6kken az energiafelhaszn\u00e1l\u00e1s,<\/li>\n<li>normaliz\u00e1l\u00f3dik az anyai pulzussz\u00e1m,<\/li>\n<li>szab\u00e1lyoss\u00e1 v\u00e1lik a l\u00e9gz\u00e9s,<\/li>\n<li>ezzel javul az anyai \u00e9s magzati szervezet oxig\u00e9nell\u00e1t\u00e1sa,<\/li>\n<li>javul a m\u00e9h v\u00e9rell\u00e1t\u00e1sa, a m\u00e9h\u00f6sszeh\u00faz\u00f3d\u00e1sok rendez\u0151dnek \u00e9s a sz\u00fcl\u00e9s r\u00f6vid \u00faton lezajlik.<\/li>\n<\/ul>\n<\/li>\n<li>A h\u00fcvely \u00e9s a g\u00e1t izomzata ellazul, mely k\u00fcl\u00f6n\u00f6sen a fokozott v\u00e9delmet ig\u00e9nyl\u0151 kora-sz\u00fcl\u00f6ttek \u00e9s kiss\u00faly\u00fa \u00fajsz\u00fcl\u00f6ttek eset\u00e9n jelent\u0151s.<\/li>\n<li>Az esetleges g\u00e1tmetsz\u00e9s illetve annak a sz\u00fcl\u00e9s ut\u00e1ni ell\u00e1t\u00e1sa f\u00e1jdalmatlan.<\/li>\n<li>Az EDA sor\u00e1n <strong>alkalmazott \u00e9rz\u00e9stelen\u00edt\u0151 szerek<\/strong> a f\u00e1jdalom csillap\u00edt\u00e1sa mellett k\u00fc-l\u00f6nb\u00f6z\u0151 m\u00e9rt\u00e9kben hat\u00e1ssal vannak az als\u00f3 v\u00e9gtag izomm\u0171k\u00f6d\u00e9s\u00e9re is, mely a l\u00e1b zsibbad\u00e1s\u00e1ban, elgyeng\u00fcl\u00e9s\u00e9ben jelentkezik. Ennek k\u00f6vetkezt\u00e9ben a sz\u00fcl\u0151n\u0151k a vaj\u00fad\u00e1s alatt \u00e1gyhoz k\u00f6t\u00f6ttek. Felmer\u00fclt az ig\u00e9ny olyan m\u00f3dszer kialak\u00edt\u00e1s\u00e1ra, melyn\u00e9l a sz\u00fcl\u0151n\u0151 mozg\u00e1s\u00e1ban nem korl\u00e1toz\u00f3dik. Ennek \u00e9rdek\u00e9ben kidolgoztuk az \u00fan. &#8220;<strong>s\u00e9t\u00e1l\u00f3 EDA<\/strong>&#8220;-t, ahol a f\u00e1jdalom csillap\u00edt\u00e1s megtart\u00e1sa mellett az izomer\u0151 csaknem teljes m\u00e9r-t\u00e9kben megtartott marad.<\/li>\n<\/ul>\n<p>A leg\u00fajabban forgalomba ker\u00fclt \u00e9rz\u00e9stelen\u00edt\u0151szerek m\u00e1r ennek az elv\u00e1r\u00e1snak pr\u00f3b\u00e1lnak eleget tenni.<\/p>\n<p><img loading=\"lazy\" class=\"aligncenter size-full wp-image-622\" src=\"http:\/\/magnetovitalrendelo.hu\/rendelo\/wp-content\/uploads\/sites\/4\/2013\/03\/szulesi_fajdalomcsillapitas-9.jpg\" alt=\"szulesi_fajdalomcsillapitas-9\" width=\"500\" height=\"427\" \/><\/p>\n<p>A sz\u00fcl\u00e9szeti f\u00e1jdalomcsillap\u00edt\u00e1s c\u00e9lj\u00e1b\u00f3l kezdett epidur\u00e1lis \u00e9rz\u00e9stelen\u00edt\u00e9s <strong>k\u00f6nnyen \u00e1talak\u00edt-hat\u00f3 m\u0171t\u00e9ti \u00e9rz\u00e9stelen\u00edt\u00e9ss\u00e9<\/strong>, ak\u00e1r h\u00fcvelyi sz\u00fcl\u00e9sbefejez\u0151 m\u0171t\u00e9tre (v\u00e1kuum, fog\u00f3), ak\u00e1r cs\u00e1-sz\u00e1rmetsz\u00e9sre van sz\u00fcks\u00e9g.<\/p>\n<p>A cs\u00e1sz\u00e1rmetsz\u00e9sek <strong>\u00e9rz\u00e9stelen\u00edt\u00e9se<\/strong> nem tartozik az aneszteziol\u00f3gusok legk\u00f6nnyebb feladatai k\u00f6z\u00e9. Egy id\u0151ben k\u00e9t ember, az anya \u00e9s a magzat \u00e9rdekeit figyelembe v\u00e9ve kell a m\u0171t\u00e9thez a legmegfelel\u0151bb \u00e9rz\u00e9stelen\u00edt\u00e9si m\u00f3dot kiv\u00e1lasztania. Amennyiben kell\u0151 id\u0151 \u00e1ll rendelkez\u00e9sre els\u0151sorban az epidur\u00e1lis \u00e9rz\u00e9stelen\u00edt\u00e9si m\u00f3dszert v\u00e1lasztjuk, mint a legide\u00e1lisabbat \u00e9s legk\u00edm\u00e9letesebbet a rendelkez\u00e9sre \u00e1ll\u00f3 lehet\u0151s\u00e9gek k\u00f6z\u00fcl (altat\u00e1s, spin\u00e1l aneszt\u00e9zia, EDA). A sz\u00fcl\u0151n\u0151 a m\u0171t\u00e9t sor\u00e1n \u00e9bren van, \u00fajsz\u00fcl\u00f6ttj\u00e9t azonnal megn\u00e9zheti, a h\u00fcvelyi sz\u00fcl\u00e9shez hasonl\u00f3an r\u00e9szt vesz a sz\u00fcl\u00e9sben. Az altat\u00e1s sor\u00e1n, az altat\u00f3szer \u00fajsz\u00fcl\u00f6ttn\u00e9l kialakul\u00f3 hat\u00e1saival is sz\u00e1-molnunk kell. A m\u0171t\u00e9ti ut\u00e1ni f\u00e1jdalomcsillap\u00edt\u00e1st az EDA kanul\u00f6n \u00e1t adott f\u00e1jdalomcsillap\u00edt\u00f3val biztos\u00edtjuk,<\/p>\n<p>A lumb\u00e1lis epidur\u00e1lis aneszt\u00e9zia kiv\u00e1l\u00f3an alkalmas cs\u00e1sz\u00e1rmetsz\u00e9sek \u00e9rz\u00e9stelen\u00edt\u00e9s\u00e9hez is.<\/p>\n<p><strong>A k\u00f6zhiedelemmel ellent\u00e9tben<\/strong> sem az epidur\u00e1lis, sem a spin\u00e1lis \u00e9rz\u00e9stelen\u00edt\u00e9s <strong>nem okoz<\/strong>:<\/p>\n<ul>\n<li>b\u00e9nul\u00e1st,<\/li>\n<li>der\u00e9kf\u00e1j\u00e1st.<\/li>\n<\/ul>\n<h3><span style=\"color: #3366ff;\">Spin\u00e1lis aneszt\u00e9zia<\/span><\/h3>\n<p>Kivitelez\u00e9se, javallatai \u00e9s ellenjavallatai szinte azonosak az EDA-val, azonban jelent\u0151s elt\u00e9r\u00e9-sek is vannak:<\/p>\n<ul>\n<li>A t\u0171vel nem csak az epidur\u00e1lis teret \u00e9rj\u00fck el, hanem m\u00e9lyebbre, eg\u00e9szen a gerincburkon \u00e1t a gerincet k\u00f6r\u00fclvev\u0151 agyv\u00edz t\u00e9rig (liquor-t\u00e9rig) hatolunk. A gy\u00f3gyszer k\u00f6zvetlen\u00fcl az agyv\u00edzbe ker\u00fcl.<\/li>\n<li>Kevesebb gy\u00f3gyszer sz\u00fcks\u00e9ges<\/li>\n<li>Gyorsabban \u00e9s m\u00e9lyebben \u00e1ll be az \u00e9rz\u00e9stelens\u00e9g.<\/li>\n<li>H\u00e1tr\u00e1nya, hogy nagyon gyakori a hirtelen v\u00e9rnyom\u00e1ses\u00e9s \u00e9s az \u00e9rz\u00e9stelen\u00edt\u00e9s ut\u00e1ni, ak\u00e1r napokig is eltart\u00f3 fejf\u00e1j\u00e1s.<\/li>\n<\/ul>\n<p>Leggyakrabban cs\u00e1sz\u00e1rmetsz\u00e9shez alkalmazz\u00e1k, ha az EDA nem kivitelezhet\u0151 vagy gyors \u00e9rz\u00e9stelen\u00edt\u00e9sre van sz\u00fcks\u00e9g.<\/p>\n<h3><span style=\"color: #3366ff;\">\u00c1ltal\u00e1nos aneszt\u00e9zia<\/span><\/h3>\n<p>Manaps\u00e1g m\u00e1r viszonylag ritk\u00e1n alkalmazzuk a sz\u00fcl\u00e9szetben az \u00e1ltal\u00e1nos aneszt\u00e9zi\u00e1t, a nar-k\u00f3zist, a gerinck\u00f6zeli \u00e9rz\u00e9stelen\u00edt\u00e9st prefer\u00e1ljuk, mivel azt tartjuk szakmailag a legjobb m\u00f3d-szernek. Nark\u00f3zisban igaz\u00e1b\u00f3l csak azokn\u00e1l a kismam\u00e1kn\u00e1l v\u00e9gz\u00fcnk cs\u00e1sz\u00e1rmetsz\u00e9st, akikn\u00e9l nem v\u00e9gezhet\u0151 el a gerinck\u00f6zeli \u00e9rz\u00e9stelen\u00edt\u00e9s vagy rendk\u00edv\u00fcl gyors beavatkoz\u00e1sra van sz\u00fck-s\u00e9g. El\u0151nye a gyorsas\u00e1g \u00e9s a teljes \u00e9rz\u00e9stelens\u00e9g. H\u00e1tr\u00e1nyai, az \u00e1ltal\u00e1nos aneszt\u00e9zia ismert kock\u00e1zatain t\u00fal az, hogy az altat\u00f3szer \u00e1tjut a magzatba, az anyatejbe, valamint az altat\u00f3szerek cs\u00f6kkentik a m\u00e9h \u00f6sszeh\u00faz\u00f3d\u00e1s\u00e1t, ez\u00e1ltal a v\u00e9rz\u00e9s csillapod\u00e1s\u00e1t. Pszich\u00e9sen nem elhanyagol-hat\u00f3, hogy az els\u0151 anya-\u00fajsz\u00fcl\u00f6tt tal\u00e1lkoz\u00e1s nem lehets\u00e9ges csak az \u00e9breszt\u00e9s ut\u00e1n.<\/p>\n<div class=\"printfriendly pf-button \"><a href=\"http:\/\/magnetovitalrendelo.hu\/rendelo\/szolgaltatasaink-2\/terhestanacsadas-es-szulesfelkeszites\/szulesi-fajdalomcsillapitas\/?pfstyle=wp\" rel=\"nofollow\"  title=\"Printer Friendly, PDF & Email\"><img src=\"http:\/\/magnetovitalrendelo.hu\/k\/pf-button-both.gif\" alt=\"Print Friendly, PDF & Email\" class=\"pf-button-img\" style=\"\"  \/><\/a><\/div>\n","protected":false},"excerpt":{"rendered":"<p>\u00c1ltal\u00e1nos tudnival\u00f3k A f\u00e1jdalom term\u00e9szetes jelens\u00e9g, mely a szervezet \u00e9sszer\u0171 reakci\u00f3ja a szervezetet k\u00e1ros\u00edt\u00f3 hat\u00e1sokra, s\u00e9r\u00fcl\u00e9sekre. A sz\u00fcl\u00e9s az egyetlen \u00e9lettani folyamat, mely b\u00e1r \u00f3ri\u00e1si f\u00e1jdalommal j\u00e1r, az m\u00e9gsem k\u00f3ros. Ha valamilyen c\u00e9lszer\u0171 magyar\u00e1zatot keres\u00fcnk a sz\u00fcl\u00e9si f\u00e1jdalomra, tal\u00e1n egyfajta figyelmeztet\u00e9s a sz\u00fcl\u00e9s k\u00f6zeledt\u00e9re, mely rejt\u0151z\u0151 magatart\u00e1sra \u00f6szt\u00f6n\u00f6z. A f\u00e1jdalom \u00e9rz\u00e9se szubjekt\u00edv \u00e9szlel\u00e9s. Mindenkinek m\u00e1s [&hellip;]<\/p>\n","protected":false},"author":1,"featured_media":0,"parent":55,"menu_order":0,"comment_status":"closed","ping_status":"closed","template":"full-width-page.php","meta":{"_mi_skip_tracking":false},"_links":{"self":[{"href":"http:\/\/magnetovitalrendelo.hu\/rendelo\/wp-json\/wp\/v2\/pages\/608"}],"collection":[{"href":"http:\/\/magnetovitalrendelo.hu\/rendelo\/wp-json\/wp\/v2\/pages"}],"about":[{"href":"http:\/\/magnetovitalrendelo.hu\/rendelo\/wp-json\/wp\/v2\/types\/page"}],"author":[{"embeddable":true,"href":"http:\/\/magnetovitalrendelo.hu\/rendelo\/wp-json\/wp\/v2\/users\/1"}],"replies":[{"embeddable":true,"href":"http:\/\/magnetovitalrendelo.hu\/rendelo\/wp-json\/wp\/v2\/comments?post=608"}],"version-history":[{"count":1,"href":"http:\/\/magnetovitalrendelo.hu\/rendelo\/wp-json\/wp\/v2\/pages\/608\/revisions"}],"predecessor-version":[{"id":1382,"href":"http:\/\/magnetovitalrendelo.hu\/rendelo\/wp-json\/wp\/v2\/pages\/608\/revisions\/1382"}],"up":[{"embeddable":true,"href":"http:\/\/magnetovitalrendelo.hu\/rendelo\/wp-json\/wp\/v2\/pages\/55"}],"wp:attachment":[{"href":"http:\/\/magnetovitalrendelo.hu\/rendelo\/wp-json\/wp\/v2\/media?parent=608"}],"curies":[{"name":"wp","href":"https:\/\/api.w.org\/{rel}","templated":true}]}}