{"id":596,"date":"2013-03-12T10:18:31","date_gmt":"2013-03-12T09:18:31","guid":{"rendered":"http:\/\/magnetovitalrendelo.hu\/rendelo\/?page_id=596"},"modified":"2014-12-15T09:45:34","modified_gmt":"2014-12-15T08:45:34","slug":"amit-a-ctg-vizsgalatrol-tudni-kell","status":"publish","type":"page","link":"http:\/\/magnetovitalrendelo.hu\/rendelo\/szolgaltatasaink-2\/terhestanacsadas-es-szulesfelkeszites\/amit-a-ctg-vizsgalatrol-tudni-kell\/","title":{"rendered":"Amit a CTG-vizsg\u00e1latr\u00f3l tudni kell"},"content":{"rendered":"<div class=\"printfriendly pf-button \"><a href=\"http:\/\/magnetovitalrendelo.hu\/rendelo\/szolgaltatasaink-2\/terhestanacsadas-es-szulesfelkeszites\/amit-a-ctg-vizsgalatrol-tudni-kell\/?pfstyle=wp\" rel=\"nofollow\"  title=\"Printer Friendly, PDF & Email\"><img src=\"http:\/\/magnetovitalrendelo.hu\/k\/pf-button-both.gif\" alt=\"Print Friendly, PDF & Email\" class=\"pf-button-img\" style=\"\"  \/><\/a><\/div>\n<h3><span style=\"color: #3366ff;\">A CTG a Cardiotokogr\u00e1f r\u00f6vid\u00edt\u00e9se.<\/span><\/h3>\n<p><img loading=\"lazy\" class=\"aligncenter size-full wp-image-597\" src=\"http:\/\/magnetovitalrendelo.hu\/rendelo\/wp-content\/uploads\/sites\/4\/2013\/03\/ctg_vizsgalat-2.jpg\" alt=\"ctg_vizsgalat-2\" width=\"500\" height=\"332\" srcset=\"http:\/\/magnetovitalrendelo.hu\/rendelo\/wp-content\/uploads\/sites\/4\/2013\/03\/ctg_vizsgalat-2.jpg 400w, http:\/\/magnetovitalrendelo.hu\/rendelo\/wp-content\/uploads\/sites\/4\/2013\/03\/ctg_vizsgalat-2-300x199.jpg 300w\" sizes=\"(max-width: 500px) 100vw, 500px\" \/>Ez egy olyan speci\u00e1lis m\u0171szer, amelynek seg\u00edts\u00e9g\u00e9vel a magzat sz\u00edvm\u0171k\u00f6d\u00e9se \u00e9s a m\u00e9h akti-vit\u00e1sa egyszerre figyelhet\u0151 meg \u00e9s mindezeket folyamatosan egy pap\u00edrszalagra r\u00f6gz\u00edti. A regisztr\u00e1lt sz\u00edvm\u0171k\u00f6d\u00e9s folyamatos g\u00f6rbek\u00e9nt l\u00e1that\u00f3 (fels\u0151 vonal), melynek v\u00e1ltoz\u00e1s\u00e1b\u00f3l k\u00f6vetkeztethet\u00fcnk a magzat \u00e1llapot\u00e1ra. Ehhez figyelembe kell venni m\u00e9g a m\u00e9htev\u00e9kenys\u00e9g g\u00f6rb\u00e9j\u00e9t is (als\u00f3 vonal). Ha r\u00f6gz\u00edtj\u00fck a vizsg\u00e1lat alatti magzatmozg\u00e1sokat is, \u00fajabb inform\u00e1ci\u00f3t nyerhet\u00fcnk.<\/p>\n<p>A CTG vizsg\u00e1lat a 20. h\u00e9tt\u0151l b\u00e1rmikor elv\u00e9gezhet\u0151, azonban a terhesgondoz\u00e1s sor\u00e1n csak a <strong>36. h\u00e9tt\u0151l<\/strong> kezdve NST form\u00e1ban hetente, majd a terminus ut\u00e1n 2 naponta javasolt, valamint a vaj\u00fad\u00e1s, sz\u00fcl\u00e9s alatt v\u00e9gig r\u00f6gz\u00edt\u00e9sre ker\u00fcl.<\/p>\n<h3><span style=\"color: #3366ff;\">A CTG k\u00e9sz\u00fcl\u00e9kr\u0151l, a vizsg\u00e1lat menet\u00e9r\u0151l<\/span><\/h3>\n<h3><span style=\"color: #3366ff;\"><img loading=\"lazy\" class=\"alignright size-full wp-image-887\" src=\"http:\/\/magnetovitalrendelo.hu\/rendelo\/wp-content\/uploads\/sites\/4\/2013\/03\/ctg_vizsgalat-4.jpg\" alt=\"ctg_vizsgalat-4\" width=\"260\" height=\"183\" srcset=\"http:\/\/magnetovitalrendelo.hu\/rendelo\/wp-content\/uploads\/sites\/4\/2013\/03\/ctg_vizsgalat-4.jpg 374w, http:\/\/magnetovitalrendelo.hu\/rendelo\/wp-content\/uploads\/sites\/4\/2013\/03\/ctg_vizsgalat-4-300x211.jpg 300w\" sizes=\"(max-width: 260px) 100vw, 260px\" \/><\/span><\/h3>\n<p>A CTG-nek k\u00e9t \u00e9rz\u00e9kel\u0151je van. Az egyik a sz\u00edvm\u0171k\u00f6d\u00e9st figyeli, a m\u00e1sik a m\u00e9htev\u00e9kenys\u00e9get. Mindk\u00e9t detektort a hasra r\u00f6gz\u00edtik egy puha p\u00e1nttal. Az \u00e9rintkez\u00e9st ultrahang zsel\u00e9vel seg\u00edtj\u00fck el\u0151. A m\u00e9r\u00e9st \u00e1ltal\u00e1ban 20 percig v\u00e9gezz\u00fck \u00fcl\u0151, vagy f\u00e9loldalt fekv\u0151 helyzetben. A CTG vizsg\u00e1lat teljesen vesz\u00e9lytelen. Egyes ir\u00e1nyzatok szeretn\u00e9k cs\u00f6kkenti a magzat Doppler ultrahang terhel\u00e9s\u00e9t, mely kisfok\u00fa meleged\u00e9st id\u00e9zhet el\u0151, ez\u00e9rt magyar m\u00e9rn\u00f6k\u00f6k kifejlesz-tett\u00e9k az ultrahang n\u00e9lk\u00fcli CTG-t is, mely berendez\u00e9st a Szent Istv\u00e1n k\u00f3rh\u00e1zban mi is haszn\u00e1lunk<\/p>\n<h3><span style=\"color: #3366ff;\">Milyen elven m\u0171k\u00f6dik a kardiotokogr\u00e1f?<\/span><\/h3>\n<p>A cardiotokogr\u00e1f ultrahanggal, \u00fan. Doppler elv alapj\u00e1n \u00e9rz\u00e9keli a sz\u00edvl\u00fcktet\u00e9st. K\u00e9t sz\u00edv\u00f6sz-szeh\u00faz\u00f3d\u00e1s k\u00f6z\u00f6tt eltelt id\u0151b\u0151l kisz\u00e1m\u00edtja a pillanatnyi, egy percre vonatkoztatott sz\u00edvfrek-venci\u00e1t. Ezt folyamatosan regisztr\u00e1lja a CTG pap\u00edron. A magzati pulzussz\u00e1m pillanatnyi \u00e9rt\u00e9ke <strong>120-160\/perc k\u00f6z\u00f6tt norm\u00e1lis a terhess\u00e9g 36. het\u00e9t\u0151l<\/strong>. Megfigyelhet\u0151, hogy a magzati sz\u00edvfrekvencia szinte \u00e1lland\u00f3an v\u00e1ltozik, \u00edgy a g\u00f6rbe \u0084f\u0171r\u00e9szfogszer\u0171\u0094 apr\u00f3 ingadoz\u00e1st mutat. Ez a sz\u00edvm\u0171k\u00f6d\u00e9s \u00fan. oszcill\u00e1ci\u00f3ja. Az oszcill\u00e1ci\u00f3 nagys\u00e1ga (amplit\u00fad\u00f3ja) \u00e9s id\u0151belis\u00e9ge (oszcill\u00e1ci\u00f3s frekvencia), szint\u00e9n fontos jelz\u0151je a magzat \u00e1llapot\u00e1nak. Az alapfrekvencia r\u00f6vid id\u0151n bel\u00fcli v\u00e1ltoz\u00e1sai a g\u00f6rbe emelked\u00e9s\u00e9t (akceler\u00e1ci\u00f3) vagy s\u00fcllyed\u00e9s\u00e9t (deceler\u00e1ci\u00f3) okoz-hatja. Ezek a jelek a magzat oxig\u00e9nell\u00e1totts\u00e1g\u00e1ra adnak felvil\u00e1gos\u00edt\u00e1st. A magzati sz\u00edvfrek-vencia ilyen gyors v\u00e1ltoz\u00e9konys\u00e1ga a magzati v\u00e9rkering\u00e9s szab\u00e1lyoz\u00e1s\u00e1nak \u00e9retlens\u00e9g\u00e9re ve-zethet\u0151 vissza. M\u00edg egy \u00e9rett sz\u00edv a kisv\u00e9rk\u00f6r \u00e9s a nagyv\u00e9rk\u00f6r fel\u0151l \u00e9rkez\u0151 v\u00e9rmennyis\u00e9gek k\u00f6z\u00f6tti egyenl\u0151tlens\u00e9ggel \u00e9s az erek ellen\u00e1ll\u00e1s\u00e1val a sz\u00edvizom erej\u00e9nek szab\u00e1lyoz\u00e1s\u00e1val k\u00fczd meg, addig a magzat sz\u00edve a pulzussz\u00e1m gyors v\u00e1ltoz\u00e1s\u00e1val reag\u00e1l.<\/p>\n<h3><span style=\"color: #3366ff;\">Hogyan m\u00e9r a tokogr\u00e1f?<\/span><\/h3>\n<p>A m\u00e9hm\u0171k\u00f6d\u00e9st a k\u00e9sz\u00fcl\u00e9k a m\u00e9h \u00f6sszeh\u00faz\u00f3d\u00e1sakor megv\u00e1ltozott sz\u00f6veti elektromos vezet\u0151-k\u00e9pess\u00e9ggel lehet m\u00e9rni. A m\u00e9hizom nyugalmi \u00e1llapot\u00e1ban is akt\u00edv. A m\u00e9htestben percenk\u00e9nt t\u00f6bb, kisebb ingerhull\u00e1m terjed v\u00e9gig (Alvarez hull\u00e1mok). Ezek az \u00f6sszeh\u00faz\u00f3d\u00e1sok a v\u00e1ran-d\u00f3ss\u00e1g alatt egyre fokoz\u00f3dnak. Id\u0151nk\u00e9nt egy-egy er\u0151sebb m\u00e9htev\u00e9kenys\u00e9g is regisztr\u00e1lhat\u00f3 an\u00e9lk\u00fcl, hogy ezt a kismama \u00e9rezn\u00e9, vagy \u0084f\u00e1j\u00e1sk\u00e9nt\u0094 \u00e9ln\u00e9 meg (Braxton-Hicks-kontrakci\u00f3k). Ezen \u00f6sszeh\u00faz\u00f3d\u00e1sok funkci\u00f3ja val\u00f3sz\u00edn\u0171leg a m\u00e9hizom \u0084torn\u00e1ja\u0094, valamint a lep\u00e9nyi v\u00e9rkering\u00e9s felfriss\u00edt\u00e9se, teljesen \u00e9lettaniak, nem kell t\u0151l\u00fck megijedni.<\/p>\n<h3><span style=\"color: #3366ff;\">NST \u0096 non-stressz teszt<\/span><\/h3>\n<p><img loading=\"lazy\" class=\"aligncenter size-full wp-image-598\" src=\"http:\/\/magnetovitalrendelo.hu\/rendelo\/wp-content\/uploads\/sites\/4\/2013\/03\/ctg_vizsgalat-3.jpg\" alt=\"ctg_vizsgalat-3\" width=\"500\" height=\"380\" srcset=\"http:\/\/magnetovitalrendelo.hu\/rendelo\/wp-content\/uploads\/sites\/4\/2013\/03\/ctg_vizsgalat-3.jpg 500w, http:\/\/magnetovitalrendelo.hu\/rendelo\/wp-content\/uploads\/sites\/4\/2013\/03\/ctg_vizsgalat-3-300x228.jpg 300w\" sizes=\"(max-width: 500px) 100vw, 500px\" \/><\/p>\n<p>Az NST egy nyugalmi \u00e1llapotban v\u00e9gzett CTG vizsg\u00e1lat, mely sor\u00e1n a magzat mozg\u00e1sait is r\u00f6gz\u00edtj\u00fck. Ezt a kismama egy nyom\u00f3gomb seg\u00edts\u00e9g\u00e9vel jelzi a k\u00e9sz\u00fcl\u00e9knek. Az eredm\u00e9ny h\u00e1romf\u00e9le lehet:<\/p>\n<p><strong>Reakt\u00edv:<\/strong> a g\u00f6rbe j\u00f3, a magzat akt\u00edv \u00e9s a magzatmozg\u00e1sokra a g\u00f6rbe r\u00f6vid ideig tart\u00f3 emelke-d\u00e9seket mutat (akceler\u00e1l)<\/p>\n<p><strong>Suspect:<\/strong> gyan\u00fas. Kisebb elt\u00e9r\u00e9sek l\u00e1that\u00f3k a g\u00f6rb\u00e9n, melyek nem egy\u00e9rtelm\u0171en k\u00f3rosak. N\u00e9ha csak az a magyar\u00e1zat, hogy a magzat alszik, inakt\u00edv. Ilyenkor a magzatot valamilyen akusztikus ingerrel \u00e9bresztj\u00fck, sz\u00fcks\u00e9g eset\u00e9n 30-60 perc m\u00falva a vizsg\u00e1lat ism\u00e9tl\u00e9se sz\u00fcks\u00e9-ges.<\/p>\n<p><strong>Nem reakt\u00edv:<\/strong> a g\u00f6rbe k\u00f3ros jeleket mutat (120\/perc alatti vagy jelent\u0151sen f\u00f6l\u00f6tti tart\u00f3s sz\u00edv-frekvencia, besz\u0171k\u00fclt g\u00f6rbe, s\u00fcllyed\u00e9sek -deceler\u00e1ci\u00f3k stb.). Tov\u00e1bbi vizsg\u00e1lat sz\u00fcks\u00e9ges, mivel oxig\u00e9nhi\u00e1nyos \u00e1llapot bek\u00f6vetkez\u00e9se val\u00f3sz\u00edn\u0171s\u00edthet\u0151.<\/p>\n<h3><span style=\"color: #3366ff;\">Terhel\u00e9ses CTG vizsg\u00e1latok:<\/span><\/h3>\n<p>A terhel\u00e9s alatt a m\u00e9h \u00e9s a m\u00e9hlep\u00e9ny v\u00e9rkering\u00e9se kiss\u00e9 cs\u00f6kken. Amennyiben a lep\u00e9nyi kering\u00e9snek nincsenek tartal\u00e9kai (rejtett el\u00e9gtelens\u00e9g), a CTG-n k\u00f3ros elv\u00e1ltoz\u00e1sok jelennek meg. Terhel\u00e9st jelent a fizik\u00e1lis terhel\u00e9s (torna, guggol\u00e1s, szobaker\u00e9kp\u00e1r, l\u00e9pcs\u0151z\u00e9s- FTT- fizik\u00e1lis terhel\u00e9ses teszt), m\u00e9h\u00f6sszeh\u00faz\u00f3 oxitocin inf\u00fazi\u00f3 (OTT- oxitocin terhel\u00e9ses teszt), vagy az eml\u0151bimb\u00f3 stimul\u00e1ci\u00f3j\u00e1ra kialakul\u00f3 m\u00e9h\u00f6sszeh\u00faz\u00f3d\u00e1s (EST- eml\u0151 stimul\u00e1ci\u00f3s teszt). Manaps\u00e1g az ultrahangos kering\u00e9svizsg\u00e1latok (flowmetria) alkalmaz\u00e1sa r\u00e9szen kiv\u00e1ltott\u00e1k a terhel\u00e9ses CTG vizsg\u00e1latokat.<\/p>\n<div class=\"printfriendly pf-button \"><a href=\"http:\/\/magnetovitalrendelo.hu\/rendelo\/szolgaltatasaink-2\/terhestanacsadas-es-szulesfelkeszites\/amit-a-ctg-vizsgalatrol-tudni-kell\/?pfstyle=wp\" rel=\"nofollow\"  title=\"Printer Friendly, PDF & Email\"><img src=\"http:\/\/magnetovitalrendelo.hu\/k\/pf-button-both.gif\" alt=\"Print Friendly, PDF & Email\" class=\"pf-button-img\" style=\"\"  \/><\/a><\/div>\n","protected":false},"excerpt":{"rendered":"<p>A CTG a Cardiotokogr\u00e1f r\u00f6vid\u00edt\u00e9se. Ez egy olyan speci\u00e1lis m\u0171szer, amelynek seg\u00edts\u00e9g\u00e9vel a magzat sz\u00edvm\u0171k\u00f6d\u00e9se \u00e9s a m\u00e9h akti-vit\u00e1sa egyszerre figyelhet\u0151 meg \u00e9s mindezeket folyamatosan egy pap\u00edrszalagra r\u00f6gz\u00edti. A regisztr\u00e1lt sz\u00edvm\u0171k\u00f6d\u00e9s folyamatos g\u00f6rbek\u00e9nt l\u00e1that\u00f3 (fels\u0151 vonal), melynek v\u00e1ltoz\u00e1s\u00e1b\u00f3l k\u00f6vetkeztethet\u00fcnk a magzat \u00e1llapot\u00e1ra. Ehhez figyelembe kell venni m\u00e9g a m\u00e9htev\u00e9kenys\u00e9g g\u00f6rb\u00e9j\u00e9t is (als\u00f3 vonal). Ha r\u00f6gz\u00edtj\u00fck [&hellip;]<\/p>\n","protected":false},"author":1,"featured_media":0,"parent":55,"menu_order":0,"comment_status":"closed","ping_status":"closed","template":"full-width-page.php","meta":{"_mi_skip_tracking":false},"_links":{"self":[{"href":"http:\/\/magnetovitalrendelo.hu\/rendelo\/wp-json\/wp\/v2\/pages\/596"}],"collection":[{"href":"http:\/\/magnetovitalrendelo.hu\/rendelo\/wp-json\/wp\/v2\/pages"}],"about":[{"href":"http:\/\/magnetovitalrendelo.hu\/rendelo\/wp-json\/wp\/v2\/types\/page"}],"author":[{"embeddable":true,"href":"http:\/\/magnetovitalrendelo.hu\/rendelo\/wp-json\/wp\/v2\/users\/1"}],"replies":[{"embeddable":true,"href":"http:\/\/magnetovitalrendelo.hu\/rendelo\/wp-json\/wp\/v2\/comments?post=596"}],"version-history":[{"count":1,"href":"http:\/\/magnetovitalrendelo.hu\/rendelo\/wp-json\/wp\/v2\/pages\/596\/revisions"}],"predecessor-version":[{"id":1384,"href":"http:\/\/magnetovitalrendelo.hu\/rendelo\/wp-json\/wp\/v2\/pages\/596\/revisions\/1384"}],"up":[{"embeddable":true,"href":"http:\/\/magnetovitalrendelo.hu\/rendelo\/wp-json\/wp\/v2\/pages\/55"}],"wp:attachment":[{"href":"http:\/\/magnetovitalrendelo.hu\/rendelo\/wp-json\/wp\/v2\/media?parent=596"}],"curies":[{"name":"wp","href":"https:\/\/api.w.org\/{rel}","templated":true}]}}