{"id":57,"date":"2013-02-19T17:36:01","date_gmt":"2013-02-19T16:36:01","guid":{"rendered":"http:\/\/magnetovitalrendelo.hu\/rendelo\/?page_id=57"},"modified":"2014-12-15T09:43:09","modified_gmt":"2014-12-15T08:43:09","slug":"vaszati","status":"publish","type":"page","link":"http:\/\/magnetovitalrendelo.hu\/rendelo\/szolgaltatasaink-2\/vaszati\/","title":{"rendered":"Vaszati t\u00e9renergia rendez\u00e9s"},"content":{"rendered":"<div class=\"printfriendly pf-button \"><a href=\"http:\/\/magnetovitalrendelo.hu\/rendelo\/szolgaltatasaink-2\/vaszati\/?pfstyle=wp\" rel=\"nofollow\"  title=\"Printer Friendly, PDF & Email\"><img src=\"http:\/\/magnetovitalrendelo.hu\/k\/pf-button-both.gif\" alt=\"Print Friendly, PDF & Email\" class=\"pf-button-img\" style=\"\"  \/><\/a><\/div>\n<blockquote>\n<p style=\"text-align: right;\"><img loading=\"lazy\" class=\"alignright size-full wp-image-355\" src=\"http:\/\/magnetovitalrendelo.hu\/rendelo\/wp-content\/uploads\/sites\/4\/2013\/02\/richard_feynman.jpg\" alt=\"richard_feynman\" width=\"107\" height=\"150\" \/><span style=\"color: #800080;\">&#8220;Ha agyunk a c\u00e9lszer\u0171s\u00e9g kedv\u00e9\u00e9rt r\u00e9szekre is bontja ezt a Vil\u00e1gmindens\u00e9get: fizik\u00e1ra, biol\u00f3gi\u00e1ra, geol\u00f3gi\u00e1ra, csillag\u00e1szatra stb., az\u00e9rt ne feledj\u00fck, hogy a term\u00e9szet err\u0151l a &#8220;feloszt\u00e1sr\u00f3l&#8221; m\u00e9g nem tud&#8221;<\/span> &#8211; <strong>Richard Feynman<\/strong><\/p>\n<\/blockquote>\n<ul>\n<li><span style=\"color: #000080;\">Hogy \u00e9rzi mag\u00e1t a lak\u00e1s\u00e1ban? Lak\u00e1lyosnak, meleg f\u00e9szeknek, hangulatos otthonnak tartja? Belegondolt m\u00e1r abba, hogy milyen t\u00e9nyez\u0151k befoly\u00e1solj\u00e1k egy h\u00e1z, lak\u00e1s hangulat\u00e1t, energetikai \u00e1llapot\u00e1t \u00e9s hogy ez hogyan hat vissza annak lak\u00f3ira?<\/span><\/li>\n<li><span style=\"color: #000080;\">H\u00e9tf\u0151 reggel felt\u00f6lt\u0151dve vagy fesz\u00fclten indul munk\u00e1ba?<\/span><\/li>\n<li><span style=\"color: #000080;\">Vajon mely t\u00e9nyez\u0151k azok, melyek ezt az \u00e1llapotot okozz\u00e1k?<\/span><\/li>\n<li><span style=\"color: #000080;\">Belegondolt, hogy bizonyos lak\u00e1sokban, munkahelyeken a k\u00f6z\u00f6ss\u00e9gi szellem mi\u00e9rt nem m\u0171k\u00f6dik, a szeretet mi\u00e9rt nem tud kibontakozni?<\/span><\/li>\n<li><span style=\"color: #000080;\">Mi\u00e9rt jellemz\u0151 bizonyos terekre, hogy az ott \u00e9l\u0151k, dolgoz\u00f3k halmozottan betegednek meg?<\/span><\/li>\n<\/ul>\n<p>A fentiek nagym\u00e9rt\u00e9kben att\u00f3l is f\u00fcggenek, hogy mennyire harmonikus egy adott t\u00e9r rezg\u00e9se.<\/p>\n<p><span style=\"color: #993300;\"><strong>Befoly\u00e1solhat\u00f3-e a j\u00f3 ir\u00e1nyba ez az \u00e1llapot? Hogyan?<\/strong><\/span><\/p>\n<p><img loading=\"lazy\" class=\"size-full wp-image-388 alignleft\" src=\"http:\/\/magnetovitalrendelo.hu\/rendelo\/wp-content\/uploads\/sites\/4\/2013\/02\/vaszati-5.jpg\" alt=\"vaszati-5\" width=\"200\" height=\"200\" srcset=\"http:\/\/magnetovitalrendelo.hu\/rendelo\/wp-content\/uploads\/sites\/4\/2013\/02\/vaszati-5.jpg 200w, http:\/\/magnetovitalrendelo.hu\/rendelo\/wp-content\/uploads\/sites\/4\/2013\/02\/vaszati-5-150x150.jpg 150w\" sizes=\"(max-width: 200px) 100vw, 200px\" \/>Nehezen, de tudom\u00e1sul kell hogy vegy\u00fck, hogy senki nem k\u00e9pes arra, hogy minden olyan stresszt\u00e9nyez\u0151t, melyek az \u00e9let\u00fcnkre negat\u00edv hat\u00e1ssal vannak, ki tudjon iktatni az \u00e9let\u00e9b\u0151l. Rossz esetben ezeket m\u00e9g akarati \u00faton sem tudjuk befoly\u00e1solni. Egyetlen lehet\u0151s\u00e9g\u00fcnk van arra, hogy ezeket a hat\u00e1sokat az \u00e9let\u00fcnkb\u0151l kiiktassuk, m\u00e9gpedig az, hogy megfelel\u0151 v\u00e9delmet keres\u00fcnk ellen\u00fck. Az hogy az \u00e9letter\u00fcnket \/lak\u00e1s, munkahely\/ a berendez\u00e9seit tekintve \u00e9s a rezg\u00e9sek szempontj\u00e1b\u00f3l is \u00fagy alak\u00edtsuk, form\u00e1ljuk \u00e1t, hogy ez\u00e1ltal megsz\u00fcntess\u00fck azok fesz\u00fclts\u00e9g-gerjeszt\u0151, megbeteg\u00edt\u0151, a gy\u00f3gyul\u00e1st g\u00e1tl\u00f3 hat\u00e1sait.<\/p>\n<p><img loading=\"lazy\" class=\"alignright size-full wp-image-357\" src=\"http:\/\/magnetovitalrendelo.hu\/rendelo\/wp-content\/uploads\/sites\/4\/2013\/02\/vaszati-1.jpg\" alt=\"vaszati-1\" width=\"179\" height=\"120\" \/>Nagyon sokan csak azt veszik \u00e9szre, hogy folyamatosan betegs\u00e9gekkel k\u00fczdenek, k\u00f6z\u00e9rzet\u00fck eg\u00e9szs\u00e9g\u00fcgyi vagy emberi szempontb\u00f3l nem megfelel\u0151, p\u00e1rkapcsolatuk nincs vagy minden igyekezet\u00fck ellen\u00e9re rosszul m\u0171k\u00f6dik, emberi kapcsolataik k\u00edv\u00e1nnival\u00f3t hagynak maguk ut\u00e1n, \u00fczleti tev\u00e9kenys\u00e9g\u00fck nem a kell\u0151 sikert hozza, sz\u00f3val sokkal kevesebbre tudnak jutni, mint amennyit \u00f6nmagukr\u00f3l gondolnak vagy m\u00e1sok felt\u00e9teleznek r\u00f3luk. Nem is sejtik, hogy ezeknek a probl\u00e9m\u00e1iknak a h\u00e1tter\u00e9ben a lak\u00f3hely\u00fck\u00f6n vagy a munkak\u00f6rnyezet\u00fckben a nem megfelel\u0151en m\u0171k\u00f6d\u0151 t\u00e9renergi\u00e1k, vagy azok \u00e1raml\u00e1si zavarai rejlenek, \u00e9s hogy ezeken a probl\u00e9m\u00e1kon hat\u00e1sosan lehet seg\u00edteni.<\/p>\n<p><img loading=\"lazy\" class=\"alignleft size-full wp-image-359\" src=\"http:\/\/magnetovitalrendelo.hu\/rendelo\/wp-content\/uploads\/sites\/4\/2013\/02\/vaszati-2.jpg\" alt=\"vaszati-2\" width=\"135\" height=\"101\" \/>Eg\u00e9szs\u00e9gmeg\u0151rz\u0151, betegs\u00e9gmegel\u0151z\u0151, a hat\u00e1sos \u00f6ngy\u00f3gy\u00edt\u00e1st el\u0151seg\u00edt\u0151 munk\u00e1nk ezzel a szolg\u00e1ltat\u00e1ssal v\u00e1lt teljess\u00e9, \u00edgy k\u00e9pess\u00e9 v\u00e1ltunk arra, hogy a tov\u00e1bbiakban m\u00e1r val\u00f3ban ne csak betegs\u00e9gekben vagy azok gy\u00f3gy\u00edt\u00e1s\u00e1ban legy\u00fcnk k\u00e9pesek gondolkodni, hanem a legnagyobb m\u00e9rt\u00e9kben tarthassuk szem el\u0151tt a megbeteg\u00edthet\u0151, a seg\u00edts\u00e9gre szorul\u00f3, a beteg embert.<\/p>\n<p><img loading=\"lazy\" class=\"alignright size-full wp-image-389\" src=\"http:\/\/magnetovitalrendelo.hu\/rendelo\/wp-content\/uploads\/sites\/4\/2013\/02\/vaszati-6.jpg\" alt=\"vaszati-6\" width=\"183\" height=\"144\" \/>Ezt a szerepet t\u00f6lti be a munk\u00e1nkban a vaszati, mely az \u00e9lett\u00e9r-rendez\u00e9s autentikus eredeti indiai form\u00e1ja \u00e9s mint ilyen, minden feng-shui m\u00f3dszer gy\u00f6kere, kiindul\u00e1si alapja. A feng shui-nak sz\u00e1mos ir\u00e1nyzat\u00e1t ismerj\u00fck \u00e9s ezek sokszor m\u00e9g egym\u00e1snak is ellentmondanak. Kialakul\u00e1sa, form\u00e1l\u00f3d\u00e1sa \u00e9s a mai, a civiliz\u00e1lt nyugati orsz\u00e1gokban ismert, elismert \u00e9s gyakorolt form\u00e1ja bonyolult, nem mindig tisztess\u00e9ges t\u00f6rt\u00e9nelmi \u00e9s t\u00e1rsadalmi t\u00e9nyez\u0151k alak\u00edt\u00f3, form\u00e1l\u00f3 jegyeit hordozza mag\u00e1n. Sokszor a vaszati alapelveit\u0151l jelent\u0151sen elt\u00e9r\u0151 m\u00f3don pr\u00f3b\u00e1l a k\u00fcl\u00f6nb\u00f6z\u0151 probl\u00e9m\u00e1kra megold\u00e1st tal\u00e1lni. A feng-shui egy nagyr\u00e9szt sz\u00e1jhagyom\u00e1nyon alapul\u00f3 hitrendszeren, tapasztalatokon \u00e9s az id\u0151k sor\u00e1n t\u00f6bbsz\u00f6r\u00f6sen \u00e1tdolgozott \u00e9s \u00e1t\u00e9rt\u00e9kelt, sokak \u00e1ltal magyar\u00e1zott k\u00e9s\u0151i \u00edr\u00e1sos eml\u00e9keken alapul.<\/p>\n<p><img loading=\"lazy\" class=\"size-full wp-image-360 alignleft\" src=\"http:\/\/magnetovitalrendelo.hu\/rendelo\/wp-content\/uploads\/sites\/4\/2013\/02\/vaszati-3.jpg\" alt=\"vaszati-3\" width=\"150\" height=\"100\" \/>Ezzel szemben a vaszati &#8211; imm\u00e1r 5000 \u00e9ve azonos form\u00e1ban &#8211; fizikai, matematikai, geometriai t\u00e9nyez\u0151k, t\u00f6rv\u00e9nyszer\u0171s\u00e9gek \u00e1ltal tudom\u00e1nyosan megalapozottan exakt m\u00f3don le\u00edrhat\u00f3 fizikai \u00e9s energetikai viszonyokat \u00e9rt\u00e9kel \u00e9s korrig\u00e1l. Seg\u00edts\u00e9g\u00e9vel sz\u00e1mokban kifejezhet\u0151en megjelen\u00edthet\u0151ek egy adott ter\u00fclet, telek, h\u00e1z, lak\u00e1s vagy helyis\u00e9g energia-jellemz\u0151i, ugyancsak sz\u00e1mszer\u0171leg meghat\u00e1rozhat\u00f3ak ezek hib\u00e1i \u00e9s el\u0151nyei. A nyugatit\u00f3l n\u00e9mileg elt\u00e9r\u0151 v\u00e9dikus asztrol\u00f3gia szab\u00e1lyait is az \u00e9rt\u00e9kel\u00e9sbe vonva pontosan k\u00e9pesekk\u00e9 v\u00e1lunk egy csal\u00e1d minden tagja, vagy az egyes ember sz\u00e1m\u00e1ra kijel\u00f6lni a k\u00f6r\u00fclm\u00e9nyek \u00e1ltal adott lak\u00f3- \u00e9s munkahely\u00fck sz\u00e1mukra ide\u00e1lis \u00e9letter\u00e9t, valamint otthonuk egy\u00e9ni alv\u00f3k\u00f6rnyezet\u00e9t.<\/p>\n<p><img loading=\"lazy\" class=\"size-full wp-image-390 alignright\" src=\"http:\/\/magnetovitalrendelo.hu\/rendelo\/wp-content\/uploads\/sites\/4\/2013\/02\/vaszati-7.jpg\" alt=\"vaszati-7\" width=\"198\" height=\"162\" \/>Mi a hivat\u00e1sunk, foglakoz\u00e1sunk jelleg\u00e9b\u0151l fakad\u00f3an els\u0151sorban eg\u00e9szs\u00e9g\u00fcgyi probl\u00e9m\u00e1kb\u00f3l indulunk ki, \u00e9s alapvet\u0151 c\u00e9lunk azok gy\u00f3gy\u00edt\u00e1sa illetve az azokat l\u00e9trehoz\u00f3 hib\u00e1k korrekci\u00f3j\u00e1nak kutat\u00e1sa. N\u00e9h\u00e1ny olyan hib\u00e1t szeretn\u00e9nk bemutatni, melyek eset\u00e9ben hat\u00e1rozott statisztikai val\u00f3sz\u00edn\u0171s\u00e9gi \u00f6sszef\u00fcgg\u00e9sek mutathat\u00f3ak ki egyes rosszindulat\u00fa betegs\u00e9gek \u00e9s bizonyos \u00e9p\u00edt\u00e9szeti hib\u00e1k k\u00f6z\u00f6tt. Az r\u00e9szletes elemz\u00e9sek eredm\u00e9nyei szerint legal\u00e1bb k\u00e9t komoly vaszati hiba fenn\u00e1ll\u00e1sa eset\u00e9n nagy a val\u00f3sz\u00edn\u0171s\u00e9ge tumoros betegs\u00e9gek kialakul\u00e1s\u00e1nak. Komment\u00e1r n\u00e9lk\u00fcl, a teljess\u00e9g legcsek\u00e9lyebb ig\u00e9nye n\u00e9lk\u00fcl \u00e1lljon itt n\u00e9h\u00e1ny ezen p\u00e9ld\u00e1k k\u00f6z\u00fcl:<\/p>\n<ul>\n<li><strong><span style=\"color: #000080;\">Ha a h\u00e1zon az \u00e9szakkeleti ter\u00fclet le van kerek\u00edtve \u00e9s az \u00e9szaknyugati z\u00e1rt &#8211; r\u00e1k alakulhat ki az eml\u0151k k\u00f6rny\u00e9k\u00e9n, a t\u00fcd\u0151 vagy egy\u00e9b ezen a ter\u00fcleten elhelyezked\u0151 szerv lehet vesz\u00e9lyben.<\/span><\/strong><\/li>\n<li><strong><span style=\"color: #000080;\">Ha a h\u00e1z \u00e9szakkeleti r\u00e9sze hegyes sz\u00f6get z\u00e1r be \u00e9s a a nyugati r\u00e9szen \u0171r van &#8211; a fej \u00e9s a torok k\u00f6rny\u00e9k\u00e9n alakulhat ki daganat.<\/span><\/strong><\/li>\n<li><strong><span style=\"color: #000080;\">Ha a h\u00e1z \u00e9szakkeleti, keleti \u00e9s \u00e9szaki r\u00e9szei magasabban helyezkednek el, m\u00edg a d\u00e9lnyugati, a d\u00e9li \u00e9s a nyugati r\u00e9szei alacsonyabban &#8211; agydaganat alakulhat ki.<\/span><\/strong><\/li>\n<li><strong><span style=\"color: #000080;\">Valamilyen fogyat\u00e9koss\u00e1g van \u00e9szakkeleten, valamint d\u00e9lkeleten &#8211; eml\u0151r\u00e1k alakulhat ki.<\/span><\/strong><\/li>\n<li><strong><span style=\"color: #000080;\">Vaszati el\u00e9gtelens\u00e9g van \u00e9szakkeleten, valamint d\u00e9len vagy nyugaton &#8211; m\u00e9hnyak- vagy m\u00e9htestr\u00e1k kialakul\u00e1sa val\u00f3sz\u00edn\u0171.<\/span><\/strong><\/li>\n<li><strong><span style=\"color: #000080;\">Hi\u00e1nyoss\u00e1g van \u00e9szakkeleten, valamint a h\u00e1z d\u00e9lnyugat-nyugati r\u00e9sz\u00e9n &#8211; tumorsejtek keletkezhetnek a ves\u00e9ben.<\/span><\/strong><\/li>\n<li><strong><span style=\"color: #000080;\">El\u00e9gtelens\u00e9g van \u00e9szakkeleten, valamint annak k\u00f6rny\u00e9k\u00e9n n\u00e9h\u00e1ny m\u00e1sik szektorban is &#8211; leuk\u00e9mia vesz\u00e9lye \u00e1ll fenn.<\/span><\/strong><\/li>\n<li><strong><span style=\"color: #000080;\">Vaszati probl\u00e9ma van \u00e9szakkeleten valamint nyugaton &#8211; gyomordaganat alakulhat ki.<\/span><\/strong><\/li>\n<\/ul>\n<p><img loading=\"lazy\" class=\"aligncenter  wp-image-1347\" src=\"http:\/\/magnetovitalrendelo.hu\/rendelo\/wp-content\/uploads\/sites\/4\/2013\/02\/dr-hamvas-ferenc-vaszateria_terrendezes-20141024.jpg\" alt=\"dr-hamvas-ferenc-vaszateria_terrendezes-20141024\" width=\"600\" height=\"706\" \/><\/p>\n<p>Tapasztalataink szerint egy h\u00e1z vagy egy lak\u00e1s hib\u00e1ib\u00f3l nagy val\u00f3sz\u00edn\u0171s\u00e9ggel lehet k\u00f6vetkeztetni az ott lak\u00f3k eg\u00e9szs\u00e9gi, pszich\u00e9s \u00e1llapot\u00e1ra. Az egy\u00e9n\/ek\/ \u00e9let\u00e9ben keletkezett hib\u00e1k okai minden esetben pontosan felt\u00e1r\u00e1sra \u00e9s neves\u00edt\u00e9sre ker\u00fclnek. A felm\u00e9r\u00e9st \u00e9s az objekt\u00edv sz\u00e1m\u00edt\u00e1sokat k\u00f6vet\u0151en az \u00e9lett\u00e9rben felfedezhet\u0151 hib\u00e1k kijav\u00edt\u00e1s\u00e1t c\u00e9lz\u00f3 javaslataink a t\u00e9r energetikai szempontb\u00f3l optim\u00e1lis \u00e1trendez\u00e9s\u00e9t, vagy ennek akad\u00e1lyozotts\u00e1ga eset\u00e9n az el\u00e9rhet\u0151 legnagyobb v\u00e9delmet szolg\u00e1lj\u00e1k.<\/p>\n<p><img loading=\"lazy\" class=\"aligncenter size-full wp-image-361\" src=\"http:\/\/magnetovitalrendelo.hu\/rendelo\/wp-content\/uploads\/sites\/4\/2013\/02\/vaszati-4.jpg\" alt=\"vaszati-4\" width=\"500\" height=\"55\" srcset=\"http:\/\/magnetovitalrendelo.hu\/rendelo\/wp-content\/uploads\/sites\/4\/2013\/02\/vaszati-4.jpg 527w, http:\/\/magnetovitalrendelo.hu\/rendelo\/wp-content\/uploads\/sites\/4\/2013\/02\/vaszati-4-300x32.jpg 300w\" sizes=\"(max-width: 500px) 100vw, 500px\" \/><\/p>\n<p>A v\u00e9delem lehet\u0151s\u00e9gei azonban term\u00e9szetesen nem korl\u00e1tlanok. A korrekci\u00f3s lehet\u0151s\u00e9gek nagyban f\u00fcggenek az egy\u00e9n\/ek\/ben esetleg lelki vagy m\u00e1r fizikai s\u00edkon is kialakult negat\u00edv v\u00e1ltoz\u00e1sok m\u00e9rt\u00e9k\u00e9t\u0151l, valamint az \u0151\/ke\/t k\u00f6r\u00fclvev\u0151 \u00e9lett\u00e9r hib\u00e1inak, rendezetlens\u00e9g\u00e9nek a nagys\u00e1g\u00e1t\u00f3l.<\/p>\n<p><img loading=\"lazy\" class=\"size-full wp-image-392 alignleft\" src=\"http:\/\/magnetovitalrendelo.hu\/rendelo\/wp-content\/uploads\/sites\/4\/2013\/02\/vaszati-9.jpg\" alt=\"vaszati-9\" width=\"204\" height=\"140\" \/>Ez azt jelenti, hogy a k\u00e1ros hat\u00e1sokon jav\u00edtani minden esetben tudunk, de sajnos mindent teljesen megsz\u00fcntetni, kik\u00fcsz\u00f6b\u00f6lni nem minden esetben vagyunk k\u00e9pesek. A t\u00f6k\u00e9letes megold\u00e1s term\u00e9szetesen minden esetben egy olyan, a lak\u00f3k egyedi jellemz\u0151it figyelembe vev\u0151 \u00faj \u00e9lett\u00e9r kialak\u00edt\u00e1sa, melyet kifejezetten a vaszati alapelveinek megfelel\u0151en terveztek.<\/p>\n<p><img loading=\"lazy\" class=\"size-full wp-image-391 alignright\" src=\"http:\/\/magnetovitalrendelo.hu\/rendelo\/wp-content\/uploads\/sites\/4\/2013\/02\/vaszati-8.jpg\" alt=\"vaszati-8\" width=\"260\" height=\"173\" \/>Szolg\u00e1ltat\u00e1sunkat \u00d6n is ig\u00e9nyelheti! Ennek kapcs\u00e1n szak\u00e9rt\u0151, a vaszati-t\u00e9rrendez\u00e9sben j\u00e1rtas munkat\u00e1rsunk a lak\u00e1s\u00e1n, a munkahely\u00e9n, vagy mindk\u00e9t helysz\u00ednen felkeresi \u00d6nt, felm\u00e9ri azt. Azut\u00e1n egy egy\u00e9nre szabott tervet k\u00e9sz\u00edt az \u00d6n sz\u00e1m\u00e1ra ezen objektum\/ok\/nak a fenti \u00e1rt\u00f3 hat\u00e1sok kik\u00fcsz\u00f6b\u00f6l\u00e9s\u00e9t c\u00e9lz\u00f3 \u00e1talak\u00edt\u00e1s\u00e1ra, \u00e1trendez\u00e9s\u00e9re. Ha a v\u00e1ltoztat\u00e1sok kivitelez\u00e9se a helyi adotts\u00e1gok vagy anyagi jelleg\u0171 okok miatt lehetetlen volna, akkor a megrendel\u0151 tervet kap a lehet\u0151s\u00e9gekhez k\u00e9pest legnagyobb \u00e9s leghat\u00e1sosabb v\u00e9delem kialak\u00edt\u00e1s\u00e1ra is.<\/p>\n<div class=\"printfriendly pf-button \"><a href=\"http:\/\/magnetovitalrendelo.hu\/rendelo\/szolgaltatasaink-2\/vaszati\/?pfstyle=wp\" rel=\"nofollow\"  title=\"Printer Friendly, PDF & Email\"><img src=\"http:\/\/magnetovitalrendelo.hu\/k\/pf-button-both.gif\" alt=\"Print Friendly, PDF & Email\" class=\"pf-button-img\" style=\"\"  \/><\/a><\/div>\n","protected":false},"excerpt":{"rendered":"<p>&#8220;Ha agyunk a c\u00e9lszer\u0171s\u00e9g kedv\u00e9\u00e9rt r\u00e9szekre is bontja ezt a Vil\u00e1gmindens\u00e9get: fizik\u00e1ra, biol\u00f3gi\u00e1ra, geol\u00f3gi\u00e1ra, csillag\u00e1szatra stb., az\u00e9rt ne feledj\u00fck, hogy a term\u00e9szet err\u0151l a &#8220;feloszt\u00e1sr\u00f3l&#8221; m\u00e9g nem tud&#8221; &#8211; Richard Feynman Hogy \u00e9rzi mag\u00e1t a lak\u00e1s\u00e1ban? Lak\u00e1lyosnak, meleg f\u00e9szeknek, hangulatos otthonnak tartja? Belegondolt m\u00e1r abba, hogy milyen t\u00e9nyez\u0151k befoly\u00e1solj\u00e1k egy h\u00e1z, lak\u00e1s hangulat\u00e1t, energetikai \u00e1llapot\u00e1t [&hellip;]<\/p>\n","protected":false},"author":1,"featured_media":0,"parent":14,"menu_order":0,"comment_status":"closed","ping_status":"closed","template":"","meta":{"_mi_skip_tracking":false},"_links":{"self":[{"href":"http:\/\/magnetovitalrendelo.hu\/rendelo\/wp-json\/wp\/v2\/pages\/57"}],"collection":[{"href":"http:\/\/magnetovitalrendelo.hu\/rendelo\/wp-json\/wp\/v2\/pages"}],"about":[{"href":"http:\/\/magnetovitalrendelo.hu\/rendelo\/wp-json\/wp\/v2\/types\/page"}],"author":[{"embeddable":true,"href":"http:\/\/magnetovitalrendelo.hu\/rendelo\/wp-json\/wp\/v2\/users\/1"}],"replies":[{"embeddable":true,"href":"http:\/\/magnetovitalrendelo.hu\/rendelo\/wp-json\/wp\/v2\/comments?post=57"}],"version-history":[{"count":1,"href":"http:\/\/magnetovitalrendelo.hu\/rendelo\/wp-json\/wp\/v2\/pages\/57\/revisions"}],"predecessor-version":[{"id":1348,"href":"http:\/\/magnetovitalrendelo.hu\/rendelo\/wp-json\/wp\/v2\/pages\/57\/revisions\/1348"}],"up":[{"embeddable":true,"href":"http:\/\/magnetovitalrendelo.hu\/rendelo\/wp-json\/wp\/v2\/pages\/14"}],"wp:attachment":[{"href":"http:\/\/magnetovitalrendelo.hu\/rendelo\/wp-json\/wp\/v2\/media?parent=57"}],"curies":[{"name":"wp","href":"https:\/\/api.w.org\/{rel}","templated":true}]}}