{"id":398,"date":"2013-02-24T16:47:42","date_gmt":"2013-02-24T15:47:42","guid":{"rendered":"http:\/\/magnetovitalrendelo.hu\/rendelo\/?page_id=398"},"modified":"2015-09-02T10:52:45","modified_gmt":"2015-09-02T08:52:45","slug":"agyhullam-hangolas","status":"publish","type":"page","link":"http:\/\/magnetovitalrendelo.hu\/rendelo\/szolgaltatasaink-2\/agyhullam-hangolas\/","title":{"rendered":"Agyhull\u00e1m-hangol\u00e1s"},"content":{"rendered":"<div class=\"printfriendly pf-button \"><a href=\"http:\/\/magnetovitalrendelo.hu\/rendelo\/szolgaltatasaink-2\/agyhullam-hangolas\/?pfstyle=wp\" rel=\"nofollow\"  title=\"Printer Friendly, PDF & Email\"><img src=\"http:\/\/magnetovitalrendelo.hu\/k\/pf-button-both.gif\" alt=\"Print Friendly, PDF & Email\" class=\"pf-button-img\" style=\"\"  \/><\/a><\/div>\n<p>Felt\u00e9tlen\u00fcl sz\u00f3t kell ejten\u00fcnk egy anyagi szempontb\u00f3l igen kedvez\u0151, egyszer\u0171bb, term\u00e9szetesen az al\u00e1bbiakn\u00e1l sz\u0171kebb lehet\u0151s\u00e9geket ny\u00fajt\u00f3 elj\u00e1r\u00e1sr\u00f3l, melyet <strong><span style=\"color: #3366ff;\">agyhull\u00e1mhangol\u00e1s<\/span><\/strong>-nak neveztek el. <img loading=\"lazy\" class=\"size-full wp-image-1075 alignright\" src=\"http:\/\/magnetovitalrendelo.hu\/rendelo\/wp-content\/uploads\/sites\/4\/2013\/03\/drhamvasferenc_gyogyito_jel.jpg\" alt=\"drhamvasferenc_gyogyito_jel\" width=\"127\" height=\"200\" srcset=\"http:\/\/magnetovitalrendelo.hu\/rendelo\/wp-content\/uploads\/sites\/4\/2013\/03\/drhamvasferenc_gyogyito_jel.jpg 300w, http:\/\/magnetovitalrendelo.hu\/rendelo\/wp-content\/uploads\/sites\/4\/2013\/03\/drhamvasferenc_gyogyito_jel-191x300.jpg 191w\" sizes=\"(max-width: 127px) 100vw, 127px\" \/>Ennek m\u0171k\u00f6d\u00e9si elv\u00e9t <strong>Holics L\u00e1szl\u00f3<\/strong> zongoram\u0171v\u00e9sz interpret\u00e1ci\u00f3j\u00e1ban a az al\u00e1bbiakban ismertetn\u00e9m.<\/p>\n<p><img loading=\"lazy\" class=\"size-full wp-image-543 alignleft\" src=\"http:\/\/magnetovitalrendelo.hu\/rendelo\/wp-content\/uploads\/sites\/4\/2013\/02\/agyhullam-hangolas-1.jpg\" alt=\"agyhullam-hangolas-1\" width=\"200\" height=\"160\" \/>Az agyhull\u00e1mokat m\u00e1r r\u00e9g\u00f3ta j\u00f3l tudjuk m\u00e9rni EEG-berendez\u00e9ssel. Kider\u00fclt, hogy az agyhull\u00e1mokat k\u00f6zvetlen\u00fcl nem csak m\u00e9rni lehet, hanem befoly\u00e1solni is \u2014 s ami a legfantasztikusabb az eg\u00e9szben, hogy ehhez nem kellenek agyaf\u00fart milli\u00f3s berendez\u00e9sek! <strong><span style=\"color: #3366ff;\">Az agyhull\u00e1mokat az ember term\u00e9szetes \u00e9rz\u00e9kszervein kereszt\u00fcl bevitt, egyenletes ritmik\u00e1j\u00fa impulzusokkal is lehet befoly\u00e1solni<\/span><\/strong>, m\u00e9ghozz\u00e1 igen eredm\u00e9nyesen, \u00e9s b\u00e1rminem\u0171 k\u00e1ros mell\u00e9khat\u00e1st\u00f3l mentesen.<\/p>\n<p>Az eg\u00e9sz jelens\u00e9gnek az a l\u00e9nyege, hogy ha kell\u0151 ideig \u00e1lland\u00f3 frekvenci\u00e1val impulzusokat k\u00fcld\u00fcnk az agynak, p\u00e9ld\u00e1ul f\u00e9ny vagy hang form\u00e1j\u00e1ban, akkor az agyhull\u00e1mok fokozatosan igazodni fognak ehhez a frekvenci\u00e1hoz, s az agyban ez fog uralkod\u00f3 frekvenciak\u00e9nt be\u00e1llni. Az agy teh\u00e1t term\u00e9szetes m\u00f3don k\u00e9pes \u00e1tvenni a k\u00edv\u00fclr\u0151l \u00e9rkez\u0151 impulzusok frekvenci\u00e1j\u00e1t. Az agy eme reakci\u00f3j\u00e1t a kutat\u00f3k &#8220;<em>Frequency Following Response<\/em>&#8220;, azaz &#8220;<em>frekvenciak\u00f6vet\u0151 v\u00e1lasz<\/em>&#8221; \u2013nak nevezt\u00e9k el, az ezt el\u0151id\u00e9z\u0151 technikai elj\u00e1r\u00e1st pedig &#8220;<em>Brainwave Entrainment<\/em>&#8220;-nek, melyet <strong><span style=\"color: #993366;\">Holics L\u00e1szl\u00f3<\/span><\/strong> zongoram\u0171v\u00e9sz, e k\u00e9rd\u00e9s egyik els\u0151 magyar kutat\u00f3ja <strong><span style=\"color: #3366ff;\">agyhull\u00e1m-hangol\u00e1snak<\/span><\/strong> nevezett el.<\/p>\n<p>Az <span style=\"color: #3366ff;\"><strong>audio-agyhull\u00e1m-hangol\u00e1snak<\/strong><\/span> megvan az a csod\u00e1s el\u0151nye, hogy <strong>eme speci\u00e1lis hangimpulzusokat zen\u00e9be is bele lehet \u00e1gyazni, s \u00edgy olyan \u00e9lm\u00e9nyt kapunk, melyben a speci\u00e1lis hat\u00e1s \u00e9s a zenei \u00e9lm\u00e9ny \u00f6sszead\u00f3dnak egym\u00e1ssal<\/strong>.<\/p>\n<p><img loading=\"lazy\" class=\"alignleft size-full wp-image-399\" src=\"http:\/\/magnetovitalrendelo.hu\/rendelo\/wp-content\/uploads\/sites\/4\/2013\/02\/agyhullam-hangolas-2.jpg\" alt=\"agyhullam-hangolas-2\" width=\"370\" height=\"281\" srcset=\"http:\/\/magnetovitalrendelo.hu\/rendelo\/wp-content\/uploads\/sites\/4\/2013\/02\/agyhullam-hangolas-2.jpg 400w, http:\/\/magnetovitalrendelo.hu\/rendelo\/wp-content\/uploads\/sites\/4\/2013\/02\/agyhullam-hangolas-2-300x227.jpg 300w\" sizes=\"(max-width: 370px) 100vw, 370px\" \/>Ha p\u00e9ld\u00e1ul egy t\u00falp\u00f6rgetett nap v\u00e9g\u00e9n szeretn\u00e9nk <strong><span style=\"color: #3366ff;\">ellaz\u00edtani<\/span><\/strong> magunkat, de nincs r\u00e1 t\u00fal sok id\u0151nk, mert \u00e9jjel m\u00e9g van valami teend\u0151nk, akkor tegy\u00fcnk fel magunknak egy olyan, lass\u00fa zen\u00e9t, amelybe <strong><span style=\"color: #3366ff;\">alfa<\/span><\/strong> frekvenci\u00e1k vannak bele\u00e1gyazva, \u00e9s \u00edgy <span style=\"color: #3366ff;\"><strong>5-10-15 perc<\/strong><\/span> alatt meglep\u0151en k\u00f6nnyen megnyugszunk, ellazulunk.<\/p>\n<p>Ha \u00e1lmosak vagyunk, de musz\u00e1j m\u00e9g <strong><span style=\"color: #3366ff;\">f\u00f3kusz\u00e1lnunk<\/span><\/strong> valamire, feltehet\u00fcnk lend\u00fcletes zen\u00e9t, amelyben <strong><span style=\"color: #3366ff;\">b\u00e9ta<\/span><\/strong> frekvenci\u00e1kat kelt\u0151 impulzusokat rejtettek el, \u00e9s \u2014 csod\u00e1k csod\u00e1j\u00e1ra \u2014 az emberben sz\u00e9p lassan felfokoz\u00f3dik a figyelem, tiszt\u00e1v\u00e1, objekt\u00edvv\u00e1, ir\u00e1ny\u00edthat\u00f3bb\u00e1 v\u00e1lik a gondolkod\u00e1s, feljavul a koncentr\u00e1ci\u00f3s k\u00e9szs\u00e9g.<\/p>\n<p>Ugyanakkor, ha valakinek <strong><span style=\"color: #3366ff;\">alv\u00e1szavarai<\/span><\/strong> vannak, \u00e9s hajnali kett\u0151kor egyetlen v\u00e1gya, hogy el tudjon aludni v\u00e9gre, akkor neki a <strong><span style=\"color: #3366ff;\">delta<\/span><\/strong> frekvenci\u00e1kat tartalmaz\u00f3 zene val\u00f3, mely szel\u00edden, sz\u00e9p fokozatosan \u00e1lomba ringatja, ak\u00e1r egy kisgyereket.<\/p>\n<p>Ha pedig valaki spiritu\u00e1lis \u00e9lm\u00e9nyre v\u00e1gyik, \u00e9s szeretne egy inspir\u00e1lt, lelki megtisztul\u00e1st hoz\u00f3 <strong><span style=\"color: #3366ff;\">medit\u00e1ci\u00f3n<\/span><\/strong> kereszt\u00fclmenni, (an\u00e9lk\u00fcl, hogy \u0151 maga megtanult volna medit\u00e1lni) akkor ezt a <strong><span style=\"color: #3366ff;\">th\u00e9ta<\/span><\/strong> frekvenci\u00e1kat hordoz\u00f3 zene seg\u00edts\u00e9g\u00e9vel megteheti. A pszichol\u00f3giai \u00e9s orvosi szakirodalom telis-tele van a medit\u00e1ci\u00f3 j\u00f3t\u00e9kony testi \u00e9s lelki hat\u00e1sainak taglal\u00e1s\u00e1val. A helyesen v\u00e9grehajtott medit\u00e1ci\u00f3 olyan tev\u00e9kenys\u00e9g, mely az \u00e9letet minden szempontb\u00f3l pozit\u00edvabb\u00e1 teszi \u2014 oldja a stresszt, fokozza a bels\u0151 harm\u00f3ni\u00e1t, magabiztoss\u00e1got, fokozza az \u00f6nismeretet \u00e9s m\u00e1sok ir\u00e1nti emp\u00e1ti\u00e1t, n\u0151 a munkab\u00edr\u00e1s \u00e9s \u00f6nfegyelem, cs\u00f6kken az aggodalmaskod\u00e1s \u00e9s bizonytalans\u00e1g, \u00e1ltal\u00e1nosan javul annak a k\u00e9pess\u00e9ge, hogy boldognak \u00e9rezz\u00fck magunkat.<\/p>\n<p><img loading=\"lazy\" class=\"alignright size-full wp-image-400\" src=\"http:\/\/magnetovitalrendelo.hu\/rendelo\/wp-content\/uploads\/sites\/4\/2013\/02\/agyhullam-hangolas-3.jpg\" alt=\"agyhullam-hangolas-3\" width=\"270\" height=\"239\" srcset=\"http:\/\/magnetovitalrendelo.hu\/rendelo\/wp-content\/uploads\/sites\/4\/2013\/02\/agyhullam-hangolas-3.jpg 309w, http:\/\/magnetovitalrendelo.hu\/rendelo\/wp-content\/uploads\/sites\/4\/2013\/02\/agyhullam-hangolas-3-300x265.jpg 300w\" sizes=\"(max-width: 270px) 100vw, 270px\" \/>Ahhoz viszont, hogy valaki megtanuljon medit\u00e1lni, kell n\u00e9mi energia-befektet\u00e9s, t\u00fcrelem, kitart\u00e1s. <span style=\"color: #3366ff;\">Ez az emberek egy r\u00e9sz\u00e9nek megvan, egy r\u00e9sz\u00e9nek nincs. Az agyhull\u00e1m-hangol\u00e1s technol\u00f3gia seg\u00edts\u00e9g\u00e9vel viszont az ember ak\u00e1r azonnal is r\u00e9szes\u00fclhet a medit\u00e1ci\u00f3 \u00e9lm\u00e9ny\u00e9ben, b\u00e1rminem\u0171 k\u00e9pz\u00e9s vagy felk\u00e9sz\u00edt\u00e9s n\u00e9lk\u00fcl, hiszen a zene hangjai a hangulat mellett mag\u00e1t a meditat\u00edv elme\u00e1llapotot is sugallj\u00e1k az agynak.<\/span> A hallgat\u00f3nak nem kell m\u00e1st tennie, mint \u2014 szok\u00e1sa szerint \u2014 \u00e1tengednie mag\u00e1t a zen\u00e9nek.<\/p>\n<p>Az audio agyhull\u00e1m-hangol\u00e1snak sokf\u00e9le m\u00f3dja van, egy hangz\u00f3anyagban ugyanis sokf\u00e9le hangtechnikai elj\u00e1r\u00e1ssal lehet olyan impulzussorozatot kialak\u00edtani, amelyet az agy hajlamos \u201e\u00e1tvenni\u201d. Ezek k\u00f6z\u00fcl messze a legn\u00e9pszer\u0171bb az \u00fagynevezett &#8220;<strong><span style=\"color: #3366ff;\">binaur\u00e1lis<\/span><\/strong>&#8221; technika, amely az ut\u00f3bbi \u00e9vtizedekben olyan nagy teret nyert, hogy sokak sz\u00e1m\u00e1ra m\u00e1r egyet jelent mag\u00e1val az agyhull\u00e1m-hangol\u00e1ssal \u2014 mintha csak ez az egy m\u00f3dszer l\u00e9tezne r\u00e1.<\/p>\n<p><img loading=\"lazy\" class=\"alignleft size-full wp-image-401\" src=\"http:\/\/magnetovitalrendelo.hu\/rendelo\/wp-content\/uploads\/sites\/4\/2013\/02\/agyhullam-hangolas-4.jpg\" alt=\"agyhullam-hangolas-4\" width=\"207\" height=\"270\" srcset=\"http:\/\/magnetovitalrendelo.hu\/rendelo\/wp-content\/uploads\/sites\/4\/2013\/02\/agyhullam-hangolas-4.jpg 300w, http:\/\/magnetovitalrendelo.hu\/rendelo\/wp-content\/uploads\/sites\/4\/2013\/02\/agyhullam-hangolas-4-230x300.jpg 230w\" sizes=\"(max-width: 207px) 100vw, 207px\" \/>L\u00e9nyege, hogy fejhallgat\u00f3n kereszt\u00fcl a k\u00e9t f\u00fclbe k\u00e9t k\u00fcl\u00f6nb\u00f6z\u0151 hangot juttatunk, melyek frekvenci\u00e1ja csak kicsit k\u00fcl\u00f6nb\u00f6zik egym\u00e1st\u00f3l. P\u00e9ld\u00e1ul, a jobb f\u00fclbe 100 Hz-et, a bal f\u00fclbe 107 Hz-et k\u00fcld\u00fcnk. Az ember ekkor term\u00e9szetesen hallja a k\u00e9t hangot mag\u00e1t, de ezen k\u00edv\u00fcl, az agya \u2014 a k\u00e9t f\u00e9lteke egy\u00fcttm\u0171k\u00f6d\u00e9s\u00e9vel \u2014 <span style=\"color: #3366ff;\">&#8220;\u00f6sszerakja&#8221; a k\u00e9t hangfrekvencia k\u00fcl\u00f6nbs\u00e9g\u00e9t is: a hall\u00f3k\u00e9regben l\u00e9trej\u00f6n egy 7 Hz es pulz\u00e1l\u00e1s, melyet az ember tudatosan nem hall ugyan, de a hat\u00e1sa egy id\u0151 ut\u00e1n fokozatosan jelentkezik, amint a t\u00f6bbi agyter\u00fclet kezdi \u00e1tvenni azt.<\/span><\/p>\n<p>Ez a frekvencia-\u00e1tv\u00e9tel egy\u00e9bk\u00e9nt hasonl\u00edt a koncertk\u00f6z\u00f6ns\u00e9g taps\u00e1nak alakul\u00e1s\u00e1hoz: ha egy lelkesen tapsol\u00f3 k\u00f6z\u00f6ns\u00e9gben valaki elkezd hat\u00e1rozott ritmik\u00e1val, mark\u00e1nsan tapsolni, ehhez a szomsz\u00e9dok \u00e9s a t\u00f6bbiek \u00e1ltal\u00e1ban igazodnak, s kialakul a vastaps.<\/p>\n<p><img loading=\"lazy\" class=\"alignright size-full wp-image-402\" src=\"http:\/\/magnetovitalrendelo.hu\/rendelo\/wp-content\/uploads\/sites\/4\/2013\/02\/agyhullam-hangolas-5.jpg\" alt=\"agyhullam-hangolas-5\" width=\"300\" height=\"190\" \/>Itt el\u00e9rkezt\u00fcnk az agyhull\u00e1m-hangol\u00e1s m\u00e1sik \u00e1ld\u00e1sos hat\u00e1s\u00e1hoz: &#8220;vastaps&#8221; az agyban. Ezt szaknyelven <strong><span style=\"color: #3366ff;\">agyhull\u00e1m-szinkronnak<\/span><\/strong>, l\u00e9trej\u00f6tt\u00e9t pedig <strong><span style=\"color: #3366ff;\">agyhull\u00e1m-szinkroniz\u00e1ci\u00f3nak<\/span><\/strong> h\u00edvj\u00e1k. Ez a jelens\u00e9g abszol\u00fat term\u00e9szetes, minden Olvas\u00f3nak t\u00f6bbsz\u00f6r is volt hozz\u00e1 szerencs\u00e9je. Ez az az \u00e1llapot, amikor k\u00fcl\u00f6n\u00f6sen \u00f6sszeszedettnek, ment\u00e1lisan \u201efittnek\u201d, r\u00e1termettnek \u00e9rezz\u00fck magunkat \u2014 amikor form\u00e1ban vagyunk, minden g\u00f6rd\u00fcl\u00e9kenyen megy; amikor igaz\u00e1n felszabadultak tudunk lenni, amikor \u00f6r\u00f6mteli, \u00e1raml\u00f3 folyamat indul meg benn\u00fcnk\u2026 amikor igaz\u00e1n inspir\u00e1ltak, kreat\u00edvak vagyunk. A m\u0171v\u00e9sz ekkor tud igaz\u00e1n alkotni vagy el\u0151adni, a sportol\u00f3 ekkor tud cs\u00facsteljes\u00edtm\u00e9nyt ny\u00fajtani.<\/p>\n<p>Mindezt az agyban egy nagyfok\u00fa szinkron k\u00eds\u00e9ri \u2014 vagyis, hogy a k\u00fcl\u00f6nb\u00f6z\u0151 agyter\u00fcletek egy\u00fctt dolgoznak, egy\u00fcttm\u0171k\u00f6dnek, sokat kommunik\u00e1lnak egym\u00e1ssal, ahelyett, hogy mindenki a maga sz\u00f3lam\u00e1t f\u00fajn\u00e1. <span style=\"color: #3366ff;\">&#8220;Zenekari hangol\u00e1si zsivaj&#8221; helyett &#8220;szimf\u00f3nia&#8221; sz\u00f3l ekkor az agyban, s amit \u00e1t\u00e9l\u00fcnk \u00e1ltala, az egy harmonikus teljess\u00e9g-\u00e9rz\u00e9s, melyben &#8220;minden egy\u00fctt van&#8221;, minden \u00f6sszecseng.<\/span> \u00c9rdekes, hogy a magyar nyelvben meg is mutatkozik az err\u0151l sz\u00f3l\u00f3 \u00e9lettapasztalat: az eg\u00e9szs\u00e9g sz\u00f3 az &#8220;eg\u00e9szs\u00e9g&#8221; \u00e1llapot\u00e1ra utal, arra, hogy a k\u00edv\u00e1natos \u00e1llapot egy nagy, csorb\u00edtatlan eg\u00e9sz-k\u00e9nt val\u00f3 l\u00e9tez\u00e9s, melyben a r\u00e9szek \u00f6sszead\u00f3dnak, egys\u00e9get alkotnak. (Mint tudjuk, a szellemi \u00e9s a testi j\u00f3l\u00e9t, b\u00e1r kiss\u00e9 m\u00e1st \u00e9rt\u00fcnk alattuk, elv\u00e1laszthatatlanok egym\u00e1st\u00f3l.<\/p>\n<div class=\"printfriendly pf-button \"><a href=\"http:\/\/magnetovitalrendelo.hu\/rendelo\/szolgaltatasaink-2\/agyhullam-hangolas\/?pfstyle=wp\" rel=\"nofollow\"  title=\"Printer Friendly, PDF & Email\"><img src=\"http:\/\/magnetovitalrendelo.hu\/k\/pf-button-both.gif\" alt=\"Print Friendly, PDF & Email\" class=\"pf-button-img\" style=\"\"  \/><\/a><\/div>\n<p style=\"text-align: center;\"><a class=\"scss3b-button scss3b-button-googleplus\" href=\"http:\/\/magnetovitalrendelo.hu\/rendelo\/szakmai-kerdes\/\">Van szem\u00e9lyes k\u00e9rd\u00e9se? Itt f\u00f6lteheti! <\/a><\/p>\n","protected":false},"excerpt":{"rendered":"<p>Felt\u00e9tlen\u00fcl sz\u00f3t kell ejten\u00fcnk egy anyagi szempontb\u00f3l igen kedvez\u0151, egyszer\u0171bb, term\u00e9szetesen az al\u00e1bbiakn\u00e1l sz\u0171kebb lehet\u0151s\u00e9geket ny\u00fajt\u00f3 elj\u00e1r\u00e1sr\u00f3l, melyet agyhull\u00e1mhangol\u00e1s-nak neveztek el. Ennek m\u0171k\u00f6d\u00e9si elv\u00e9t Holics L\u00e1szl\u00f3 zongoram\u0171v\u00e9sz interpret\u00e1ci\u00f3j\u00e1ban a az al\u00e1bbiakban ismertetn\u00e9m. Az agyhull\u00e1mokat m\u00e1r r\u00e9g\u00f3ta j\u00f3l tudjuk m\u00e9rni EEG-berendez\u00e9ssel. Kider\u00fclt, hogy az agyhull\u00e1mokat k\u00f6zvetlen\u00fcl nem csak m\u00e9rni lehet, hanem befoly\u00e1solni is \u2014 s ami [&hellip;]<\/p>\n","protected":false},"author":1,"featured_media":0,"parent":14,"menu_order":0,"comment_status":"closed","ping_status":"closed","template":"templates\/template-full.php","meta":{"_mi_skip_tracking":false},"_links":{"self":[{"href":"http:\/\/magnetovitalrendelo.hu\/rendelo\/wp-json\/wp\/v2\/pages\/398"}],"collection":[{"href":"http:\/\/magnetovitalrendelo.hu\/rendelo\/wp-json\/wp\/v2\/pages"}],"about":[{"href":"http:\/\/magnetovitalrendelo.hu\/rendelo\/wp-json\/wp\/v2\/types\/page"}],"author":[{"embeddable":true,"href":"http:\/\/magnetovitalrendelo.hu\/rendelo\/wp-json\/wp\/v2\/users\/1"}],"replies":[{"embeddable":true,"href":"http:\/\/magnetovitalrendelo.hu\/rendelo\/wp-json\/wp\/v2\/comments?post=398"}],"version-history":[{"count":2,"href":"http:\/\/magnetovitalrendelo.hu\/rendelo\/wp-json\/wp\/v2\/pages\/398\/revisions"}],"predecessor-version":[{"id":1467,"href":"http:\/\/magnetovitalrendelo.hu\/rendelo\/wp-json\/wp\/v2\/pages\/398\/revisions\/1467"}],"up":[{"embeddable":true,"href":"http:\/\/magnetovitalrendelo.hu\/rendelo\/wp-json\/wp\/v2\/pages\/14"}],"wp:attachment":[{"href":"http:\/\/magnetovitalrendelo.hu\/rendelo\/wp-json\/wp\/v2\/media?parent=398"}],"curies":[{"name":"wp","href":"https:\/\/api.w.org\/{rel}","templated":true}]}}