{"id":344,"date":"2013-02-21T23:33:04","date_gmt":"2013-02-21T22:33:04","guid":{"rendered":"http:\/\/magnetovitalrendelo.hu\/rendelo\/?page_id=344"},"modified":"2014-12-15T09:46:16","modified_gmt":"2014-12-15T08:46:16","slug":"az-magzatvedo-vitaminokrol","status":"publish","type":"page","link":"http:\/\/magnetovitalrendelo.hu\/rendelo\/szolgaltatasaink-2\/taplalek-kiegeszitok\/az-magzatvedo-vitaminokrol\/","title":{"rendered":"A magzatv\u00e9d\u0151 vitaminokr\u00f3l"},"content":{"rendered":"<div class=\"printfriendly pf-button \"><a href=\"http:\/\/magnetovitalrendelo.hu\/rendelo\/szolgaltatasaink-2\/taplalek-kiegeszitok\/az-magzatvedo-vitaminokrol\/?pfstyle=wp\" rel=\"nofollow\"  title=\"Printer Friendly, PDF & Email\"><img src=\"http:\/\/magnetovitalrendelo.hu\/k\/pf-button-both.gif\" alt=\"Print Friendly, PDF & Email\" class=\"pf-button-img\" style=\"\"  \/><\/a><\/div>\n<p>Az \u00fagynevezett <span style=\"color: #3366ff;\"><strong>magzatv\u00e9d\u0151 vitaminok<\/strong><\/span> szerepe napjainkban egyre hangs\u00falyosabb. Ma m\u00e1r nem \u201eillik\u201d egy terhess\u00e9gnek \u00fagy megfogannia, hogy az anya az azt megel\u0151z\u0151 legal\u00e1bb h\u00e1rom h\u00f3napban nem szedett volna olyan un. magzatv\u00e9d\u0151 vitaminkombin\u00e1ci\u00f3t, melynek a szerepe az, hogy <strong>komoly seg\u00edts\u00e9get ny\u00fajt az any\u00e1nak a magzati fejl\u0151d\u00e9si rendelleness\u00e9gek kialakul\u00e1s\u00e1nak a megel\u0151z\u00e9s\u00e9ben<\/strong>. Ugyancsak alapk\u00f6vetelm\u00e9ny a terhess\u00e9g alatti folyamatos magzatv\u00e9d\u0151 szed\u00e9s <strong>az anya \u00e9s magzat\u00e1nak \u00e1llapot-optimaliz\u00e1l\u00e1sa c\u00e9lj\u00e1b\u00f3l<\/strong>.<\/p>\n<p><img loading=\"lazy\" class=\"aligncenter size-full wp-image-957\" src=\"http:\/\/magnetovitalrendelo.hu\/rendelo\/wp-content\/uploads\/sites\/4\/2013\/02\/magzatvedo_vitamin-3.jpg\" alt=\"magzatvedo_vitamin-3\" width=\"601\" height=\"582\" \/><\/p>\n<p>Ezen vitamin- \u00e9s \u00e1sv\u00e1nyianyag-kombin\u00e1ci\u00f3kat tartalmaz\u00f3 t\u00e1pl\u00e1l\u00e9k-kieg\u00e9sz\u00edt\u0151k k\u00f6z\u00f6tt tal\u00e1lunk olyat, amelynek a szerepe d\u00f6nt\u0151en a fogantat\u00e1s el\u0151tti \u00e9s az azt k\u00f6vet\u0151 h\u00e1rom h\u00f3napban ide\u00e1lis, \u00e9s vannak olyanok, melyek a k\u00e9s\u0151bbi terhess\u00e9gi id\u0151szak t\u00e1mogat\u00e1s\u00e1ra k\u00e9sz\u00fcltek.<img loading=\"lazy\" class=\"alignright size-full wp-image-860\" src=\"http:\/\/magnetovitalrendelo.hu\/rendelo\/wp-content\/uploads\/sites\/4\/2013\/02\/magzatvedo_vitamin-1.jpg\" alt=\"magzatvedo_vitamin-1\" width=\"188\" height=\"230\" \/> Az el\u0151bbi a jelenleg haz\u00e1nkban forgalomban lev\u0151 <strong><span style=\"color: #3366ff;\">Elevit Pronatal<\/span><\/strong>, melynek alkalmaz\u00e1sa a tapasztalataink szerint jelent\u0151sen hozz\u00e1j\u00e1rult a fejl\u0151d\u00e9si rendelleness\u00e9gek sz\u00e1m\u00e1nak hazai cs\u00f6kken\u00e9s\u00e9hez.<\/p>\n<p>A k\u00e9s\u0151bbi terhess\u00e9gi korban alkalmazott t\u00f6bbi k\u00e9sz\u00edtm\u00e9ny ugyanakkor jelent\u0151s szerepet v\u00e1llal abban, hogy cs\u00f6kken a komplik\u00e1lt terhess\u00e9gek sz\u00e1ma, hogy jelent\u0151sen lecs\u00f6kkenthet\u0151 a m\u00e9hen bel\u00fcl sorvadt \u00fajsz\u00fcl\u00f6ttek ar\u00e1nya. Ugyanakkor nem igaz az a k\u00f3sza h\u00edr, hogy a magzatv\u00e9d\u0151ket szed\u0151 asszonyok \u00fajsz\u00fcl\u00f6ttjei t\u00fals\u00falyosak, kem\u00e9nyebb kopony\u00e1j\u00faak lenn\u00e9nek, ami a cs\u00e1sz\u00e1rmetsz\u00e9sek, illetve az elh\u00faz\u00f3d\u00f3, neh\u00e9z sz\u00fcl\u00e9sek sz\u00e1mar\u00e1ny\u00e1t n\u00f6veln\u00e9. <img loading=\"lazy\" class=\"alignleft size-full wp-image-861\" src=\"http:\/\/magnetovitalrendelo.hu\/rendelo\/wp-content\/uploads\/sites\/4\/2013\/02\/magzatvedo_vitamin-2.jpg\" alt=\"magzatvedo_vitamin-2\" width=\"172\" height=\"230\" \/><span style=\"color: #000080;\"><strong>Igaz viszont az, hogy a rendszeres szed\u00e9s\u00fck komolyan hozz\u00e1j\u00e1rul ahhoz, hogy anya \u00e9s magzata a sz\u00fcl\u00e9s id\u0151pontj\u00e1ban optim\u00e1lis eg\u00e9szs\u00e9gi \u00e1llapotban van \u00e9s j\u00f3 regener\u00e1ci\u00f3s hajlammal, \u00e9p immunrendszerrel k\u00e9pes minden ad\u00f3d\u00f3 neh\u00e9zs\u00e9g k\u00f6nnyebb lek\u00fczd\u00e9s\u00e9re.<\/strong><\/span><\/p>\n<p>Magunk a New Life nev\u0171 vitaminkombin\u00e1ci\u00f3t prefer\u00e1ljuk els\u0151sorban un. \u201etime-released\u201d, azaz folyamatos felsz\u00edv\u00f3d\u00e1si tulajdons\u00e1gai, m\u00e1sr\u00e9szt abszol\u00fat term\u00e9szetes \u00f6sszet\u00e9tele miatt, mert az \u00f6sszet\u00e9tele nem k\u00fcl\u00f6nb\u00f6zik l\u00e9nyegesen a t\u00f6bbi kaphat\u00f3 k\u00e9sz\u00edtm\u00e9ny\u00e9t\u0151l.<\/p>\n<p><strong><span style=\"color: #000080;\">Mell\u00e9k- vagy k\u00e1ros\u00edt\u00f3 hat\u00e1suk nincs, a lehet\u0151 legritk\u00e1bb esetben v\u00e1ltanak ki allergi\u00e1s reakci\u00f3t, hat\u00e1suk egy\u00e9rtelm\u0171en pozit\u00edv.<\/span><\/strong><\/p>\n<div class=\"printfriendly pf-button \"><a href=\"http:\/\/magnetovitalrendelo.hu\/rendelo\/szolgaltatasaink-2\/taplalek-kiegeszitok\/az-magzatvedo-vitaminokrol\/?pfstyle=wp\" rel=\"nofollow\"  title=\"Printer Friendly, PDF & Email\"><img src=\"http:\/\/magnetovitalrendelo.hu\/k\/pf-button-both.gif\" alt=\"Print Friendly, PDF & Email\" class=\"pf-button-img\" style=\"\"  \/><\/a><\/div>\n","protected":false},"excerpt":{"rendered":"<p>Az \u00fagynevezett magzatv\u00e9d\u0151 vitaminok szerepe napjainkban egyre hangs\u00falyosabb. Ma m\u00e1r nem \u201eillik\u201d egy terhess\u00e9gnek \u00fagy megfogannia, hogy az anya az azt megel\u0151z\u0151 legal\u00e1bb h\u00e1rom h\u00f3napban nem szedett volna olyan un. magzatv\u00e9d\u0151 vitaminkombin\u00e1ci\u00f3t, melynek a szerepe az, hogy komoly seg\u00edts\u00e9get ny\u00fajt az any\u00e1nak a magzati fejl\u0151d\u00e9si rendelleness\u00e9gek kialakul\u00e1s\u00e1nak a megel\u0151z\u00e9s\u00e9ben. Ugyancsak alapk\u00f6vetelm\u00e9ny a terhess\u00e9g alatti folyamatos [&hellip;]<\/p>\n","protected":false},"author":1,"featured_media":0,"parent":61,"menu_order":0,"comment_status":"closed","ping_status":"closed","template":"","meta":{"_mi_skip_tracking":false},"_links":{"self":[{"href":"http:\/\/magnetovitalrendelo.hu\/rendelo\/wp-json\/wp\/v2\/pages\/344"}],"collection":[{"href":"http:\/\/magnetovitalrendelo.hu\/rendelo\/wp-json\/wp\/v2\/pages"}],"about":[{"href":"http:\/\/magnetovitalrendelo.hu\/rendelo\/wp-json\/wp\/v2\/types\/page"}],"author":[{"embeddable":true,"href":"http:\/\/magnetovitalrendelo.hu\/rendelo\/wp-json\/wp\/v2\/users\/1"}],"replies":[{"embeddable":true,"href":"http:\/\/magnetovitalrendelo.hu\/rendelo\/wp-json\/wp\/v2\/comments?post=344"}],"version-history":[{"count":1,"href":"http:\/\/magnetovitalrendelo.hu\/rendelo\/wp-json\/wp\/v2\/pages\/344\/revisions"}],"predecessor-version":[{"id":1388,"href":"http:\/\/magnetovitalrendelo.hu\/rendelo\/wp-json\/wp\/v2\/pages\/344\/revisions\/1388"}],"up":[{"embeddable":true,"href":"http:\/\/magnetovitalrendelo.hu\/rendelo\/wp-json\/wp\/v2\/pages\/61"}],"wp:attachment":[{"href":"http:\/\/magnetovitalrendelo.hu\/rendelo\/wp-json\/wp\/v2\/media?parent=344"}],"curies":[{"name":"wp","href":"https:\/\/api.w.org\/{rel}","templated":true}]}}