{"id":342,"date":"2013-02-21T23:31:26","date_gmt":"2013-02-21T22:31:26","guid":{"rendered":"http:\/\/magnetovitalrendelo.hu\/rendelo\/?page_id=342"},"modified":"2014-12-15T09:45:40","modified_gmt":"2014-12-15T08:45:40","slug":"menopausal-vitaminkombinacio-a-klimaxos-panaszok-megelozesere","status":"publish","type":"page","link":"http:\/\/magnetovitalrendelo.hu\/rendelo\/szolgaltatasaink-2\/taplalek-kiegeszitok\/menopausal-vitaminkombinacio-a-klimaxos-panaszok-megelozesere\/","title":{"rendered":"Menopausal vitaminkombin\u00e1ci\u00f3 a klimaxos panaszok megel\u0151z\u00e9s\u00e9re"},"content":{"rendered":"<div class=\"printfriendly pf-button \"><a href=\"http:\/\/magnetovitalrendelo.hu\/rendelo\/szolgaltatasaink-2\/taplalek-kiegeszitok\/menopausal-vitaminkombinacio-a-klimaxos-panaszok-megelozesere\/?pfstyle=wp\" rel=\"nofollow\"  title=\"Printer Friendly, PDF & Email\"><img src=\"http:\/\/magnetovitalrendelo.hu\/k\/pf-button-both.gif\" alt=\"Print Friendly, PDF & Email\" class=\"pf-button-img\" style=\"\"  \/><\/a><\/div>\n<p><img loading=\"lazy\" class=\"alignright size-full wp-image-871\" src=\"http:\/\/magnetovitalrendelo.hu\/rendelo\/wp-content\/uploads\/sites\/4\/2013\/02\/menopausal_vitamin-1.jpg\" alt=\"menopausal_vitamin-1\" width=\"140\" height=\"250\" \/>\u00c1tlagosan 40-es \u00e9let\u00e9vek kezdet\u00e9t\u0151l m\u00e1r v\u00e1rhat\u00f3, hogy a n\u0151k \u00e9let\u00e9ben a v\u00e1ltoz\u00e1s kora, annak hormon\u00e1lis \u00e9s azt k\u00f6vet\u0151 \u00e1ltal\u00e1nos szervezeti v\u00e1ltoz\u00e1sai egyre nagyobb szerepet fognak j\u00e1tszani. Az a t\u00e9ny azonban, hogy egy h\u00f6lgy el\u00e9rte 40. sz\u00fclet\u00e9snapj\u00e1t m\u00e9g nem jelenti azt, hogy felt\u00e9tlen\u00fcl le kell mondania bizonyos \u00e1ltala megszokott \u00e9s term\u00e9szetes dolgokr\u00f3l, melyek az \u00e9let\u00e9ben od\u00e1ig magukt\u00f3l \u00e9rtet\u0151d\u0151en adottak voltak. Ilyenek a fiatalos k\u00fcls\u0151, a feszes, r\u00e1ncmentes b\u0151r, a ruganyos izmok, a j\u00f3 \u00e9s kitart\u00f3 munkav\u00e9gz\u0151 k\u00e9pess\u00e9g, a betegs\u00e9gekkel szembeni j\u00f3 ellen\u00e1ll\u00f3 k\u00e9pess\u00e9g \u00e9s nem utols\u00f3 sorban a szellemi frissess\u00e9g.<\/p>\n<p>Nem tudom figyelt\u00e9k-e \u00e9s \u00e9szrevett\u00e9k-e azt a jelent\u0151s k\u00fcl\u00f6nbs\u00e9get, ami a tengerent\u00fali n\u0151kre jellemz\u0151, ha a hatvan \u00e9v k\u00f6r\u00fcli magyar asszonyokkal hasonl\u00edtjuk \u00f6ssze \u0151ket. Az a kb. 10-20 \u00e9vnek t\u0171n\u0151 differencia csak r\u00e9szben k\u00f6sz\u00f6nhet\u0151 a m\u00e1s \u00e9letm\u00f3dnak, az elt\u00e9r\u0151 t\u00e1pl\u00e1lkoz\u00e1si szok\u00e1soknak \u00e9s a magas sz\u00ednvonalon oper\u00e1l\u00f3 plasztikai seb\u00e9szeknek. Sokkal ink\u00e1bb okozza ezt egy tudatos \u00e9s k\u00f6vetkezetes t\u00e1pl\u00e1l\u00e9k-kieg\u00e9sz\u00edt\u0151, esetenk\u00e9nt gy\u00f3gyszeres kezel\u00e9s, melyet az amerikai orvosok t\u00f6bbs\u00e9g\u00e9ben a 40. \u00e9let\u00e9v bet\u00f6lt\u00e9s\u00e9t\u0151l kezdenek el alkalmazni. Azt vallj\u00e1k, hogy a klimaxos panaszokat nem szabad megv\u00e1rni, hanem kialakul\u00e1sukat kell megel\u0151zni \u00e9s a vel\u00fck j\u00e1r\u00f3 sz\u00f6v\u0151dm\u00e9nyeket cs\u00edr\u00e1j\u00e1ban elfojtani.<\/p>\n<p>Biztos tapasztalt\u00e1k k\u00f6rnyezet\u00fckben, hogy a 40 \u00e9v feletti n\u0151k k\u00f6z\u00f6tt szaporodik a sz\u00edv- \u00e9s \u00e9rrendszeri betegs\u00e9gek sz\u00e1ma, a gyakran hal\u00e1los v\u00e9g\u0171 infarktusok, tromb\u00f3zisok \u00e9s emb\u00f3li\u00e1k sok n\u0151t nyomor\u00edtanak meg \u00e9s korl\u00e1tozz\u00e1k tov\u00e1bbi \u00e9letvitel\u00fcket. Nem k\u00f6telez\u0151 egy n\u0151 sz\u00e1m\u00e1ra sem a csontritkul\u00e1s k\u00f6vetkezm\u00e9nyek\u00e9nt cs\u00f6kken\u0151 testmagass\u00e1ggal, hajlott h\u00e1ttal, f\u00e1jdalmas iz\u00fcletekkel, t\u00f6r\u00e9keny csontokkal le\u00e9lni tov\u00e1bbi \u00e9let\u00e9t \u00e9s meghalni a k\u00f3ros csontt\u00f6r\u00e9sek k\u00f6vetkezt\u00e9ben, ahogy az jelenleg a magyar n\u0151k egy jelent\u0151s sz\u00e1zal\u00e9k\u00e1val t\u00f6rt\u00e9nik. Nem k\u00f6telez\u0151 az sem, amint azt egy kiss\u00e9 morbid humor\u00fa koll\u00e9g\u00e1m megjegyezte, hogy az emberis\u00e9g 80 %-a a 20 %-nyi klimaxos panaszok \u00e1ltal meggy\u00f6t\u00f6rt pszih\u00e9j\u0171 n\u0151t\u0151l szenvedjen.<\/p>\n<p>A mai modern felfog\u00e1s \u00e9rtelm\u00e9ben a tart\u00f3s hormonkezel\u00e9s vesz\u00e9lyeit nem felt\u00e9tlen\u00fcl kell v\u00e1llalni, mert az id\u0151ben elkezdett megel\u0151z\u00e9s az esetek egy jelent\u0151s r\u00e9sz\u00e9ben sz\u00fcks\u00e9gtelenn\u00e9 teheti azt, egy kisebb r\u00e9sz\u00e9ben pedig l\u00e9nyegesen kisebb d\u00f3zisban \u00e9s r\u00f6videbb ideig tart\u00f3 kezel\u00e9s is eredm\u00e9nyesnek bizonyul.<\/p>\n<p>A modern t\u00e1pl\u00e1lkoz\u00e1si felfog\u00e1s szerint bizonyos term\u00e9szetes alap\u00fa vitaminoknak, \u00e9s \u00e1sv\u00e1nyi anyagoknak a jelenlegi mennyis\u00e9gt\u0151l jelent\u0151sen elt\u00e9r\u0151 m\u00e9rt\u00e9k\u0171, nagy d\u00f3zis\u00fa, folyamatos bevitele \u00e9s a folyamatosan magasan tartott v\u00e9rszintje jelent\u0151sen lelass\u00edtja a szervezet \u00f6reged\u00e9si folyamatait \u00e9s biztos\u00edtja a munkak\u00e9pess\u00e9g \u00e9s a szellemi frissess\u00e9g magas szinten val\u00f3 megtart\u00e1s\u00e1t. Jelent\u0151sen fokozza a szervezetnek a betegs\u00e9gekkel szembeni ellen\u00e1ll\u00f3 k\u00e9pess\u00e9g\u00e9t is. A n\u0151k jelent\u0151s \u00f6sszegeket \u00e1ldoznak olyan kozmetikumok t\u00f6mkeleg\u00e9re, amelyek csak az arcuk b\u0151r\u00e9nek fiataloss\u00e1g\u00e1t tudj\u00e1k \u00fagy-ahogy karbantartani \u00e9s ugyanakkor a test\u00fck t\u00f6bbi r\u00e9sze v\u00e1ltozatlanul ki van t\u00e9ve &#8220;az id\u0151 vasfog\u00e1nak&#8221;, csontritkul\u00e1suk egyre fokoz\u00f3dik, kering\u00e9s\u00fck romlik. A klimaxos panaszokt\u00f3l gy\u00f6t\u00f6rt test\u0171 \u00e9s pszich\u00e9j\u0171 asszonyok h\u00e1zass\u00e1ga komoly pr\u00f3bat\u00e9telnek van kit\u00e9ve, mert a vel\u00fck egykor\u00fa, m\u00e9g esetleg kev\u00e9sb\u00e9 l\u00e1tv\u00e1nyosan \u00f6reged\u0151, de ugyanakkor m\u00e1r a klimaxt\u00f3l ugyancsak meg\u00e9rintett f\u00e9rjek gyakran m\u00e1shol pr\u00f3b\u00e1lnak meg csinos, \u00fcde, nem folyamatos testi \u00e9s lelki gondokt\u00f3l gy\u00f6t\u00f6rt asszonyok t\u00e1rsas\u00e1g\u00e1ban &#8220;vigasztal\u00f3dni&#8221;.<\/p>\n<p>\u00dagy \u00e9rezz\u00fck, hogy mindenkinek lehet\u0151s\u00e9ge van arra, hogy k\u00f6vesse azon n\u0151k p\u00e9ld\u00e1j\u00e1t, akik a val\u00f3di korukn\u00e1l l\u00e9nyegesen fiatalosabban \/nemcsak arcban\/ egy olyan vitamin \u00e9s \u00e1sv\u00e1nyianyag-kombin\u00e1ci\u00f3 r\u00e9v\u00e9n, mely a szervezetbe bejutva t\u00f6k\u00e9letesen felsz\u00edv\u00f3dik, mell\u00e9khat\u00e1sa nincs \u00e9s az \u00e9vek t\u00e1vlat\u00e1ban jelent\u0151s orvosi- \u00e9s gy\u00f3gyszerk\u00f6lts\u00e9get takar\u00edt meg.<\/p>\n<p>Amennyiben anyagi lehet\u0151s\u00e9geik ezt megengedn\u00e9k, tan\u00e1csoljuk, hogy \u00e9ljenek vel\u00fck, mert szervezet\u00fck ezt garant\u00e1ltan megh\u00e1l\u00e1lja \u00d6n\u00f6knek is.<\/p>\n<div class=\"printfriendly pf-button \"><a href=\"http:\/\/magnetovitalrendelo.hu\/rendelo\/szolgaltatasaink-2\/taplalek-kiegeszitok\/menopausal-vitaminkombinacio-a-klimaxos-panaszok-megelozesere\/?pfstyle=wp\" rel=\"nofollow\"  title=\"Printer Friendly, PDF & Email\"><img src=\"http:\/\/magnetovitalrendelo.hu\/k\/pf-button-both.gif\" alt=\"Print Friendly, PDF & Email\" class=\"pf-button-img\" style=\"\"  \/><\/a><\/div>\n","protected":false},"excerpt":{"rendered":"<p>\u00c1tlagosan 40-es \u00e9let\u00e9vek kezdet\u00e9t\u0151l m\u00e1r v\u00e1rhat\u00f3, hogy a n\u0151k \u00e9let\u00e9ben a v\u00e1ltoz\u00e1s kora, annak hormon\u00e1lis \u00e9s azt k\u00f6vet\u0151 \u00e1ltal\u00e1nos szervezeti v\u00e1ltoz\u00e1sai egyre nagyobb szerepet fognak j\u00e1tszani. Az a t\u00e9ny azonban, hogy egy h\u00f6lgy el\u00e9rte 40. sz\u00fclet\u00e9snapj\u00e1t m\u00e9g nem jelenti azt, hogy felt\u00e9tlen\u00fcl le kell mondania bizonyos \u00e1ltala megszokott \u00e9s term\u00e9szetes dolgokr\u00f3l, melyek az \u00e9let\u00e9ben od\u00e1ig [&hellip;]<\/p>\n","protected":false},"author":1,"featured_media":0,"parent":61,"menu_order":0,"comment_status":"closed","ping_status":"closed","template":"","meta":{"_mi_skip_tracking":false},"_links":{"self":[{"href":"http:\/\/magnetovitalrendelo.hu\/rendelo\/wp-json\/wp\/v2\/pages\/342"}],"collection":[{"href":"http:\/\/magnetovitalrendelo.hu\/rendelo\/wp-json\/wp\/v2\/pages"}],"about":[{"href":"http:\/\/magnetovitalrendelo.hu\/rendelo\/wp-json\/wp\/v2\/types\/page"}],"author":[{"embeddable":true,"href":"http:\/\/magnetovitalrendelo.hu\/rendelo\/wp-json\/wp\/v2\/users\/1"}],"replies":[{"embeddable":true,"href":"http:\/\/magnetovitalrendelo.hu\/rendelo\/wp-json\/wp\/v2\/comments?post=342"}],"version-history":[{"count":1,"href":"http:\/\/magnetovitalrendelo.hu\/rendelo\/wp-json\/wp\/v2\/pages\/342\/revisions"}],"predecessor-version":[{"id":1386,"href":"http:\/\/magnetovitalrendelo.hu\/rendelo\/wp-json\/wp\/v2\/pages\/342\/revisions\/1386"}],"up":[{"embeddable":true,"href":"http:\/\/magnetovitalrendelo.hu\/rendelo\/wp-json\/wp\/v2\/pages\/61"}],"wp:attachment":[{"href":"http:\/\/magnetovitalrendelo.hu\/rendelo\/wp-json\/wp\/v2\/media?parent=342"}],"curies":[{"name":"wp","href":"https:\/\/api.w.org\/{rel}","templated":true}]}}