{"id":310,"date":"2013-02-21T22:52:29","date_gmt":"2013-02-21T21:52:29","guid":{"rendered":"http:\/\/magnetovitalrendelo.hu\/rendelo\/?page_id=310"},"modified":"2014-12-15T09:49:44","modified_gmt":"2014-12-15T08:49:44","slug":"homeopatias-cseppjeink-hasznalati-utasitasa","status":"publish","type":"page","link":"http:\/\/magnetovitalrendelo.hu\/rendelo\/szolgaltatasaink-2\/homeopatia\/homeopatias-cseppjeink-hasznalati-utasitasa\/","title":{"rendered":"Homeop\u00e1ti\u00e1s cseppjeink haszn\u00e1lati utas\u00edt\u00e1sa"},"content":{"rendered":"<div class=\"printfriendly pf-button \"><a href=\"http:\/\/magnetovitalrendelo.hu\/rendelo\/szolgaltatasaink-2\/homeopatia\/homeopatias-cseppjeink-hasznalati-utasitasa\/?pfstyle=wp\" rel=\"nofollow\"  title=\"Printer Friendly, PDF & Email\"><img src=\"http:\/\/magnetovitalrendelo.hu\/k\/pf-button-both.gif\" alt=\"Print Friendly, PDF & Email\" class=\"pf-button-img\" style=\"\"  \/><\/a><\/div>\n<p><span style=\"color: #3366ff;\"><strong>Homeop\u00e1ti\u00e1s cseppjeink haszn\u00e1lata sor\u00e1n k\u00e9rj\u00fck tartsa be az al\u00e1bbi szab\u00e1lyokat:<\/strong><\/span><\/p>\n<ul>\n<li>Tartsa t\u00e1vol a k\u00e9sz\u00edtm\u00e9nyeket minden olyan berendez\u00e9st\u0151l, mely er\u0151s elektrom\u00e1gneses sug\u00e1rz\u00e1sa r\u00e9v\u00e9n k\u00e1ros befoly\u00e1ssal b\u00edrhat a cseppekre \u00e9s szerencs\u00e9tlen esetben hat\u00e1stalan\u00edthatja \u0151ket. Ilyenek a telev\u00edzi\u00f3, a sz\u00e1m\u00edt\u00f3g\u00e9pmonitor, legf\u0151k\u00e9ppen a mobiltelefon!<\/li>\n<li>Fogmos\u00e1st k\u00f6vet\u0151en f\u00e9l \u00f3r\u00e1n bel\u00fcl ne alkalmazza a cseppeket!<\/li>\n<li>\u00c9tkez\u00e9s el\u0151tt \u00e9s ut\u00e1n f\u00e9l \u00f3r\u00e1n bel\u00fcl ne vegyen be a k\u00e9sz\u00edtm\u00e9nyeink k\u00f6z\u00fcl egyet sem!<\/li>\n<\/ul>\n<p><span style=\"color: #3366ff;\"><strong>A bev\u00e9tel szab\u00e1lyszer\u0171en t\u00f6rt\u00e9nhet \u00fagy, hogy:<\/strong><\/span><\/p>\n<ul>\n<li>az el\u0151\u00edrt cseppsz\u00e1mot a nyelve al\u00e1 csepegteti, majd legal\u00e1bb 20 m\u00e1sodpercig ott tartja, majd lenyeli.<\/li>\n<li>az el\u0151\u00edrt mennyis\u00e9get m\u0171anyag-kan\u00e1lba csepegteti, \u00e9s azt egy kis v\u00edzzel hig\u00edtva \u00f6nti a nyelve al\u00e1 \u00e9s<\/li>\n<li>ugyancsak 20 m\u00e1sodpercig ott tartja, majd lenyeli.<\/li>\n<li>1 dl sz\u00e9nsavmentes \u00e1sv\u00e1nyv\u00edzbe csepegteti az el\u0151\u00edrt mennyis\u00e9get \u00e9s az oldatot lassan kb. 1 perc alatt elkortyolgatja.<\/li>\n<\/ul>\n<p><strong>Figyelem:<\/strong> a cseppek haszn\u00e1lata kezdetben feler\u0151s\u00edtheti \/nem t\u00f6rv\u00e9nyszer\u0171!\/ azokat a probl\u00e9m\u00e1kat, amely\/ek\/ miatt a szed\u00e9s\u00e9t elrendelt\u00e9k, ez azonban csak maximum n\u00e9h\u00e1ny napig tart, \u00e9s a rezg\u00e9ster\u00e1pi\u00e1ban t\u00f6rv\u00e9nyszer\u0171nek sz\u00e1m\u00edt, nem k\u00e1ros \u00e9s nem k\u00f3ros! N\u00e9h\u00e1ny napos tov\u00e1bbi szed\u00e9s a probl\u00e9m\u00e1k fokozatos megsz\u0171n\u00e9s\u00e9hez vezetnek! Az \u00e1lomtev\u00e9kenys\u00e9g fokoz\u00f3d\u00e1sa is a probl\u00e9mamegold\u00e1s intenz\u00edvebb\u00e9 v\u00e1l\u00e1s\u00e1t jelzi, nem sz\u00e1m\u00edt k\u00e1ros mell\u00e9khat\u00e1snak!<\/p>\n<div class=\"printfriendly pf-button \"><a href=\"http:\/\/magnetovitalrendelo.hu\/rendelo\/szolgaltatasaink-2\/homeopatia\/homeopatias-cseppjeink-hasznalati-utasitasa\/?pfstyle=wp\" rel=\"nofollow\"  title=\"Printer Friendly, PDF & Email\"><img src=\"http:\/\/magnetovitalrendelo.hu\/k\/pf-button-both.gif\" alt=\"Print Friendly, PDF & Email\" class=\"pf-button-img\" style=\"\"  \/><\/a><\/div>\n","protected":false},"excerpt":{"rendered":"<p>Homeop\u00e1ti\u00e1s cseppjeink haszn\u00e1lata sor\u00e1n k\u00e9rj\u00fck tartsa be az al\u00e1bbi szab\u00e1lyokat: Tartsa t\u00e1vol a k\u00e9sz\u00edtm\u00e9nyeket minden olyan berendez\u00e9st\u0151l, mely er\u0151s elektrom\u00e1gneses sug\u00e1rz\u00e1sa r\u00e9v\u00e9n k\u00e1ros befoly\u00e1ssal b\u00edrhat a cseppekre \u00e9s szerencs\u00e9tlen esetben hat\u00e1stalan\u00edthatja \u0151ket. Ilyenek a telev\u00edzi\u00f3, a sz\u00e1m\u00edt\u00f3g\u00e9pmonitor, legf\u0151k\u00e9ppen a mobiltelefon! Fogmos\u00e1st k\u00f6vet\u0151en f\u00e9l \u00f3r\u00e1n bel\u00fcl ne alkalmazza a cseppeket! \u00c9tkez\u00e9s el\u0151tt \u00e9s ut\u00e1n f\u00e9l \u00f3r\u00e1n [&hellip;]<\/p>\n","protected":false},"author":1,"featured_media":0,"parent":29,"menu_order":0,"comment_status":"closed","ping_status":"closed","template":"full-width-page.php","meta":{"_mi_skip_tracking":false},"_links":{"self":[{"href":"http:\/\/magnetovitalrendelo.hu\/rendelo\/wp-json\/wp\/v2\/pages\/310"}],"collection":[{"href":"http:\/\/magnetovitalrendelo.hu\/rendelo\/wp-json\/wp\/v2\/pages"}],"about":[{"href":"http:\/\/magnetovitalrendelo.hu\/rendelo\/wp-json\/wp\/v2\/types\/page"}],"author":[{"embeddable":true,"href":"http:\/\/magnetovitalrendelo.hu\/rendelo\/wp-json\/wp\/v2\/users\/1"}],"replies":[{"embeddable":true,"href":"http:\/\/magnetovitalrendelo.hu\/rendelo\/wp-json\/wp\/v2\/comments?post=310"}],"version-history":[{"count":1,"href":"http:\/\/magnetovitalrendelo.hu\/rendelo\/wp-json\/wp\/v2\/pages\/310\/revisions"}],"predecessor-version":[{"id":1398,"href":"http:\/\/magnetovitalrendelo.hu\/rendelo\/wp-json\/wp\/v2\/pages\/310\/revisions\/1398"}],"up":[{"embeddable":true,"href":"http:\/\/magnetovitalrendelo.hu\/rendelo\/wp-json\/wp\/v2\/pages\/29"}],"wp:attachment":[{"href":"http:\/\/magnetovitalrendelo.hu\/rendelo\/wp-json\/wp\/v2\/media?parent=310"}],"curies":[{"name":"wp","href":"https:\/\/api.w.org\/{rel}","templated":true}]}}