{"id":304,"date":"2013-02-21T22:44:31","date_gmt":"2013-02-21T21:44:31","guid":{"rendered":"http:\/\/magnetovitalrendelo.hu\/rendelo\/?page_id=304"},"modified":"2014-12-15T09:51:25","modified_gmt":"2014-12-15T08:51:25","slug":"az-esszenciak-rendszerezese","status":"publish","type":"page","link":"http:\/\/magnetovitalrendelo.hu\/rendelo\/szolgaltatasaink-2\/homeopatia\/az-esszenciak-rendszerezese\/","title":{"rendered":"Az esszenci\u00e1k rendszerez\u00e9se"},"content":{"rendered":"<div class=\"printfriendly pf-button \"><a href=\"http:\/\/magnetovitalrendelo.hu\/rendelo\/szolgaltatasaink-2\/homeopatia\/az-esszenciak-rendszerezese\/?pfstyle=wp\" rel=\"nofollow\"  title=\"Printer Friendly, PDF & Email\"><img src=\"http:\/\/magnetovitalrendelo.hu\/k\/pf-button-both.gif\" alt=\"Print Friendly, PDF & Email\" class=\"pf-button-img\" style=\"\"  \/><\/a><\/div>\n<table border=\"1\" width=\"900\">\n<tbody>\n<tr>\n<td style=\"text-align: center;\">\n<h3>Hat\u00e1stani csoportok<\/h3>\n<\/td>\n<td>\n<h3 style=\"text-align: center;\"><span style=\"color: #3366ff;\">Esszenci\u00e1k<\/span><\/h3>\n<\/td>\n<\/tr>\n<tr>\n<td><strong>\u00c1ltal\u00e1nos hat\u00e1s\u00fa k\u00e9sz\u00edtm\u00e9nyek<\/strong> (m\u00e9regtelen\u00edt\u00e9s,immunrendszer er\u0151s\u00edt\u00e9s, gyullad\u00e1scs\u00f6kkent\u00e9s, fogy\u00e1s):<\/td>\n<td><span style=\"color: #3366ff;\">PARAVERA, FOGYI 3, PV2, M2, E2, AMETISZT, R\u00d3ZSAKVARC, SMARAGD, MALACHIT \u00c9DESV\u00cdZ<\/span><\/td>\n<\/tr>\n<tr>\n<td><strong>Idegrendszerre hat\u00f3 k\u00e9sz\u00edtm\u00e9nyek<\/strong> (stimul\u00e1l\u00f3k, kering\u00e9st jav\u00edt\u00f3k, nyugtat\u00f3k):<\/td>\n<td><span style=\"color: #3366ff;\">PARAVERA, ANTIDROG, ANTISTRESSZ, GOLD, ANTI-ANTI, FOGYI3, GY\u00c9M\u00c1NT, KR\u00c1TERK\u0150<\/span><\/td>\n<\/tr>\n<tr>\n<td><strong>Anyagcser\u00e9re hat\u00f3\u00a0 k\u00e9sz\u00edtm\u00e9nyek<\/strong> (sz\u00e9nhidr\u00e1t, zs\u00edr, feh\u00e9rje): (cukorbetegs\u00e9g, k\u00f6szv\u00e9ny, magas koleszterin, magas triglicerid):<\/td>\n<td><span style=\"color: #3366ff;\">PARAVERA, ANTIK\u00d6SZV\u00c9NY, CSILL\u00c1M<\/span><\/td>\n<\/tr>\n<tr>\n<td><strong>Sz\u00edv- \u00e9s \u00e9rrendszerre hat\u00f3 k\u00e9sz\u00edtm\u00e9nyek<\/strong> (sz\u00edvgyenges\u00e9g, magas v\u00e9rnyom\u00e1s):<\/td>\n<td><span style=\"color: #3366ff;\">ANTI-ANTI, PARAVERA, FOGYI3, \u00a0GY\u00c9M\u00c1NT<\/span><\/td>\n<\/tr>\n<tr>\n<td><strong>L\u00e9g\u00fati hat\u00e1s\u00fa k\u00e9sz\u00edtm\u00e9nyek<\/strong>:<\/td>\n<td><span style=\"color: #3366ff;\">ANTIK\u00d6SZV\u00c9NY, ASZTMATIKUM<\/span><\/td>\n<\/tr>\n<tr>\n<td><strong>Bels\u0151 elv\u00e1laszt\u00e1s\u00fa mirigyek m\u0171k\u00f6d\u00e9s\u00e9t el\u0151seg\u00edt\u0151 k\u00e9sz\u00edtm\u00e9nyek<\/strong>:<\/td>\n<td><span style=\"color: #3366ff;\">KVARC, SMARAGD<\/span><\/td>\n<\/tr>\n<tr>\n<td><strong>Gyomor-, b\u00e9l \u00e9s em\u00e9szt\u0151rendszeri hat\u00e1s\u00fa k\u00e9sz\u00edtm\u00e9nyek<\/strong> (m\u00e1j, hasny\u00e1lmirigy):<\/td>\n<td><span style=\"color: #3366ff;\">HEPAVITAL, RIOLIT<\/span><\/td>\n<\/tr>\n<tr>\n<td><strong>\u00c9rz\u00e9kszervre hat\u00f3 k\u00e9sz\u00edtm\u00e9nyek<\/strong> (szem, f\u00fcl, orr):<\/td>\n<td><span style=\"color: #3366ff;\">HEPAVITAL, MALACHIT<\/span><\/td>\n<\/tr>\n<tr>\n<td><strong>Mozg\u00e1sszervi hat\u00e1s\u00fa k\u00e9sz\u00edtm\u00e9nyek<\/strong> (csontrendszer, izomzat, \u00edz\u00fcletek):<\/td>\n<td><span style=\"color: #3366ff;\">SELYEMIZ\u00dcLET, CSONTER\u0150S\u00cdT\u0150<\/span><\/td>\n<\/tr>\n<tr>\n<td><strong>Urogenti\u00e1lis hat\u00e1s\u00fa k\u00e9sz\u00edtm\u00e9nyek<\/strong> (h\u00fagy\u00fati, nemi szervekre):<\/td>\n<td><span style=\"color: #3366ff;\">GY\u00c9M\u00c1NT, GP, \u00a0KOR\u00c1LL(\u00cdT\u00d3)<\/span><\/td>\n<\/tr>\n<tr>\n<td><strong>B\u0151r\u00f6n k\u00f6zvet\u00edtett jelens\u00e9gekre hat\u00f3 k\u00e9sz\u00edtm\u00e9nyek<\/strong>:<\/td>\n<td><span style=\"color: #3366ff;\">HAJSERKENT\u0150, CSAL\u00c1DRESTAUR\u00c1TOR, MEGYaSZ\u00d3<\/span><\/td>\n<\/tr>\n<tr>\n<td><strong>Pszichoszomatikus hat\u00e1s\u00fa k\u00e9sz\u00edtm\u00e9nyek<\/strong>:<\/td>\n<td><span style=\"color: #3366ff;\">CSAL\u00c1DRESTAUR\u00c1TOR, ANTISTRESSZ, ANTIDROG FOGYI3, R\u00d3ZSAKVARC, KVARC 3X, TENGER CSENDJE, \u00dcVEGOP\u00c1L<\/span><\/td>\n<\/tr>\n<\/tbody>\n<\/table>\n<div class=\"printfriendly pf-button \"><a href=\"http:\/\/magnetovitalrendelo.hu\/rendelo\/szolgaltatasaink-2\/homeopatia\/az-esszenciak-rendszerezese\/?pfstyle=wp\" rel=\"nofollow\"  title=\"Printer Friendly, PDF & Email\"><img src=\"http:\/\/magnetovitalrendelo.hu\/k\/pf-button-both.gif\" alt=\"Print Friendly, PDF & Email\" class=\"pf-button-img\" style=\"\"  \/><\/a><\/div>\n","protected":false},"excerpt":{"rendered":"<p>Hat\u00e1stani csoportok Esszenci\u00e1k \u00c1ltal\u00e1nos hat\u00e1s\u00fa k\u00e9sz\u00edtm\u00e9nyek (m\u00e9regtelen\u00edt\u00e9s,immunrendszer er\u0151s\u00edt\u00e9s, gyullad\u00e1scs\u00f6kkent\u00e9s, fogy\u00e1s): PARAVERA, FOGYI 3, PV2, M2, E2, AMETISZT, R\u00d3ZSAKVARC, SMARAGD, MALACHIT \u00c9DESV\u00cdZ Idegrendszerre hat\u00f3 k\u00e9sz\u00edtm\u00e9nyek (stimul\u00e1l\u00f3k, kering\u00e9st jav\u00edt\u00f3k, nyugtat\u00f3k): PARAVERA, ANTIDROG, ANTISTRESSZ, GOLD, ANTI-ANTI, FOGYI3, GY\u00c9M\u00c1NT, KR\u00c1TERK\u0150 Anyagcser\u00e9re hat\u00f3\u00a0 k\u00e9sz\u00edtm\u00e9nyek (sz\u00e9nhidr\u00e1t, zs\u00edr, feh\u00e9rje): (cukorbetegs\u00e9g, k\u00f6szv\u00e9ny, magas koleszterin, magas triglicerid): PARAVERA, ANTIK\u00d6SZV\u00c9NY, CSILL\u00c1M Sz\u00edv- \u00e9s \u00e9rrendszerre hat\u00f3 [&hellip;]<\/p>\n","protected":false},"author":1,"featured_media":0,"parent":29,"menu_order":0,"comment_status":"closed","ping_status":"closed","template":"full-width-page.php","meta":{"_mi_skip_tracking":false},"_links":{"self":[{"href":"http:\/\/magnetovitalrendelo.hu\/rendelo\/wp-json\/wp\/v2\/pages\/304"}],"collection":[{"href":"http:\/\/magnetovitalrendelo.hu\/rendelo\/wp-json\/wp\/v2\/pages"}],"about":[{"href":"http:\/\/magnetovitalrendelo.hu\/rendelo\/wp-json\/wp\/v2\/types\/page"}],"author":[{"embeddable":true,"href":"http:\/\/magnetovitalrendelo.hu\/rendelo\/wp-json\/wp\/v2\/users\/1"}],"replies":[{"embeddable":true,"href":"http:\/\/magnetovitalrendelo.hu\/rendelo\/wp-json\/wp\/v2\/comments?post=304"}],"version-history":[{"count":1,"href":"http:\/\/magnetovitalrendelo.hu\/rendelo\/wp-json\/wp\/v2\/pages\/304\/revisions"}],"predecessor-version":[{"id":1402,"href":"http:\/\/magnetovitalrendelo.hu\/rendelo\/wp-json\/wp\/v2\/pages\/304\/revisions\/1402"}],"up":[{"embeddable":true,"href":"http:\/\/magnetovitalrendelo.hu\/rendelo\/wp-json\/wp\/v2\/pages\/29"}],"wp:attachment":[{"href":"http:\/\/magnetovitalrendelo.hu\/rendelo\/wp-json\/wp\/v2\/media?parent=304"}],"curies":[{"name":"wp","href":"https:\/\/api.w.org\/{rel}","templated":true}]}}