{"id":21,"date":"2013-02-19T16:54:41","date_gmt":"2013-02-19T15:54:41","guid":{"rendered":"http:\/\/magnetovitalrendelo.hu\/rendelo\/?page_id=21"},"modified":"2014-12-13T09:43:06","modified_gmt":"2014-12-13T08:43:06","slug":"partnerek","status":"publish","type":"page","link":"http:\/\/magnetovitalrendelo.hu\/rendelo\/partnerek\/","title":{"rendered":"Partnerek"},"content":{"rendered":"<h3><span style=\"color: #3366ff;\">Onkol\u00f3giai konzult\u00e1ns<\/span><\/h3>\n<ul>\n<li><strong>Prof. Dr Ung\u00e1r L\u00e1szl\u00f3<\/strong> &#8211; 36-1-200-1684<\/li>\n<\/ul>\n<h3><span style=\"color: #3366ff;\">Sz\u00fcl\u00e9szeti konzult\u00e1ns<\/span><\/h3>\n<ul>\n<li><strong>Dr Sikl\u00f3s P\u00e1l<\/strong> oszt\u00e1lyvezet\u0151 f\u0151orvos Szent Istv\u00e1n k\u00f3rh\u00e1z Sz\u00fcl\u00e9szeti Oszt\u00e1ly<\/li>\n<\/ul>\n<h3><span style=\"color: #3366ff;\">Agytr\u00e9ner-ter\u00e1pia:<\/span><\/h3>\n<ul>\n<li><strong>Harm\u00f3nia Iskola<\/strong> &#8211; <a href=\"http:\/\/www.agygeneral.hupont.hu\" target=\"_blank\"><span style=\"text-decoration: underline;\">www.agygeneral.hupont.hu <\/span><\/a><\/li>\n<\/ul>\n<h3><span style=\"color: #3366ff;\">\u00c9FT-terapeuta, term\u00e9szetgy\u00f3gy\u00e1sz<\/span><\/h3>\n<ul>\n<li><strong>D\u00f3ka Melinda<\/strong> &#8211; <a href=\"http:\/\/www.fenysziget.com\" target=\"_blank\">www.fenysziget.com<\/a><\/li>\n<\/ul>\n<h3><span style=\"color: #3366ff;\">Gyermek-agytr\u00e9ner<\/span><\/h3>\n<ul>\n<li><strong>Rem\u00e9nyi Roz\u00e1lia<\/strong> &#8211; <a href=\"http:\/\/egeszsegkapu.hu\/gyogyitoink\/\" target=\"_blank\">b\u0151vebb inform\u00e1ci\u00f3 itt tal\u00e1lhat\u00f3<\/a><\/li>\n<\/ul>\n<h3><span style=\"color: #3366ff;\">M\u00e1gnester\u00e1pia<\/span><\/h3>\n<ul>\n<li><strong>Nagy P\u00e1l<\/strong> &#8211; <a href=\"http:\/\/www.bestbuynet.hu\/magnesagy.htm\" target=\"_blank\">www.bestbuynet.hu\/magnesagy.htm<\/a><\/li>\n<li><strong>Santerra<\/strong> &#8211; <a href=\"http:\/\/www.santerra.net\" target=\"_blank\">www.santerra.net<\/a><\/li>\n<li><strong>Kl\u00f6czl Gy\u00f6rgy<\/strong> &#8211; <a href=\"http:\/\/www.magnetovital.hu\" target=\"_blank\">www.magnetovital.hu<\/a><\/li>\n<\/ul>\n<h3><span style=\"color: #3366ff;\">Testgyertya<\/span><\/h3>\n<ul>\n<li><strong>T\u00c1D\u00c9-Bioh\u00e1z Kft.<\/strong> &#8211; <a href=\"http:\/\/www.tade-biohaz.uw.hu\" target=\"_blank\">www.tade-biohaz.uw.hu<\/a><\/li>\n<\/ul>\n<h3><span style=\"color: #3366ff;\">\u00c1ltal\u00e1nos orvostudom\u00e1ny \u00e9s foglakoz\u00e1s-eg\u00e9szs\u00e9g\u00fcgy<\/span><\/h3>\n<ul>\n<li><strong>1. sz. \u00fczemeg\u00e9szs\u00e9g\u00fcgyi Kft.<\/strong> &#8211; <a href=\"http:\/\/www.uzemegeszsegugy.hu\" target=\"_blank\">www.uzemegeszsegugy.hu<\/a><\/li>\n<\/ul>\n<h3><span style=\"color: #3366ff;\">Plasztikai seb\u00e9szet<\/span><\/h3>\n<ul>\n<li><strong>Mediburg Plasztikai seb\u00e9szeti klinika<\/strong> &#8211; <a href=\"http:\/\/www.mediburg.hu\" target=\"_blank\">www.mediburg.hu<\/a><\/li>\n<\/ul>\n<h3><span style=\"color: #3366ff;\">Fog\u00e1szat<\/span><\/h3>\n<ul>\n<li><strong>Ibland Eg\u00e9szs\u00e9g\u00fcgyi Szolg\u00e1ltat\u00f3 Kft.<\/strong> &#8211; <a href=\"http:\/\/www.ibland.info\" target=\"_blank\">www.ibland.info<\/a><\/li>\n<li><strong>Dr. Horv\u00e1th Tibor<\/strong> &#8211; <a href=\"http:\/\/www.promedicum.hu\" target=\"_blank\">www.promedicum.hu<\/a><\/li>\n<\/ul>\n<h3><span style=\"color: #3366ff;\">Vaszati<\/span><\/h3>\n<ul>\n<li><strong>Magyar Vaszati Sz\u00f6vets\u00e9g<\/strong> &#8211; <a href=\"http:\/\/www.vaszati.hu\" target=\"_blank\">www.vaszati.hu<\/a><\/li>\n<\/ul>\n<h3><span style=\"color: #3366ff;\">Gy\u00f3gy\u00edt\u00f3, seg\u00edt\u0151 mandal\u00e1k<\/span><\/h3>\n<ul>\n<li><strong>Boros Betty<\/strong> &#8211; <a href=\"http:\/\/www.mandalamanuart.com\" target=\"_blank\">www.mandalamanuart.com<\/a><\/li>\n<\/ul>\n<h3><span style=\"color: #3366ff;\">Labormunk\u00e1k<\/span><\/h3>\n<ul>\n<li><strong>GenoID<\/strong> &#8211; <a href=\"http:\/\/www.genoid.net\" target=\"_blank\">www.genoid.net<\/a><\/li>\n<\/ul>\n<h3><span style=\"color: #3366ff;\">Pszichol\u00f3gia-Kineziol\u00f3gia<\/span><\/h3>\n<ul>\n<li><strong>Bogn\u00e1r Zsuzsanna<\/strong> &#8211; <a href=\"http:\/\/orvosinfo.com\/index.php\/cimlap\/pszichologus-\/bognar-zsuzsanna.html\" target=\"_blank\">b\u0151vebb inform\u00e1ci\u00f3 itt tal\u00e1lhat\u00f3<\/a><\/li>\n<li><strong>Holl\u00f3sin\u00e9 Dr Heinemann Erzs\u00e9bet<\/strong> &#8211; +36-20-962-0972 (1025. Budapest, II., Kand\u00f3 K\u00e1lm\u00e1n u. 3 II. 2.)<\/li>\n<li><strong>Kun Szilvia<\/strong> &#8211; <a href=\"http:\/\/www.integralintezet.hu\/\" target=\"_blank\">Integr\u00e1l Int\u00e9zet<\/a><\/li>\n<\/ul>\n<h3><span style=\"color: #3366ff;\">Ultrahang-vizsg\u00e1latok, Down-k\u00f3r sz\u0171r\u00e9s<\/span><\/h3>\n<ul>\n<li><strong>Dr L\u00e1z\u00e1r G\u00e1bor<\/strong> &#8211; <a href=\"https:\/\/www.egeszseg-portal.hu\/egeszsegugyi-szolgaltato\/Dr-Lazar-Gabor-Budapest\/Dr-Lazar-Gabor-rendelo-Budapest-30155.html\" target=\"_blank\">b\u0151vebb inform\u00e1ci\u00f3 itt tal\u00e1lhat\u00f3<\/a><\/li>\n<\/ul>\n<h3><span style=\"color: #3366ff;\">Eml\u0151 ultrahang-vizsg\u00e1latok<\/span><\/h3>\n<ul>\n<li><strong>Dr Szab\u00f3 No\u00e9mi<\/strong> +36(20)3274874 &#8211; <a href=\"http:\/\/ceginfobudapest.hu\/adatlap.php?id=3089&amp;cegnev=&amp;kulcsszo=&amp;tev=&amp;tel=&amp;oldal\" target=\"_blank\">b\u0151vebb inform\u00e1ci\u00f3 itt tal\u00e1lhat\u00f3<\/a><\/li>\n<\/ul>\n<h3><span style=\"color: #3366ff;\">Dietetikus<\/span><\/h3>\n<ul>\n<li><strong>M\u00e9sz\u00e1ros Zsanett<\/strong> &#8211; buzasizsani@gmail.com<\/li>\n<\/ul>\n<h3><span style=\"color: #3366ff;\">V\u00e9dikus asztrol\u00f3gia<\/span><\/h3>\n<ul>\n<li><strong>Baktai \u00c1d\u00e1m<\/strong> &#8211; v\u00e9dikus asztrol\u00f3gia, j\u00f3ga, shiatzu, ayurv\u00e9dikus gy\u00f3gy\u00edt\u00e1s &#8211; <a href=\"http:\/\/bhaktikutir.hu\" target=\"_blank\">bhaktikutir.hu<\/a><\/li>\n<li><strong>Sar\u00f3dy Judit<\/strong> &#8211; v\u00e9dikus asztrol\u00f3gia &#8211; <a href=\"http:\/\/www.jogakozpont.hu\/joga\/terapia_sarodyjudit.html\" target=\"_blank\">www.jogakozpont.hu\/joga\/terapia_sarodyjudit.html<\/a><\/li>\n<\/ul>\n<h3><span style=\"color: #3366ff;\">Integr\u00e1l asztrol\u00f3gia<\/span><\/h3>\n<ul>\n<li><strong>V\u00e1radi Veronika<\/strong> &#8211; <a href=\"http:\/\/www.varadiveronika.com\" target=\"_blank\">www.varadiveronika.com<\/a><\/li>\n<\/ul>\n<h3><span style=\"color: #3366ff;\">Integr\u00e1l Selfhealing autog\u00e9n tr\u00e9ner<\/span><\/h3>\n<ul>\n<li><strong>Babai Linda<\/strong> &#8211; <a href=\"http:\/\/www.babailinda.hu\" target=\"_blank\">www.babailinda.hu<\/a><\/li>\n<\/ul>\n<h3><span style=\"color: #3366ff;\">AVIVA torna<\/span><\/h3>\n<ul>\n<li><strong>T\u00f3th Juli<\/strong> &#8211; <a href=\"http:\/\/www.avivastudio.hu\" target=\"_blank\">www.avivastudio.hu<\/a><\/li>\n<\/ul>\n<h3><span style=\"color: #3366ff;\">\u00dcgyv\u00e9di irod\u00e1k<\/span><\/h3>\n<ul>\n<li><strong>Dr S\u00e1ri P\u00e9ter<\/strong> &#8211; b\u00fcntet\u0151- \u00e9s polg\u00e1ri \u00fcgyek &#8211; <a href=\"http:\/\/www.sari-sari.hu\" target=\"_blank\">www.sari-sari.hu<\/a><\/li>\n<li><strong>Dr B\u00f3cz Istv\u00e1n<\/strong> &#8211; c\u00e9g- \u00e9s ingatlan-\u00fcgyek &#8211; <a href=\"http:\/\/ugyvedzona.hu\/ugyved\/dr-bocz-istvan\/991\" target=\"_blank\">b\u0151vebb inform\u00e1ci\u00f3 itt tal\u00e1lhat\u00f3<\/a><\/li>\n<\/ul>\n<h3><span style=\"color: #3366ff;\">Weboldal k\u00e9sz\u00edt\u00e9s<br \/>\n<\/span><\/h3>\n<ul>\n<li><strong>Nagy Oliv\u00e9r<\/strong> &#8211; web-kommunik\u00e1ci\u00f3 &#8211; <a href=\"http:\/\/www.municiopress.hu\" target=\"_blank\">www.municiopress.hu<\/a><\/li>\n<\/ul>\n<h3><span style=\"color: #3366ff;\">Sz\u00e1m\u00edt\u00f3g\u00e9pes rendszerek \u00e9p\u00edt\u00e9se \u00e9s karbantart\u00e1sa, rendszergazda<\/span><\/h3>\n<ul>\n<li><strong>Konsai Mih\u00e1ly +3<\/strong>6 30 7214785\u00a0 mihaly.konsai@gmail.com<\/li>\n<\/ul>\n<h3><span style=\"color: #3366ff;\">Endokrinol\u00f3gus<\/span><\/h3>\n<ul>\n<li><strong>Dr B\u00e9rczy Judit<\/strong><b> &#8211; +3<\/b>6-30-409-0799\u00a0<b> <\/b><\/li>\n<\/ul>\n<h3><span style=\"color: #3366ff;\">Androl\u00f3gus<\/span><\/h3>\n<ul>\n<li><strong> B\u00f3gyi Gy\u00f6rgy<\/strong> &#8211; <a href=\"http:\/\/www.androweb.hu\" target=\"_blank\">www.androweb.hu<\/a><\/li>\n<\/ul>\n<h3><span style=\"color: #3366ff;\">Rendel\u0151i, k\u00f3rh\u00e1zi felszerel\u00e9sek, orvostechnol\u00f3gia<\/span><\/h3>\n<ul>\n<li><strong>Wochna Tibor &#8211; WochnaMedical<\/strong> &#8211; <a href=\"http:\/\/www.wochna.com\" target=\"_blank\">www.wochna.com<\/a><\/li>\n<\/ul>\n<h3><span style=\"color: #3366ff;\">&#8220;Felhaszn\u00e1l\u00f3bar\u00e1t&#8221;, igen megb\u00edzhat\u00f3, pontos \u00e9s nem rabl\u00f3 iparosok<\/span><\/h3>\n<ul>\n<li><strong>Villanyszerel\u00e9s, riaszt\u00f3-szerel\u00e9s, sz\u00e1m\u00edt\u00f3g\u00e9pes- \u00e9s antenna-rendszerek vezet\u00e9kez\u00e9se: Szab\u00f3 P\u00e9ter<\/strong> &#8211; B\u0151vebb inform\u00e1ci\u00f3t ezen a <a href=\"http:\/\/www.villanyszerelo-pesten.hu\/villanyszerelesre-van-szuksegem\" target=\"_blank\">linken olvashat<\/a>.<\/li>\n<li><strong>Elektronikai szerviz: Mih\u00f3k G\u00e1bor<\/strong> &#8211; <a href=\"http:\/\/www.sonyszerviz.hu\" target=\"_blank\">www.sonyszerviz.hu<\/a><\/li>\n<li><strong>V\u00edzvezet\u00e9k- g\u00e1z- \u00e9s f\u0171t\u00e9sszerel\u0151: Bihari L\u00e1szl\u00f3<\/strong> &#8211; +36-20-933-4856<\/li>\n<\/ul>\n<p><strong>\u00a0\u00a0\u00a0\u00a0\u00a0\u00a0\u00a0\u00a0\u00a0\u00a0\u00a0\u00a0\u00a0\u00a0\u00a0\u00a0\u00a0 \u00a0 \u00a0 \u00a0 \u00a0 \u00a0 \u00a0 \u00a0 \u00a0 \u00a0 \u00a0 \u00a0 \u00a0 \u00a0 \u00a0 \u00a0 \u00a0 \u00a0 \u00a0 \u00a0\u00a0\u00a0 V\u00e1rnagy Andr\u00e1s<\/strong> &#8211; <strong>+<\/strong>36-20-4762506<\/p>\n<ul>\n<li><strong>Szobafest\u0151 \u00e9s m\u00e1zol\u00f3: Haszill\u00f3 J\u00f3zsef<\/strong> &#8211; 36-70-311-6357<\/li>\n<li><strong>Asztalos: K\u00f3kai J\u00f3zsef<\/strong> &#8211; 36-70-249-8915<\/li>\n<li><strong>Burkol\u00f3, gipszkartonoz\u00f3: Sim\u00f3 P\u00e1l<\/strong> &#8211; 36-20-992-9870<\/li>\n<li><strong>Kert\u00e9sz: Mikl\u00f3s G\u00e1bor<\/strong> &#8211; 36-30-941-5529<\/li>\n<li><strong>\u00d6nt\u00f6z\u00e9s, kertrendez\u00e9s: H\u00e1zi J\u00e1nos<\/strong> &#8211; 36-30-428-6593<\/li>\n<li><strong>\u00c9kszer\u00e9sz (\u00e9kszerk\u00e9sz\u00edt\u00e9s \u00e9s jav\u00edt\u00e1s): Domj\u00e1n Eszter<\/strong> &#8211; 36-30-271-3480 &#8211; <a href=\"http:\/\/www.mihalovits.hu\" target=\"_blank\">www.mihalovits.hu<\/a><\/li>\n<li><strong>Fodr\u00e1sz: Sz\u0171cs Szilvia<\/strong> &#8211; 36-20-329-3329<\/li>\n<li><strong>Taxis: Stark Tibor<\/strong> &#8211; 36-30-629-6656<\/li>\n<\/ul>\n<h3><span style=\"color: #3366ff;\">H\u00e1zi v\u00edzkezel\u00e9s (v\u00edztiszt\u00edt\u00e1s, v\u00edzl\u00e1gy\u00edt\u00e1s)<\/span><\/h3>\n<ul>\n<li><strong> Nagy J\u00e1nos<\/strong> &#8211; <a href=\"http:\/\/www.vizlagyito.com\" target=\"_blank\">www.vizlagyito.com<\/a><\/li>\n<\/ul>\n<h3><span style=\"color: #3366ff;\">Emberbar\u00e1t, gyors, pontos \u00e9s megb\u00edzhat\u00f3 aut\u00f3keresked\u00e9s \u00e9s -szerviz<\/span><\/h3>\n<ul>\n<li><strong>Toyota Mayer<\/strong> &#8211; <a href=\"http:\/\/www.toyotamayer.hu\" target=\"_blank\">www.toyotamayer.hu<\/a><\/li>\n<\/ul>\n<h3><span style=\"color: #3366ff;\">\u00c9p\u00fcletg\u00e9p\u00e9szet<\/span><\/h3>\n<ul>\n<li><strong>S\u00e1rk\u00f6zi Viktor<\/strong> &#8211; <a href=\"http:\/\/www.ketkorkft.hu\" target=\"_blank\">www.ketkorkft.hu<\/a><\/li>\n<\/ul>\n","protected":false},"excerpt":{"rendered":"<p>Onkol\u00f3giai konzult\u00e1ns Prof. Dr Ung\u00e1r L\u00e1szl\u00f3 &#8211; 36-1-200-1684 Sz\u00fcl\u00e9szeti konzult\u00e1ns Dr Sikl\u00f3s P\u00e1l oszt\u00e1lyvezet\u0151 f\u0151orvos Szent Istv\u00e1n k\u00f3rh\u00e1z Sz\u00fcl\u00e9szeti Oszt\u00e1ly Agytr\u00e9ner-ter\u00e1pia: Harm\u00f3nia Iskola &#8211; www.agygeneral.hupont.hu \u00c9FT-terapeuta, term\u00e9szetgy\u00f3gy\u00e1sz D\u00f3ka Melinda &#8211; www.fenysziget.com Gyermek-agytr\u00e9ner Rem\u00e9nyi Roz\u00e1lia &#8211; b\u0151vebb inform\u00e1ci\u00f3 itt tal\u00e1lhat\u00f3 M\u00e1gnester\u00e1pia Nagy P\u00e1l &#8211; www.bestbuynet.hu\/magnesagy.htm Santerra &#8211; www.santerra.net Kl\u00f6czl Gy\u00f6rgy &#8211; www.magnetovital.hu Testgyertya T\u00c1D\u00c9-Bioh\u00e1z Kft. &#8211; [&hellip;]<\/p>\n","protected":false},"author":1,"featured_media":0,"parent":0,"menu_order":0,"comment_status":"closed","ping_status":"closed","template":"","meta":{"_mi_skip_tracking":false},"_links":{"self":[{"href":"http:\/\/magnetovitalrendelo.hu\/rendelo\/wp-json\/wp\/v2\/pages\/21"}],"collection":[{"href":"http:\/\/magnetovitalrendelo.hu\/rendelo\/wp-json\/wp\/v2\/pages"}],"about":[{"href":"http:\/\/magnetovitalrendelo.hu\/rendelo\/wp-json\/wp\/v2\/types\/page"}],"author":[{"embeddable":true,"href":"http:\/\/magnetovitalrendelo.hu\/rendelo\/wp-json\/wp\/v2\/users\/1"}],"replies":[{"embeddable":true,"href":"http:\/\/magnetovitalrendelo.hu\/rendelo\/wp-json\/wp\/v2\/comments?post=21"}],"version-history":[{"count":1,"href":"http:\/\/magnetovitalrendelo.hu\/rendelo\/wp-json\/wp\/v2\/pages\/21\/revisions"}],"predecessor-version":[{"id":1356,"href":"http:\/\/magnetovitalrendelo.hu\/rendelo\/wp-json\/wp\/v2\/pages\/21\/revisions\/1356"}],"wp:attachment":[{"href":"http:\/\/magnetovitalrendelo.hu\/rendelo\/wp-json\/wp\/v2\/media?parent=21"}],"curies":[{"name":"wp","href":"https:\/\/api.w.org\/{rel}","templated":true}]}}