{"id":178,"date":"2013-02-20T17:32:50","date_gmt":"2013-02-20T16:32:50","guid":{"rendered":"http:\/\/magnetovitalrendelo.hu\/rendelo\/?page_id=178"},"modified":"2014-12-15T09:44:26","modified_gmt":"2014-12-15T08:44:26","slug":"kismama-baba-program-a-testileg-es-lelkileg-egeszsegesebb-jovoert","status":"publish","type":"page","link":"http:\/\/magnetovitalrendelo.hu\/rendelo\/szolgaltatasaink-2\/terhestanacsadas-es-szulesfelkeszites\/kismama-baba-program-a-testileg-es-lelkileg-egeszsegesebb-jovoert\/","title":{"rendered":"Kismama-baba-program a testileg \u00e9s lelkileg eg\u00e9szs\u00e9gesebb j\u00f6v\u0151\u00e9rt"},"content":{"rendered":"<div class=\"printfriendly pf-button \"><a href=\"http:\/\/magnetovitalrendelo.hu\/rendelo\/szolgaltatasaink-2\/terhestanacsadas-es-szulesfelkeszites\/kismama-baba-program-a-testileg-es-lelkileg-egeszsegesebb-jovoert\/?pfstyle=wp\" rel=\"nofollow\"  title=\"Printer Friendly, PDF & Email\"><img src=\"http:\/\/magnetovitalrendelo.hu\/k\/pf-button-both.gif\" alt=\"Print Friendly, PDF & Email\" class=\"pf-button-img\" style=\"\"  \/><\/a><\/div>\n<p>Eg\u00e9sz \u00e9let\u00fcnkben folyamatosan olyan lelki, szellemi alapokra \u00e9p\u00edtkez\u00fcnk, amelyeket r\u00e9szben a sz\u00fcleink tapasztalatai, az \u00e1ltaluk tov\u00e1bbadott genetikus inform\u00e1ci\u00f3k hat\u00e1roznak meg. A jelenben v\u00e9gbemen\u0151 v\u00e1ltoz\u00e1sainkat, az \u00e9let k\u00fcl\u00f6nb\u00f6z\u0151 ter\u00fcletein a benn\u00fcnket \u00e9rt hat\u00e1sokra adott reakci\u00f3inkat ezek a velesz\u00fcletett inform\u00e1ci\u00f3ink alapozz\u00e1k meg, b\u00e1r jelent\u0151sen befoly\u00e1solj\u00e1k m\u00e9g \u0151ket az \u00e9let\u00fcnk sor\u00e1n meg\u00e9lt traum\u00e1ink \u00e9s \u00f6r\u00f6meink is. Az ezen szerzett \u00e9s magunkkal hozott t\u00e9nyez\u0151k \u00e1ltal befoly\u00e1solva meghozott tudatos vagy \u00f6szt\u00f6n\u00f6s d\u00f6nt\u00e9seink k\u00e9pezik a j\u00f6v\u0151nk alapjait.<\/p>\n<p>A genetikus tapasztalatokban az \u0151seink \u00e1t\u00e9lt \u00e9lm\u00e9nyeit kapjuk k\u00f3dolva, sajnos a t\u00f6bbs\u00e9g\u00e9ben f\u00e9lelem \u00e9s stressz, az \u00e1ltaluk meg\u00e9lt er\u0151szak \u00e9lm\u00e9ny\u00e9vel \u00e9s annak \u00e9rz\u00e9seivel. A sejtjeink r\u00f6gz\u00edtik ezeket az inform\u00e1ci\u00f3kat \u00e9s a hasonl\u00f3 jelleg\u0171 helyzetekben v\u00e9szcseng\u0151k\u00e9nt jelez\/n\u00e9\/nek is a sz\u00e1munkra \u2013 figyelj, vigy\u00e1zz \u2013 de az ut\u00f3dok sajnos nem mindig tudnak ezzel mit kezdeni. A tudatunk nem mindig k\u00e9pes meg\u00e9rteni, \u00e9rtelmezni az inform\u00e1ci\u00f3kat, hiszen ezek az \u00e9lm\u00e9nyek nem az \u0151 saj\u00e1t megtapasztal\u00e1sai. Minden genetikus inform\u00e1ci\u00f3 a sz\u00fcl\u0151t\u0151l, nagysz\u00fcl\u0151t\u0151l \u00e9rkezik \u00e9s a gyerekek ezekt\u0151l ak\u00e1r a saj\u00e1t eg\u00e9sz \u00e9let\u00fckben \u00e9rezhetik rosszul magukat an\u00e9lk\u00fcl is, hogy ezeknek az \u00e9rz\u00e9seknek az eredet\u00e9vel pontosan tiszt\u00e1ban lehetn\u00e9nek.<\/p>\n<p>Ez okb\u00f3l tartjuk fantasztikusan j\u00f3 lehet\u0151s\u00e9gnek a kineziol\u00f3gia eszk\u00f6zeit, mert ezek abban tudnak seg\u00edteni benn\u00fcnket, hogy amit egy ember az \u00e9lete sor\u00e1n f\u00e1jdalomk\u00e9nt vagy f\u00e9lelemk\u00e9nt \u00e1t\u00e9l, azt ne felt\u00e9tlen\u00fcl \u00f6r\u00f6k\u00edtse m\u00e1r tov\u00e1bb a gyermekei vagy a m\u00e9g k\u00e9s\u0151bbi ut\u00f3dai sz\u00e1m\u00e1ra, \u00e9s \u00edgy ne terhelje meg \u0151ket sem testileg, sem lelkileg.<\/p>\n<p>Adjuk meg a lehet\u0151 legteljesebb szabads\u00e1got a gyermekeinknek, hagyjuk \u0151ket gyorsabban fejl\u0151dni az\u00e1ltal, hogy mi m\u00e1r az \u0150 sz\u00fclet\u00e9s\u00fcket megel\u0151z\u0151en egy kis k\u00fcls\u0151 seg\u00edts\u00e9ggel elengedj\u00fck a saj\u00e1t g\u00e1tl\u00e1sainkat, a sz\u00fcleink, a nagysz\u00fcleink r\u00e1nk \u00f6r\u00f6k\u00edtett hitrendszereit. A sz\u00fcl\u0151kt\u0151l a terhess\u00e9gre, sz\u00fcl\u00e9sre, anyas\u00e1gra vonatkoz\u00f3an magunkkal hozott \u00e9s r\u00e9szben szerzett mint\u00e1k, el\u0151\u00edt\u00e9letek, hitrendszer, f\u00e9lelmek \/hogy fogok viselkedni a terhess\u00e9g \u00e9s a sz\u00fcl\u00e9s alatt, meg tudok-e felelni az anyas\u00e1gnak, hogyan tudok helyt\u00e1llni sz\u00fcl\u0151k\u00e9nt, tudok-e harmonikus egys\u00e9get teremteni a csal\u00e1domban, van-e bennem kell\u0151 harm\u00f3nia, t\u00fcrelem? stb.\/ old\u00e1sa, elt\u00fcntet\u00e9se, fel\u00fcl\u00edr\u00e1sa k\u00e9pezheti a z\u00e1log\u00e1t a gyermekeinkkel k\u00f6z\u00f6s boldog j\u00f6v\u0151nknek. A saj\u00e1t nyugalmunk, harmonikusabb\u00e1 v\u00e1l\u00f3 \u00e9let\u00fcnk mellett az \u00edgy tudatosan \u00e9s szabadon v\u00e1lasztott szabads\u00e1gunk \u00e1ltal j\u00f3 es\u00e9ly\u00fcnk van arra, hogy a j\u00f6v\u0151 gener\u00e1ci\u00f3t is jelent\u0151sen meger\u0151s\u00edts\u00fck. Boldogok lehet\u00fcnk azzal, ha a mi gyermekeink m\u00e1r nem vagy nem olyan m\u00e9rt\u00e9kben hurcolj\u00e1k magukkal tov\u00e1bb azokat a szorong\u00e1sokat, f\u00e9lelmeket, amelyekkel mi k\u00fczd\u00f6tt\u00fcnk a gyerekkorunkban.<\/p>\n<p><span style=\"color: #3366ff;\"><strong>Ezt k\u00e9pesek ny\u00fajtani ma mindenki sz\u00e1m\u00e1ra a kineziol\u00f3gia, az \u00c9FT \u00e9s annak eszk\u00f6zei.<\/strong><\/span><\/p>\n<p>\u00c9ljen ezzel a lehet\u0151s\u00e9ggel esetleg m\u00e1r a terhess\u00e9g\u00e9t megel\u0151z\u0151en is. Az a komplex, a testet \u00e9s a lelket a teljes terhess\u00e9gre, a sz\u00fcl\u00e9sre \u00e9s az anyas\u00e1gra egyar\u00e1nt felk\u00e9sz\u00edt\u0151 kismama-program \/eg\u00e9szs\u00e9ges \u00e9letm\u00f3d, folyamatos sz\u00fcl\u00e9szeti kontroll, kineziol\u00f3giai vagy \u00c9FT stresszold\u00e1s \u00e9s terhestorna\/, melyet \u2013 jelenleg haz\u00e1nkban egyed\u00fcl\u00e1ll\u00f3an \u2013 mi most k\u00edn\u00e1lunk \u00d6nnek, egy olyan t\u00e1vlatot k\u00e9pes nyitni az \u00d6n \u00e9s az ut\u00f3dai sz\u00e1m\u00e1ra, mely komoly seg\u00edts\u00e9get jelenthet egy testileg \u00e9s lelkileg egyar\u00e1nt eg\u00e9szs\u00e9gesebb \u00faj gener\u00e1ci\u00f3 kialak\u00edt\u00e1s\u00e1ban.<\/p>\n<p><span style=\"color: #3366ff;\"><strong>Minden kismam\u00e1nak aj\u00e1nljuk sz\u00fcl\u00e9sfelk\u00e9sz\u00edt\u0151 szolg\u00e1ltat\u00e1sunkat.<\/strong><\/span><\/p>\n<p>A terhess\u00e9g alatti mozg\u00e1s rendk\u00edv\u00fcl fontos mind a Baba, mind a Mam\u00e1ja sz\u00e1m\u00e1ra. Jav\u00edtja a kering\u00e9st, jelent\u0151s szerepet t\u00f6lt be az \u00e1ltal\u00e1nos j\u00f3ll\u00e9tben \u00e9s elengedhetetlen az izomzat karban-tart\u00e1sa, valamint a j\u00f3 testtart\u00e1s meg\u0151rz\u00e9se szempontj\u00e1b\u00f3l. Seg\u00edts\u00e9get ny\u00fajt a gerincb\u00e1ntalmak, valamint az als\u00f3 v\u00e9gtagi probl\u00e9m\u00e1k megel\u0151z\u00e9s\u00e9ben, cs\u00f6kkent\u00e9s\u00e9ben.<\/p>\n<p>A foglalkoz\u00e1sok sor\u00e1n a torna mellett megismerkedhetnek a relax\u00e1ci\u00f3 alapjaival, ami sok seg\u00edts\u00e9get ny\u00fajthat a terhess\u00e9g teljes tartama \u00e9s a sz\u00fcl\u00e9s sor\u00e1n is.<\/p>\n<div class=\"printfriendly pf-button \"><a href=\"http:\/\/magnetovitalrendelo.hu\/rendelo\/szolgaltatasaink-2\/terhestanacsadas-es-szulesfelkeszites\/kismama-baba-program-a-testileg-es-lelkileg-egeszsegesebb-jovoert\/?pfstyle=wp\" rel=\"nofollow\"  title=\"Printer Friendly, PDF & Email\"><img src=\"http:\/\/magnetovitalrendelo.hu\/k\/pf-button-both.gif\" alt=\"Print Friendly, PDF & Email\" class=\"pf-button-img\" style=\"\"  \/><\/a><\/div>\n","protected":false},"excerpt":{"rendered":"<p>Eg\u00e9sz \u00e9let\u00fcnkben folyamatosan olyan lelki, szellemi alapokra \u00e9p\u00edtkez\u00fcnk, amelyeket r\u00e9szben a sz\u00fcleink tapasztalatai, az \u00e1ltaluk tov\u00e1bbadott genetikus inform\u00e1ci\u00f3k hat\u00e1roznak meg. A jelenben v\u00e9gbemen\u0151 v\u00e1ltoz\u00e1sainkat, az \u00e9let k\u00fcl\u00f6nb\u00f6z\u0151 ter\u00fcletein a benn\u00fcnket \u00e9rt hat\u00e1sokra adott reakci\u00f3inkat ezek a velesz\u00fcletett inform\u00e1ci\u00f3ink alapozz\u00e1k meg, b\u00e1r jelent\u0151sen befoly\u00e1solj\u00e1k m\u00e9g \u0151ket az \u00e9let\u00fcnk sor\u00e1n meg\u00e9lt traum\u00e1ink \u00e9s \u00f6r\u00f6meink is. Az ezen [&hellip;]<\/p>\n","protected":false},"author":1,"featured_media":0,"parent":55,"menu_order":0,"comment_status":"closed","ping_status":"closed","template":"","meta":{"_mi_skip_tracking":false},"_links":{"self":[{"href":"http:\/\/magnetovitalrendelo.hu\/rendelo\/wp-json\/wp\/v2\/pages\/178"}],"collection":[{"href":"http:\/\/magnetovitalrendelo.hu\/rendelo\/wp-json\/wp\/v2\/pages"}],"about":[{"href":"http:\/\/magnetovitalrendelo.hu\/rendelo\/wp-json\/wp\/v2\/types\/page"}],"author":[{"embeddable":true,"href":"http:\/\/magnetovitalrendelo.hu\/rendelo\/wp-json\/wp\/v2\/users\/1"}],"replies":[{"embeddable":true,"href":"http:\/\/magnetovitalrendelo.hu\/rendelo\/wp-json\/wp\/v2\/comments?post=178"}],"version-history":[{"count":1,"href":"http:\/\/magnetovitalrendelo.hu\/rendelo\/wp-json\/wp\/v2\/pages\/178\/revisions"}],"predecessor-version":[{"id":1383,"href":"http:\/\/magnetovitalrendelo.hu\/rendelo\/wp-json\/wp\/v2\/pages\/178\/revisions\/1383"}],"up":[{"embeddable":true,"href":"http:\/\/magnetovitalrendelo.hu\/rendelo\/wp-json\/wp\/v2\/pages\/55"}],"wp:attachment":[{"href":"http:\/\/magnetovitalrendelo.hu\/rendelo\/wp-json\/wp\/v2\/media?parent=178"}],"curies":[{"name":"wp","href":"https:\/\/api.w.org\/{rel}","templated":true}]}}