{"id":120,"date":"2013-02-19T18:39:15","date_gmt":"2013-02-19T17:39:15","guid":{"rendered":"http:\/\/magnetovitalrendelo.hu\/rendelo\/?page_id=120"},"modified":"2014-12-13T09:47:19","modified_gmt":"2014-12-13T08:47:19","slug":"gyogyitasi-filozofiank","status":"publish","type":"page","link":"http:\/\/magnetovitalrendelo.hu\/rendelo\/gyogyitasi-filozofiank\/","title":{"rendered":"Gy\u00f3gy\u00edt\u00e1si filoz\u00f3fi\u00e1nk"},"content":{"rendered":"<div class=\"printfriendly pf-button \"><a href=\"http:\/\/magnetovitalrendelo.hu\/rendelo\/gyogyitasi-filozofiank\/?pfstyle=wp\" rel=\"nofollow\"  title=\"Printer Friendly, PDF & Email\"><img src=\"http:\/\/magnetovitalrendelo.hu\/k\/pf-button-both.gif\" alt=\"Print Friendly, PDF & Email\" class=\"pf-button-img\" style=\"\"  \/><\/a><\/div>\n<h3><span style=\"color: #3366ff;\"><img loading=\"lazy\" class=\"alignright size-full wp-image-1141\" src=\"http:\/\/magnetovitalrendelo.hu\/rendelo\/wp-content\/uploads\/sites\/4\/2013\/02\/gyogyitasi_filozofiank-1.jpg\" alt=\"gyogyitasi_filozofiank-1\" width=\"300\" height=\"211\" \/>Eg\u00e9szs\u00e9gmeg\u0151rz\u00e9si \u00e9s gy\u00f3gy\u00edt\u00e1si koncepci\u00f3nk:<\/span><\/h3>\n<p><span style=\"color: #ff0000;\"><strong>Mi a betegs\u00e9g?<\/strong><\/span><\/p>\n<p>Felfog\u00e1sunk szerint egy energia- vagy inform\u00e1ci\u00f3s zavarb\u00f3l levezethet\u0151 anyagcsere-el\u00e9gtelens\u00e9g, mely a sejtek, sz\u00f6vetek, szervek savasod\u00e1sa r\u00e9v\u00e9n azok pusztul\u00e1s\u00e1hoz vezet.<\/p>\n<p><span style=\"color: #ff0000;\"><strong>Mik az eg\u00e9szs\u00e9g kulcsszavai?<\/strong><\/span><\/p>\n<p>Kell\u0151 mennyis\u00e9g\u0171 \u00e9s min\u0151s\u00e9g\u0171 energia \u00e9s inform\u00e1ci\u00f3, szabad energia- \u00e9s inform\u00e1ci\u00f3-\u00e1raml\u00e1s \u00e9s kell\u0151 mennyis\u00e9g\u0171 \u00e9s min\u0151s\u00e9g\u0171 folyad\u00e9k<\/p>\n<p><span style=\"color: #ff0000;\"><strong>Hogyan lehet az eg\u00e9szs\u00e9get hat\u00e1sosan meg\u0151rizni?<\/strong><\/span><\/p>\n<p>Kell\u0151 mennyis\u00e9g\u0171 \u00e9s min\u0151s\u00e9g\u0171 energi\u00e1t \u00e9s inform\u00e1ci\u00f3t biztos\u00edtva meg kell akad\u00e1lyozni az energia- \u00e9s inform\u00e1ci\u00f3-\u00e1raml\u00e1si zavarok kialakul\u00e1s\u00e1t, j\u00f3 min\u0151s\u00e9g\u0171 t\u00e1panyagok bevitel\u00e9vel, valamint kell\u0151 mennyis\u00e9g\u0171 \u00e9s min\u0151s\u00e9g\u0171 a szervezetbe bevitt folyad\u00e9k seg\u00edts\u00e9g\u00e9vel biztos\u00edtani a j\u00f3 t\u00e1panyagell\u00e1t\u00e1st \u00e9s salakanyag sz\u00e1ll\u00edt\u00e1st.<\/p>\n<p><span style=\"color: #ff0000;\"><strong>Hogyan lehet a betegs\u00e9geket hat\u00e9konyan gy\u00f3gy\u00edtani?<\/strong><\/span><\/p>\n<p>Megfelel\u0151 energia- \u00e9s inform\u00e1ci\u00f3-viszonyokat teremtve el kell h\u00e1r\u00edtani az energia- \u00e9s infor-m\u00e1ci\u00f3-\u00e1raml\u00e1si zavarokat \u00e9s biztos\u00edtani kell a kell\u0151 folyad\u00e9kmennyis\u00e9get az anyagcsere lebonyol\u00edt\u00e1s\u00e1hoz.<\/p>\n<p><span style=\"color: #ff0000;\"><strong>Mindez hogyan \u00e9rhet\u0151 el?<\/strong><\/span><\/p>\n<ol>\n<li>megfelel\u0151 vitaminokkal, \u00e1sv\u00e1nyi- \u00e9s j\u00e1rul\u00e9kos anyagokkal d\u00fas\u00edtott eg\u00e9szs\u00e9ges t\u00e1pl\u00e1lkoz\u00e1s.<\/li>\n<li>minimum napi 2.5-3 liternyi folyad\u00e9k \/j\u00f3 min\u0151s\u00e9g\u0171 \u00e1sv\u00e1nyv\u00edz, vagy lehet\u0151leg sz\u0171rt \u00e9s fizikailag, k\u00e9miailag \u00e9s biol\u00f3giailag tiszt\u00edtott, \u00e9s esetleg m\u00e9g magnetiz\u00e1lt csapv\u00edz\/ felv\u00e9tel\u00e9nek biztos\u00edt\u00e1sa.<\/li>\n<li>a kor\u00e1bbi stresszek old\u00e1sa, elenged\u00e9se, a lehet\u0151s\u00e9gekhez k\u00e9pest legink\u00e1bb stresszmentes \u00e9letm\u00f3d, a keletkez\u0151 stresszek rendszeres old\u00e1sa, stresszv\u00e9delem.<\/li>\n<li>a lak\u00f3- \u00e9s a munkak\u00f6rnyezet energetikai fel\u00fclvizsg\u00e1lata \u00e9s t\u00e9renergia- valamint geop\u00e1tiai v\u00e9delm\u00e9nek kialak\u00edt\u00e1sa.<\/li>\n<li>Kell\u0151 testmozg\u00e1s.<\/li>\n<li>Az elvesztett energi\u00e1k p\u00f3tl\u00e1sa r\u00e9szben az univerzumb\u00f3l a term\u00e9szet, j\u00f3ga, medit\u00e1ci\u00f3, reiki stb. \u00e1ltal, r\u00e9szben mesters\u00e9gesen agytr\u00e9ning \u00e9s m\u00e1gnesrezonancia, biorezonancia, agyhull\u00e1mhangol\u00e1s, f\u00e9ny, dr\u00e1gak\u00f6vek stb. seg\u00edts\u00e9g\u00e9vel.<\/li>\n<li>A pozit\u00edv gondolkod\u00e1s \u00e9s a kiejtett szavak s\u00faly\u00e1nak ismerete \u00e9s kell\u0151 m\u00e9rt\u00e9k\u0171 tiszteletben tart\u00e1sa, ezzel a folyamatos pozit\u00edv hat\u00e1s\u00fa inform\u00e1ci\u00f3k bevitele.<\/li>\n<li>Rendszeres \u00e9s hat\u00e1sos m\u00e9regtelen\u00edt\u00e9s.<\/li>\n<\/ol>\n<h3><span style=\"color: #3366ff;\">Mit tehet ide\u00e1lis esetben egy felel\u0151ss\u00e9gteljes ember \u00f6nmag\u00e1\u00e9rt \u00e9s a csal\u00e1dj\u00e1\u00e9rt az eg\u00e9szs\u00e9g\u00fck v\u00e9delm\u00e9ben?<\/span><\/h3>\n<ol>\n<li>odafigyel arra, hogy mit eszik. A lehet\u0151s\u00e9gekhez k\u00e9pest min\u00e9l t\u00f6bb nyers n\u00f6v\u00e9nyi t\u00e1pl\u00e1l\u00e9kot, min\u00e9l kevesebb \u00e1llati eredet\u0171t, ha megoldhat\u00f3 napk\u00f6zben h\u00e1rom\u00f3r\u00e1nk\u00e9nt \u00e9s nem t\u00fal sokat.<\/li>\n<li>tiszt\u00edtott, j\u00f3 min\u0151s\u00e9g\u0171, sz\u00e9nsavmentes vizet iszik, legal\u00e1bb napi 3 literes mennyis\u00e9gben. Amennyiben siker\u00fcl tart\u00f3san meg\u0151riznie a vizelete sz\u00edntelens\u00e9g\u00e9t, akkor elegend\u0151 a bevitt folyad\u00e9k mennyis\u00e9ge.<\/li>\n<li>ha meg tudja \u00e1llni, nem m\u00e9rgezi a szervezet\u00e9t \u00e9lvezeti szerekkel vagy drogokkal, \u00e9s rendszeresen gondoskodik a szervezet\u00e9nek m\u00e9regtelen\u00edt\u00e9s\u00e9r\u0151l.<\/li>\n<li>lak\u00f3- \u00e9s ha lehets\u00e9ges munkak\u00f6rnyezet\u00e9ben figyel a t\u00e9renergi\u00e1k \u00e9s a f\u00f6ldsug\u00e1rz\u00e1sok, valamint az elektromos sug\u00e1rz\u00e1sok rendez\u00e9s\u00e9re, ez ut\u00f3bbiakat rendszeresen ellen\u0151rizteti.<\/li>\n<li>gondoskodik a napi rendszeres, a test \u00e9s a l\u00e9lek j\u00f3ll\u00e9t\u00e9t, harm\u00f3ni\u00e1j\u00e1t biztos\u00edt\u00f3 testmozg\u00e1sr\u00f3l.<\/li>\n<li>odafigyel a munkaterhel\u00e9s \u00e9s a pihen\u00e9s ritmikus szab\u00e1lyoz\u00e1s\u00e1ra, valamint 23 \u00e9s 6 \u00f3ra k\u00f6z\u00f6tt alszik, gondoskodva az optim\u00e1lis alv\u00e1si felt\u00e9telek megteremt\u00e9s\u00e9r\u0151l. Ennek igen fontos r\u00e9sze a j\u00f3 \u00e1gy, mely j\u00f3 min\u0151s\u00e9g\u0171 \u00e1gykeretet \u00e9s matracot egyar\u00e1nt jelent.<\/li>\n<li>gondoskodik a szellemi t\u00e1pl\u00e1l\u00e9kr\u00f3l \u00e9s agy\u00e1t is j\u00f3ltartja. Ha a lelki egyens\u00faly\u00e1nak a legcsek\u00e9lyebb megboml\u00e1s\u00e1t is \u00e9rzi, medit\u00e1ci\u00f3val, agyhull\u00e1mhangol\u00e1ssal vagy sz\u00fcks\u00e9g eset\u00e9n szakember ir\u00e1ny\u00edtotta agytr\u00e9ninggel helyrebillenti azt.<\/li>\n<li>igyekszik min\u00e9l kevesebb energi\u00e1t veszteni, akt\u00edv vagy passz\u00edv technik\u00e1k seg\u00edts\u00e9g\u00e9vel rendszeresen p\u00f3tolja elvesztett energi\u00e1it, megpr\u00f3b\u00e1l min\u00e9l t\u00f6bb id\u0151t term\u00e9szetes k\u00f6rnyezetben elt\u00f6lteni.<\/li>\n<li>energetikai szintj\u00e9t meg\u0151rizve pr\u00f3b\u00e1l a napi stresszek k\u00e1ros\u00edt\u00f3 hat\u00e1sai ellen v\u00e9dekezni. Komolyabb stresszhelyzetekben vagy azok ut\u00e1n az elenged\u00e9s, a megfelel\u0151 feldolgoz\u00e1s \u00e9rdek\u00e9ben esetleg kineziol\u00f3gus seg\u00edts\u00e9g\u00e9t veszi ig\u00e9nybe.<\/li>\n<li>eg\u00e9szs\u00e9g\u00fcgyi panaszok eset\u00e9n olyan szakember seg\u00edts\u00e9g\u00e9t k\u00e9ri, aki nem a t\u00fcnetek elmulaszt\u00e1s\u00e1t, hanem az okok keres\u00e9s\u00e9t \u00e9s megsz\u00fcntet\u00e9s\u00e9t t\u0171zi ki els\u0151dleges c\u00e9lul, \u00e9s aki nem \u00e9l a gy\u00f3gyszerek b\u0171v\u00f6let\u00e9ben.<\/li>\n<\/ol>\n<div class=\"printfriendly pf-button \"><a href=\"http:\/\/magnetovitalrendelo.hu\/rendelo\/gyogyitasi-filozofiank\/?pfstyle=wp\" rel=\"nofollow\"  title=\"Printer Friendly, PDF & Email\"><img src=\"http:\/\/magnetovitalrendelo.hu\/k\/pf-button-both.gif\" alt=\"Print Friendly, PDF & Email\" class=\"pf-button-img\" style=\"\"  \/><\/a><\/div>\n","protected":false},"excerpt":{"rendered":"<p>Eg\u00e9szs\u00e9gmeg\u0151rz\u00e9si \u00e9s gy\u00f3gy\u00edt\u00e1si koncepci\u00f3nk: Mi a betegs\u00e9g? Felfog\u00e1sunk szerint egy energia- vagy inform\u00e1ci\u00f3s zavarb\u00f3l levezethet\u0151 anyagcsere-el\u00e9gtelens\u00e9g, mely a sejtek, sz\u00f6vetek, szervek savasod\u00e1sa r\u00e9v\u00e9n azok pusztul\u00e1s\u00e1hoz vezet. Mik az eg\u00e9szs\u00e9g kulcsszavai? Kell\u0151 mennyis\u00e9g\u0171 \u00e9s min\u0151s\u00e9g\u0171 energia \u00e9s inform\u00e1ci\u00f3, szabad energia- \u00e9s inform\u00e1ci\u00f3-\u00e1raml\u00e1s \u00e9s kell\u0151 mennyis\u00e9g\u0171 \u00e9s min\u0151s\u00e9g\u0171 folyad\u00e9k Hogyan lehet az eg\u00e9szs\u00e9get hat\u00e1sosan meg\u0151rizni? Kell\u0151 mennyis\u00e9g\u0171 [&hellip;]<\/p>\n","protected":false},"author":1,"featured_media":0,"parent":0,"menu_order":0,"comment_status":"closed","ping_status":"closed","template":"","meta":{"_mi_skip_tracking":false},"_links":{"self":[{"href":"http:\/\/magnetovitalrendelo.hu\/rendelo\/wp-json\/wp\/v2\/pages\/120"}],"collection":[{"href":"http:\/\/magnetovitalrendelo.hu\/rendelo\/wp-json\/wp\/v2\/pages"}],"about":[{"href":"http:\/\/magnetovitalrendelo.hu\/rendelo\/wp-json\/wp\/v2\/types\/page"}],"author":[{"embeddable":true,"href":"http:\/\/magnetovitalrendelo.hu\/rendelo\/wp-json\/wp\/v2\/users\/1"}],"replies":[{"embeddable":true,"href":"http:\/\/magnetovitalrendelo.hu\/rendelo\/wp-json\/wp\/v2\/comments?post=120"}],"version-history":[{"count":1,"href":"http:\/\/magnetovitalrendelo.hu\/rendelo\/wp-json\/wp\/v2\/pages\/120\/revisions"}],"predecessor-version":[{"id":1364,"href":"http:\/\/magnetovitalrendelo.hu\/rendelo\/wp-json\/wp\/v2\/pages\/120\/revisions\/1364"}],"wp:attachment":[{"href":"http:\/\/magnetovitalrendelo.hu\/rendelo\/wp-json\/wp\/v2\/media?parent=120"}],"curies":[{"name":"wp","href":"https:\/\/api.w.org\/{rel}","templated":true}]}}