{"id":101,"date":"2013-02-19T18:03:23","date_gmt":"2013-02-19T17:03:23","guid":{"rendered":"http:\/\/magnetovitalrendelo.hu\/rendelo\/?page_id=101"},"modified":"2015-08-07T21:30:11","modified_gmt":"2015-08-07T19:30:11","slug":"eft","status":"publish","type":"page","link":"http:\/\/magnetovitalrendelo.hu\/rendelo\/arlista\/eft\/","title":{"rendered":"\u00c9FT"},"content":{"rendered":"<p><strong>\u00c9FT rendel\u0151ben:<\/strong> 10.000 Ft \/ 1.5 \u00f3ra<\/p>\n<p><strong>Skype-on<\/strong>: 10.000 Ft \/ 1.5 \u00f3ra<\/p>\n<p><strong>Helysz\u00edni kisz\u00e1ll\u00e1s:<\/strong><\/p>\n<ul>\n<li><strong>Budapesten:<\/strong> 13.000 Ft \/ 1.5 \u00f3ra<\/li>\n<li><strong>Vid\u00e9ken:<\/strong> 100 km-ig 20.000 Ft \/ 1.5 \u00f3ra + 70 Ft \/ km + aut\u00f3p\u00e1lyad\u00edj kisz\u00e1ll\u00e1si d\u00edj<\/li>\n<li>\u00a0\u00a0\u00a0\u00a0\u00a0\u00a0\u00a0\u00a0\u00a0\u00a0\u00a0\u00a0\u00a0\u00a0\u00a0\u00a0\u00a0\u00a0\u00a0\u00a0\u00a0 100 km-en t\u00fal 25.000 Ft \/ 1.5 \u00f3ra + 80 Ft \/ km + aut\u00f3p\u00e1lyad\u00edj kisz\u00e1ll\u00e1si d\u00edj<\/li>\n<\/ul>\n","protected":false},"excerpt":{"rendered":"<p>\u00c9FT rendel\u0151ben: 10.000 Ft \/ 1.5 \u00f3ra Skype-on: 10.000 Ft \/ 1.5 \u00f3ra Helysz\u00edni kisz\u00e1ll\u00e1s: Budapesten: 13.000 Ft \/ 1.5 \u00f3ra Vid\u00e9ken: 100 km-ig 20.000 Ft \/ 1.5 \u00f3ra + 70 Ft \/ km + aut\u00f3p\u00e1lyad\u00edj kisz\u00e1ll\u00e1si d\u00edj \u00a0\u00a0\u00a0\u00a0\u00a0\u00a0\u00a0\u00a0\u00a0\u00a0\u00a0\u00a0\u00a0\u00a0\u00a0\u00a0\u00a0\u00a0\u00a0\u00a0\u00a0 100 km-en t\u00fal 25.000 Ft \/ 1.5 \u00f3ra + 80 Ft \/ km + aut\u00f3p\u00e1lyad\u00edj kisz\u00e1ll\u00e1si [&hellip;]<\/p>\n","protected":false},"author":1,"featured_media":0,"parent":94,"menu_order":0,"comment_status":"closed","ping_status":"closed","template":"","meta":{"_mi_skip_tracking":false},"_links":{"self":[{"href":"http:\/\/magnetovitalrendelo.hu\/rendelo\/wp-json\/wp\/v2\/pages\/101"}],"collection":[{"href":"http:\/\/magnetovitalrendelo.hu\/rendelo\/wp-json\/wp\/v2\/pages"}],"about":[{"href":"http:\/\/magnetovitalrendelo.hu\/rendelo\/wp-json\/wp\/v2\/types\/page"}],"author":[{"embeddable":true,"href":"http:\/\/magnetovitalrendelo.hu\/rendelo\/wp-json\/wp\/v2\/users\/1"}],"replies":[{"embeddable":true,"href":"http:\/\/magnetovitalrendelo.hu\/rendelo\/wp-json\/wp\/v2\/comments?post=101"}],"version-history":[{"count":2,"href":"http:\/\/magnetovitalrendelo.hu\/rendelo\/wp-json\/wp\/v2\/pages\/101\/revisions"}],"predecessor-version":[{"id":1466,"href":"http:\/\/magnetovitalrendelo.hu\/rendelo\/wp-json\/wp\/v2\/pages\/101\/revisions\/1466"}],"up":[{"embeddable":true,"href":"http:\/\/magnetovitalrendelo.hu\/rendelo\/wp-json\/wp\/v2\/pages\/94"}],"wp:attachment":[{"href":"http:\/\/magnetovitalrendelo.hu\/rendelo\/wp-json\/wp\/v2\/media?parent=101"}],"curies":[{"name":"wp","href":"https:\/\/api.w.org\/{rel}","templated":true}]}}