{"id":10,"date":"2013-02-19T16:40:46","date_gmt":"2013-02-19T15:40:46","guid":{"rendered":"http:\/\/magnetovitalrendelo.hu\/rendelo\/?page_id=10"},"modified":"2016-05-19T18:03:11","modified_gmt":"2016-05-19T16:03:11","slug":"elerhetosegeink","status":"publish","type":"page","link":"http:\/\/magnetovitalrendelo.hu\/rendelo\/elerhetosegeink\/","title":{"rendered":"El\u00e9rhet\u0151s\u00e9geink"},"content":{"rendered":"<div class=\"printfriendly pf-button \"><a href=\"http:\/\/magnetovitalrendelo.hu\/rendelo\/elerhetosegeink\/?pfstyle=wp\" rel=\"nofollow\"  title=\"Printer Friendly, PDF & Email\"><img src=\"http:\/\/magnetovitalrendelo.hu\/k\/pf-button-both.gif\" alt=\"Print Friendly, PDF & Email\" class=\"pf-button-img\" style=\"\"  \/><\/a><\/div>\n<h3 style=\"text-align: left;\"><a href=\"http:\/\/magnetovitalrendelo.hu\/ladoseva\"><img loading=\"lazy\" class=\"alignright wp-image-40\" src=\"http:\/\/magnetovitalrendelo.hu\/rendelo\/wp-content\/uploads\/sites\/4\/2013\/02\/lados_eva2.jpg\" alt=\"lados_eva2\" width=\"250\" height=\"227\" srcset=\"http:\/\/magnetovitalrendelo.hu\/rendelo\/wp-content\/uploads\/sites\/4\/2013\/02\/lados_eva2.jpg 430w, http:\/\/magnetovitalrendelo.hu\/rendelo\/wp-content\/uploads\/sites\/4\/2013\/02\/lados_eva2-300x272.jpg 300w\" sizes=\"(max-width: 250px) 100vw, 250px\" \/><\/a><span style=\"color: #ff0000;\">Lados \u00c9va<\/span><\/h3>\n<p style=\"text-align: left;\"><span style=\"color: #993300;\"><strong>Telefon:<\/strong><\/span> +36-30-984-0189<\/p>\n<p style=\"text-align: left;\"><strong><span style=\"color: #993300;\">E-mail<\/span>:<\/strong> <a href=\"mailto:lados.eva@t-online.hu\">lados.eva@t-online.hu<\/a><\/p>\n<p style=\"text-align: left;\">(E-mail-ben tan\u00e1csad\u00e1sra nem tudok v\u00e1llalkozni, ez a c\u00edm kiz\u00e1r\u00f3lag szolg\u00e1ltat\u00e1s megrendel\u00e9s\u00e9re szolg\u00e1l, illetve ha a rendel\u0151 m\u0171k\u00f6d\u00e9s\u00e9vel kapcsolatos \u00e9szrev\u00e9telt szeretne k\u00f6z\u00f6lni.)<\/p>\n<p style=\"text-align: left;\"><strong>Konzult\u00e1ci\u00f3s id\u0151:<\/strong><\/p>\n<p style=\"text-align: left;\">Szerda \u00e9s p\u00e9ntek kiv\u00e9tel\u00e9vel egy\u00e9ni megbesz\u00e9l\u00e9s szerint.<\/p>\n<hr \/>\n<h3 style=\"text-align: left;\"><a href=\"http:\/\/magnetovitalrendelo.hu\/drhamvasferenc\"><img loading=\"lazy\" class=\"alignright wp-image-39\" src=\"http:\/\/magnetovitalrendelo.hu\/rendelo\/wp-content\/uploads\/sites\/4\/2013\/02\/dr_hamvas_ferenc2.jpg\" alt=\"dr_hamvas_ferenc2\" width=\"250\" height=\"227\" srcset=\"http:\/\/magnetovitalrendelo.hu\/rendelo\/wp-content\/uploads\/sites\/4\/2013\/02\/dr_hamvas_ferenc2.jpg 430w, http:\/\/magnetovitalrendelo.hu\/rendelo\/wp-content\/uploads\/sites\/4\/2013\/02\/dr_hamvas_ferenc2-300x272.jpg 300w\" sizes=\"(max-width: 250px) 100vw, 250px\" \/><\/a><span style=\"color: #ff0000;\">Dr. Hamvas Ferenc<\/span><\/h3>\n<p style=\"text-align: left;\"><span style=\"color: #993300;\"><strong>Telefon:<\/strong><\/span> +36-20-9442-485<\/p>\n<p style=\"text-align: left;\"><span style=\"color: #993300;\"><strong>E-mail:<\/strong><\/span> <a href=\"mailto:hamvas@t-online.hu\">hamvas@t-online.hu<\/a><\/p>\n<p style=\"text-align: left;\">(E-mail-ben tan\u00e1csad\u00e1sra nem tudok v\u00e1llalkozni, ez a c\u00edm kiz\u00e1r\u00f3lag szolg\u00e1ltat\u00e1s megrendel\u00e9s\u00e9re szolg\u00e1l, illetve ha a rendel\u0151 m\u0171k\u00f6d\u00e9s\u00e9vel kapcsolatos \u00e9szrev\u00e9telt szeretne k\u00f6z\u00f6lni.)<\/p>\n<p style=\"text-align: left;\"><span style=\"color: #0000ff;\"><strong>Rendel\u00e9si id\u0151<\/strong><\/span><\/p>\n<p style=\"text-align: left;\"><strong>Szerda:<\/strong> 10.00-21.00<\/p>\n<p style=\"text-align: left;\"><strong>P\u00e9ntek:<\/strong> 10.00-16.00<\/p>\n<p><span style=\"color: #ff0000;\">Beteget csak el\u0151zetes bejelentkez\u00e9s alapj\u00e1n fogadok, indokolt vagy s\u00fcrg\u0151ss\u00e9gi esetben rendel\u00e9si id\u0151n k\u00edv\u00fcl is, az <a href=\"http:\/\/magnetovitalrendelo.hu\/rendelo\/arlista\/rendeloi\/\"><span style=\"color: #ff0000;\">\u00e1rlist\u00e1ban felt\u00fcntetett fel\u00e1rral<\/span><\/a>.<\/span><\/p>\n<p style=\"text-align: center;\"><a class=\"scss3b-button scss3b-button-googleplus\" href=\"http:\/\/magnetovitalrendelo.hu\/rendelo\/szakmai-kerdes\/\">Van szem\u00e9lyes k\u00e9rd\u00e9se? Itt f\u00f6lteheti! <\/a><\/p>\n<h3 style=\"text-align: left;\"><span style=\"color: #0000ff;\">A rendel\u0151 c\u00edme:<\/span><\/h3>\n<p style=\"text-align: left;\"><strong>1113 Budapest Bart\u00f3k B\u00e9la \u00fat 152\/c.<\/strong> (a Griff-Junior-sz\u00e1ll\u00f3 mellett lev\u0151 irodah\u00e1z, a villamosrem\u00edzekkel szemk\u00f6zti oldalon), <strong>II. emelet 210-211. szoba<\/strong><\/p>\n\n\t\t<style type=\"text\/css\">\n\t\t\t#gallery-1 {\n\t\t\t\tmargin: auto;\n\t\t\t}\n\t\t\t#gallery-1 .gallery-item {\n\t\t\t\tfloat: left;\n\t\t\t\tmargin-top: 10px;\n\t\t\t\ttext-align: center;\n\t\t\t\twidth: 25%;\n\t\t\t}\n\t\t\t#gallery-1 img {\n\t\t\t\tborder: 2px solid #cfcfcf;\n\t\t\t}\n\t\t\t#gallery-1 .gallery-caption {\n\t\t\t\tmargin-left: 0;\n\t\t\t}\n\t\t\t\/* see gallery_shortcode() in wp-includes\/media.php *\/\n\t\t<\/style>\n\t\t<div id='gallery-1' class='gallery galleryid-10 gallery-columns-4 gallery-size-thumbnail'><dl class='gallery-item'>\n\t\t\t<dt class='gallery-icon landscape'>\n\t\t\t\t<a href='http:\/\/magnetovitalrendelo.hu\/rendelo\/wp-content\/uploads\/sites\/4\/2013\/02\/varo-2.jpg'><img width=\"150\" height=\"150\" src=\"http:\/\/magnetovitalrendelo.hu\/rendelo\/wp-content\/uploads\/sites\/4\/2013\/02\/varo-2-150x150.jpg\" class=\"attachment-thumbnail size-thumbnail\" alt=\"\" loading=\"lazy\" \/><\/a>\n\t\t\t<\/dt><\/dl><dl class='gallery-item'>\n\t\t\t<dt class='gallery-icon landscape'>\n\t\t\t\t<a href='http:\/\/magnetovitalrendelo.hu\/rendelo\/wp-content\/uploads\/sites\/4\/2013\/02\/varo-1.jpg'><img width=\"150\" height=\"150\" src=\"http:\/\/magnetovitalrendelo.hu\/rendelo\/wp-content\/uploads\/sites\/4\/2013\/02\/varo-1-150x150.jpg\" class=\"attachment-thumbnail size-thumbnail\" alt=\"\" loading=\"lazy\" \/><\/a>\n\t\t\t<\/dt><\/dl><dl class='gallery-item'>\n\t\t\t<dt class='gallery-icon landscape'>\n\t\t\t\t<a href='http:\/\/magnetovitalrendelo.hu\/rendelo\/wp-content\/uploads\/sites\/4\/2013\/02\/lados_eve_rendelo-1.jpg'><img width=\"150\" height=\"150\" src=\"http:\/\/magnetovitalrendelo.hu\/rendelo\/wp-content\/uploads\/sites\/4\/2013\/02\/lados_eve_rendelo-1-150x150.jpg\" class=\"attachment-thumbnail size-thumbnail\" alt=\"\" loading=\"lazy\" \/><\/a>\n\t\t\t<\/dt><\/dl><dl class='gallery-item'>\n\t\t\t<dt class='gallery-icon landscape'>\n\t\t\t\t<a href='http:\/\/magnetovitalrendelo.hu\/rendelo\/wp-content\/uploads\/sites\/4\/2013\/02\/lados_eve_rendelo-2.jpg'><img width=\"150\" height=\"150\" src=\"http:\/\/magnetovitalrendelo.hu\/rendelo\/wp-content\/uploads\/sites\/4\/2013\/02\/lados_eve_rendelo-2-150x150.jpg\" class=\"attachment-thumbnail size-thumbnail\" alt=\"\" loading=\"lazy\" \/><\/a>\n\t\t\t<\/dt><\/dl><br style=\"clear: both\" \/><dl class='gallery-item'>\n\t\t\t<dt class='gallery-icon landscape'>\n\t\t\t\t<a href='http:\/\/magnetovitalrendelo.hu\/rendelo\/wp-content\/uploads\/sites\/4\/2013\/02\/dr_hamvas_ferenc_rendelo-1.jpg'><img width=\"150\" height=\"150\" src=\"http:\/\/magnetovitalrendelo.hu\/rendelo\/wp-content\/uploads\/sites\/4\/2013\/02\/dr_hamvas_ferenc_rendelo-1-150x150.jpg\" class=\"attachment-thumbnail size-thumbnail\" alt=\"\" loading=\"lazy\" \/><\/a>\n\t\t\t<\/dt><\/dl><dl class='gallery-item'>\n\t\t\t<dt class='gallery-icon landscape'>\n\t\t\t\t<a href='http:\/\/magnetovitalrendelo.hu\/rendelo\/wp-content\/uploads\/sites\/4\/2013\/02\/dr_hamvas_ferenc_rendelo-2.jpg'><img width=\"150\" height=\"150\" src=\"http:\/\/magnetovitalrendelo.hu\/rendelo\/wp-content\/uploads\/sites\/4\/2013\/02\/dr_hamvas_ferenc_rendelo-2-150x150.jpg\" class=\"attachment-thumbnail size-thumbnail\" alt=\"\" loading=\"lazy\" \/><\/a>\n\t\t\t<\/dt><\/dl><dl class='gallery-item'>\n\t\t\t<dt class='gallery-icon landscape'>\n\t\t\t\t<a href='http:\/\/magnetovitalrendelo.hu\/rendelo\/wp-content\/uploads\/sites\/4\/2013\/02\/dr_hamvas_ferenc_rendelo-3.jpg'><img width=\"150\" height=\"150\" src=\"http:\/\/magnetovitalrendelo.hu\/rendelo\/wp-content\/uploads\/sites\/4\/2013\/02\/dr_hamvas_ferenc_rendelo-3-150x150.jpg\" class=\"attachment-thumbnail size-thumbnail\" alt=\"\" loading=\"lazy\" \/><\/a>\n\t\t\t<\/dt><\/dl><dl class='gallery-item'>\n\t\t\t<dt class='gallery-icon landscape'>\n\t\t\t\t<a href='http:\/\/magnetovitalrendelo.hu\/rendelo\/wp-content\/uploads\/sites\/4\/2013\/02\/dr_hamvas_ferenc_rendelo-4.jpg'><img width=\"150\" height=\"150\" src=\"http:\/\/magnetovitalrendelo.hu\/rendelo\/wp-content\/uploads\/sites\/4\/2013\/02\/dr_hamvas_ferenc_rendelo-4-150x150.jpg\" class=\"attachment-thumbnail size-thumbnail\" alt=\"\" loading=\"lazy\" \/><\/a>\n\t\t\t<\/dt><\/dl><br style=\"clear: both\" \/>\n\t\t<\/div>\n\n<p>&nbsp;<\/p>\n<div class=\"printfriendly pf-button \"><a href=\"http:\/\/magnetovitalrendelo.hu\/rendelo\/elerhetosegeink\/?pfstyle=wp\" rel=\"nofollow\"  title=\"Printer Friendly, PDF & Email\"><img src=\"http:\/\/magnetovitalrendelo.hu\/k\/pf-button-both.gif\" alt=\"Print Friendly, PDF & Email\" class=\"pf-button-img\" style=\"\"  \/><\/a><\/div>\n","protected":false},"excerpt":{"rendered":"<p>Lados \u00c9va Telefon: +36-30-984-0189 E-mail: lados.eva@t-online.hu (E-mail-ben tan\u00e1csad\u00e1sra nem tudok v\u00e1llalkozni, ez a c\u00edm kiz\u00e1r\u00f3lag szolg\u00e1ltat\u00e1s megrendel\u00e9s\u00e9re szolg\u00e1l, illetve ha a rendel\u0151 m\u0171k\u00f6d\u00e9s\u00e9vel kapcsolatos \u00e9szrev\u00e9telt szeretne k\u00f6z\u00f6lni.) Konzult\u00e1ci\u00f3s id\u0151: Szerda \u00e9s p\u00e9ntek kiv\u00e9tel\u00e9vel egy\u00e9ni megbesz\u00e9l\u00e9s szerint. Dr. Hamvas Ferenc Telefon: +36-20-9442-485 E-mail: hamvas@t-online.hu (E-mail-ben tan\u00e1csad\u00e1sra nem tudok v\u00e1llalkozni, ez a c\u00edm kiz\u00e1r\u00f3lag szolg\u00e1ltat\u00e1s megrendel\u00e9s\u00e9re szolg\u00e1l, [&hellip;]<\/p>\n","protected":false},"author":1,"featured_media":0,"parent":0,"menu_order":0,"comment_status":"closed","ping_status":"closed","template":"templates\/template-full.php","meta":{"_mi_skip_tracking":false},"_links":{"self":[{"href":"http:\/\/magnetovitalrendelo.hu\/rendelo\/wp-json\/wp\/v2\/pages\/10"}],"collection":[{"href":"http:\/\/magnetovitalrendelo.hu\/rendelo\/wp-json\/wp\/v2\/pages"}],"about":[{"href":"http:\/\/magnetovitalrendelo.hu\/rendelo\/wp-json\/wp\/v2\/types\/page"}],"author":[{"embeddable":true,"href":"http:\/\/magnetovitalrendelo.hu\/rendelo\/wp-json\/wp\/v2\/users\/1"}],"replies":[{"embeddable":true,"href":"http:\/\/magnetovitalrendelo.hu\/rendelo\/wp-json\/wp\/v2\/comments?post=10"}],"version-history":[{"count":5,"href":"http:\/\/magnetovitalrendelo.hu\/rendelo\/wp-json\/wp\/v2\/pages\/10\/revisions"}],"predecessor-version":[{"id":1510,"href":"http:\/\/magnetovitalrendelo.hu\/rendelo\/wp-json\/wp\/v2\/pages\/10\/revisions\/1510"}],"wp:attachment":[{"href":"http:\/\/magnetovitalrendelo.hu\/rendelo\/wp-json\/wp\/v2\/media?parent=10"}],"curies":[{"name":"wp","href":"https:\/\/api.w.org\/{rel}","templated":true}]}}